{"id":2040,"date":"2020-11-17T16:46:19","date_gmt":"2020-11-17T15:46:19","guid":{"rendered":"https:\/\/hipguard.eu\/mentions-legales-ceinture-airbag-hip-guard\/"},"modified":"2023-11-23T12:12:33","modified_gmt":"2023-11-23T11:12:33","slug":"note-legali-airbag-hip-guard","status":"publish","type":"page","link":"https:\/\/hipguard.eu\/it\/note-legali-airbag-hip-guard\/","title":{"rendered":"Note legali"},"content":{"rendered":"<p>[et_pb_section fb_built=&#8221;1&#8243; _builder_version=&#8221;3.22&#8243;][et_pb_row _builder_version=&#8221;3.25&#8243; background_size=&#8221;initial&#8221; background_position=&#8221;top_left&#8221; background_repeat=&#8221;repeat&#8221;][et_pb_column type=&#8221;4_4&#8243; _builder_version=&#8221;3.25&#8243; custom_padding=&#8221;|||&#8221; custom_padding__hover=&#8221;|||&#8221;][et_pb_text _builder_version=&#8221;4.7.4&#8243; header_2_text_color=&#8221;#000000&#8243; header_2_font_size=&#8221;21px&#8221; header_3_text_color=&#8221;#87cdda&#8221; background_size=&#8221;initial&#8221; background_position=&#8221;top_left&#8221; background_repeat=&#8221;repeat&#8221;]<\/p>\n<p style=\"text-align: center;\">\n<h2 style=\"text-align: center;\"><a href=\"https:\/\/hipguard.eu\/\">Hip&#8217;Guard<\/a> \u00e8 una tecnologia airbag sviluppata dalla societ\u00e0 HELITE<\/h2>\n<h2 style=\"text-align: center;\"><\/h2>\n<h3 style=\"text-align: center;\">Helite SARL<\/h3>\n<p style=\"text-align: center;\">SARL with a capital of 1 100 000\u20ac<br \/>RCS B 883 586 869 Dijon<br \/> Code APE 4649Z<br \/> Siren code: 883 586 869<br \/> VAT identification number: FR06883586869<br \/> Head office: 1 rue de la petite fin \u2013 21121 Fontaine les Dijon \u2013 France<br \/> Publishing director: Thevenot G\u00e9rard<br \/> President: Thevenot G\u00e9rard<\/p>\n<h3 style=\"text-align: center;\"><\/h3>\n<h3 style=\"text-align: center;\"><strong>Host of the website <\/strong>hipguard.eu<\/h3>\n<p style=\"text-align: center;\">OVH SAS<br \/>RCS Lille M\u00e9tropole 424 761 419 00045<br \/>Headquarters: 2 rue Kellermann \u2013 59100 Roubaix \u2013 France<\/p>\n<p style=\"text-align: center;\">\n<p style=\"text-align: center;\"><strong>For any information, please contact us:<\/strong><\/p>\n<p style=\"text-align: center;\">\n<p>[\/et_pb_text][et_pb_button button_url=&#8221;https:\/\/hipguard.eu\/it\/contattaci-hip-guard\/&#8221; button_text=&#8221;contatto&#8221; button_alignment=&#8221;center&#8221; _builder_version=&#8221;4.7.4&#8243; _module_preset=&#8221;default&#8221; custom_button=&#8221;on&#8221; button_text_color=&#8221;#272250&#8243;][\/et_pb_button][\/et_pb_column][\/et_pb_row][\/et_pb_section]<\/p>\n","protected":false},"excerpt":{"rendered":"<p>[et_pb_section fb_built=&#8221;1&#8243; _builder_version=&#8221;3.22&#8243;][et_pb_row _builder_version=&#8221;3.25&#8243; background_size=&#8221;initial&#8221; background_position=&#8221;top_left&#8221; background_repeat=&#8221;repeat&#8221;][et_pb_column type=&#8221;4_4&#8243; _builder_version=&#8221;3.25&#8243; custom_padding=&#8221;|||&#8221; custom_padding__hover=&#8221;|||&#8221;][et_pb_text _builder_version=&#8221;4.7.4&#8243; header_2_text_color=&#8221;#000000&#8243; header_2_font_size=&#8221;21px&#8221; header_3_text_color=&#8221;#87cdda&#8221; background_size=&#8221;initial&#8221; background_position=&#8221;top_left&#8221; background_repeat=&#8221;repeat&#8221;] Hip&#8217;Guard \u00e8 una tecnologia airbag sviluppata dalla societ\u00e0 HELITE Helite SARL SARL with a capital of 1 100 000\u20acRCS B 883 586 869 Dijon Code APE 4649Z Siren code: 883 586 869 VAT identification number: FR06883586869 Head [&hellip;]<\/p>\n","protected":false},"author":1,"featured_media":0,"parent":0,"menu_order":0,"comment_status":"closed","ping_status":"closed","template":"","meta":{"_et_pb_use_builder":"on","_et_pb_old_content":"<div id=\"content\"><div class=\"ligne-complete\"><div class=\"contenu-ligne\"><div class=\"full\"><div class=\"row\"><div class=\"col-s-center col-s-12 col-l-8 marginTop40 marginBottom80\"><h1>Hip'Guard est une technologie d\u00e9velopp\u00e9e par la soci\u00e9t\u00e9 HELITE<\/h1><h1>Helite SARL<\/h1><div class=\"marginTop20\">SARL au capital de 50 000\u20ac<br \/>RCS de Dijon<br \/>Code APE 4649Z<\/div><div class=\"marginTop20\">Siret :\u00a044173514900029<br \/>N\u00b0 TVA : FR 92 44 17 35 149<br \/>Si\u00e8ge social : 1 rue de la petite fin \u2013 21121 Fontaine les Dijon \u2013 France<\/div><div class=\"marginTop20\"><div>Directeur de la publication : Thevenot G\u00e9rard<\/div><div>Pr\u00e9sident : Thevenot G\u00e9rard<\/div><\/div><\/div><\/div><div class=\"row\"><div class=\"col-l-1 col-l-center col-s-3 col-s-center separationBorder\">\u00a0<\/div><\/div><div class=\"row\"><div class=\"col-s-center col-s-12 col-l-8 marginTop80 marginBottom40\"><h3>Conditions d\u2019utilisation du site Internet hipguard.eu<\/h3><p>Le site et chacun des \u00e9l\u00e9ments, y compris mais sans limitation les marques, les logos, ic\u00f4nes, infographies, photographies, qui le composent sont prot\u00e9g\u00e9s au titre de la l\u00e9gislation internationale de la propri\u00e9t\u00e9 intellectuelle. Les contenus figurant sur le site sont la propri\u00e9t\u00e9 de la soci\u00e9t\u00e9 Helite ou d\u2019autres entreprises. Toute utilisation, reproduction ou repr\u00e9sentation, par quelque proc\u00e9d\u00e9 que ce soit, et sur quelque support que ce soit, de tout ou partie du site et\/ou des \u00e9l\u00e9ments qui le composent n\u2019est pas autoris\u00e9e sans le consentement expresse de Helite.<\/p><\/div><\/div><div class=\"row\"><div class=\"col-s-center col-s-12 col-l-8 marginTop40 marginBottom80\"><p>\u00a0<\/p><\/div><\/div><\/div><div id=\"data-perso\" class=\"full\"><div class=\"row\"><div class=\"col-s-center col-s-12 col-l-8 marginTop80 marginBottom80\"><h3>Donn\u00e9es personnelles<\/h3><p>D\u2019une fa\u00e7on g\u00e9n\u00e9rale, vous pouvez visiter notre site sur Internet sans avoir \u00e0 d\u00e9cliner votre identit\u00e9 et \u00e0 fournir des informations personnelles vous concernant. Cependant, nous pouvons parfois vous demander des informations. Par exemple, pour traiter une commande, \u00e9tablir une correspondance. Nous pouvons compl\u00e9ter ces informations pour conclure une transaction ou offrir un meilleur service.<\/p><\/div><\/div><\/div><\/div><\/div><\/div>","_et_gb_content_width":""},"yoast_head":"<!-- This site is optimized with the Yoast SEO Premium plugin v15.7 - https:\/\/yoast.com\/wordpress\/plugins\/seo\/ -->\n<title>Conditions d&#039;utilisation - Note legali - Hip Guard .<\/title>\n<meta name=\"description\" content=\"Vous pouvez dans cette rubrique retrouver les coordonn\u00e9es, les donn\u00e9es personnelles et les conditions d&#039;utilisation du site Hip Guard.\" \/>\n<meta name=\"robots\" content=\"index, follow, max-snippet:-1, max-image-preview:large, max-video-preview:-1\" \/>\n<link rel=\"canonical\" href=\"https:\/\/hipguard.eu\/it\/note-legali-airbag-hip-guard\/\" \/>\n<meta property=\"og:locale\" content=\"it_IT\" \/>\n<meta property=\"og:type\" content=\"article\" \/>\n<meta property=\"og:title\" content=\"Conditions d&#039;utilisation - Note legali - Hip Guard .\" \/>\n<meta property=\"og:description\" content=\"Vous pouvez dans cette rubrique retrouver les coordonn\u00e9es, les donn\u00e9es personnelles et les conditions d&#039;utilisation du site Hip Guard.\" \/>\n<meta property=\"og:url\" content=\"https:\/\/hipguard.eu\/it\/note-legali-airbag-hip-guard\/\" \/>\n<meta property=\"og:site_name\" content=\"Hip Guard\" \/>\n<meta property=\"article:modified_time\" content=\"2023-11-23T11:12:33+00:00\" \/>\n<meta name=\"twitter:card\" content=\"summary_large_image\" \/>\n<meta name=\"twitter:label1\" content=\"Tempo di lettura stimato\">\n\t<meta name=\"twitter:data1\" content=\"1 minuto\">\n<script type=\"application\/ld+json\" class=\"yoast-schema-graph\">{\"@context\":\"https:\/\/schema.org\",\"@graph\":[{\"@type\":\"Organization\",\"@id\":\"https:\/\/hipguard.eu\/#organization\",\"name\":\"HIP GUARD\",\"url\":\"https:\/\/hipguard.eu\/\",\"sameAs\":[],\"logo\":{\"@type\":\"ImageObject\",\"@id\":\"https:\/\/hipguard.eu\/#logo\",\"inLanguage\":\"it-IT\",\"url\":\"https:\/\/hipguard.eu\/wp-content\/uploads\/2021\/02\/maquette-site-hipguard_favicon.png\",\"width\":512,\"height\":512,\"caption\":\"HIP GUARD\"},\"image\":{\"@id\":\"https:\/\/hipguard.eu\/#logo\"}},{\"@type\":\"WebSite\",\"@id\":\"https:\/\/hipguard.eu\/#website\",\"url\":\"https:\/\/hipguard.eu\/\",\"name\":\"Hip Guard\",\"description\":\"Ceinture airbag pour les hanches\",\"publisher\":{\"@id\":\"https:\/\/hipguard.eu\/#organization\"},\"potentialAction\":[{\"@type\":\"SearchAction\",\"target\":\"https:\/\/hipguard.eu\/?s={search_term_string}\",\"query-input\":\"required name=search_term_string\"}],\"inLanguage\":\"it-IT\"},{\"@type\":\"WebPage\",\"@id\":\"https:\/\/hipguard.eu\/it\/note-legali-airbag-hip-guard\/#webpage\",\"url\":\"https:\/\/hipguard.eu\/it\/note-legali-airbag-hip-guard\/\",\"name\":\"Conditions d'utilisation - Note legali - Hip Guard .\",\"isPartOf\":{\"@id\":\"https:\/\/hipguard.eu\/#website\"},\"datePublished\":\"2020-11-17T15:46:19+00:00\",\"dateModified\":\"2023-11-23T11:12:33+00:00\",\"description\":\"Vous pouvez dans cette rubrique retrouver les coordonn\\u00e9es, les donn\\u00e9es personnelles et les conditions d'utilisation du site Hip Guard.\",\"inLanguage\":\"it-IT\",\"potentialAction\":[{\"@type\":\"ReadAction\",\"target\":[\"https:\/\/hipguard.eu\/it\/note-legali-airbag-hip-guard\/\"]}]}]}<\/script>\n<!-- \/ Yoast SEO Premium plugin. -->","_links":{"self":[{"href":"https:\/\/hipguard.eu\/it\/wp-json\/wp\/v2\/pages\/2040"}],"collection":[{"href":"https:\/\/hipguard.eu\/it\/wp-json\/wp\/v2\/pages"}],"about":[{"href":"https:\/\/hipguard.eu\/it\/wp-json\/wp\/v2\/types\/page"}],"author":[{"embeddable":true,"href":"https:\/\/hipguard.eu\/it\/wp-json\/wp\/v2\/users\/1"}],"replies":[{"embeddable":true,"href":"https:\/\/hipguard.eu\/it\/wp-json\/wp\/v2\/comments?post=2040"}],"version-history":[{"count":6,"href":"https:\/\/hipguard.eu\/it\/wp-json\/wp\/v2\/pages\/2040\/revisions"}],"predecessor-version":[{"id":2603,"href":"https:\/\/hipguard.eu\/it\/wp-json\/wp\/v2\/pages\/2040\/revisions\/2603"}],"wp:attachment":[{"href":"https:\/\/hipguard.eu\/it\/wp-json\/wp\/v2\/media?parent=2040"}],"curies":[{"name":"wp","href":"https:\/\/api.w.org\/{rel}","templated":true}]}}