{"id":2017,"date":"2021-01-21T11:04:19","date_gmt":"2021-01-21T10:04:19","guid":{"rendered":"https:\/\/hipguard.eu\/a-propos-de-notre-expertise-en-protection-airbag\/"},"modified":"2021-04-09T10:07:04","modified_gmt":"2021-04-09T08:07:04","slug":"chi-siamo-esperton-protezione-airbag","status":"publish","type":"page","link":"https:\/\/hipguard.eu\/it\/chi-siamo-esperton-protezione-airbag\/","title":{"rendered":"Chi siamo"},"content":{"rendered":"<p>[et_pb_section fb_built=&#8221;1&#8243; fullwidth=&#8221;on&#8221; _builder_version=&#8221;4.7.4&#8243; _module_preset=&#8221;default&#8221; background_color=&#8221;rgba(212,252,245,0.51)&#8221; background_image=&#8221;https:\/\/hipguard.eu\/wp-content\/uploads\/2021\/01\/Banniere-titre-1440&#215;430-technologie.jpg&#8221; background_blend=&#8221;color-dodge&#8221; min_height=&#8221;391px&#8221; bottom_divider_style=&#8221;asymmetric2&#8243; bottom_divider_color=&#8221;#ffffff&#8221;][et_pb_fullwidth_header title=&#8221;CHI SIAMO&#8221; subhead=&#8221;Un dispositivo sviluppato dal leader dei dispositivi di protezione airbag individuali&#8221; _builder_version=&#8221;4.7.4&#8243; _module_preset=&#8221;default&#8221; title_level=&#8221;h2&#8243; title_font_size=&#8221;60px&#8221; title_line_height=&#8221;1.4em&#8221; subhead_font=&#8221;|||on|||||&#8221; subhead_text_color=&#8221;#272250&#8243; subhead_font_size=&#8221;24px&#8221; background_color=&#8221;rgba(0,0,0,0)&#8221; background_enable_image=&#8221;off&#8221; title_font_size_tablet=&#8221;&#8221; title_font_size_phone=&#8221;37px&#8221; title_font_size_last_edited=&#8221;on|tablet&#8221;][\/et_pb_fullwidth_header][\/et_pb_section][et_pb_section fb_built=&#8221;1&#8243; _builder_version=&#8221;4.7.4&#8243; _module_preset=&#8221;default&#8221;][et_pb_row _builder_version=&#8221;4.7.4&#8243; _module_preset=&#8221;default&#8221;][et_pb_column type=&#8221;4_4&#8243; _builder_version=&#8221;4.7.4&#8243; _module_preset=&#8221;default&#8221;][et_pb_image src=&#8221;https:\/\/hipguard.eu\/wp-content\/uploads\/2021\/01\/HELITE-LOGO-COULEUR-RVB.png&#8221; title_text=&#8221;HELITE LOGO COULEUR RVB&#8221; align=&#8221;center&#8221; _builder_version=&#8221;4.7.4&#8243; _module_preset=&#8221;default&#8221; width=&#8221;19%&#8221; width_tablet=&#8221;37%&#8221; width_phone=&#8221;60%&#8221; width_last_edited=&#8221;on|tablet&#8221; min_height_tablet=&#8221;&#8221; min_height_phone=&#8221;&#8221; min_height_last_edited=&#8221;on|phone&#8221;][\/et_pb_image][et_pb_text _builder_version=&#8221;4.7.4&#8243; _module_preset=&#8221;default&#8221;]<\/p>\n<p style=\"text-align: center;\">Helite \u00e8 un\u2019azienda francese, leader del mercato dei dispositivi di protezione airbag individuali (DPI) dal 2002.<br \/>\n\u00c8 un marchio rinomato a livello mondiale che opera nel campo delle attivit\u00e0 a rischio (moto, bicicletta ed equitazione).\n<\/p>\n<p style=\"text-align: center;\">Migliaia di clienti al sicuro e protetti da cadute o incidenti da oltre 20 anni.<\/p>\n<p>[\/et_pb_text][\/et_pb_column][\/et_pb_row][et_pb_row column_structure=&#8221;3_5,2_5&#8243; make_equal=&#8221;on&#8221; module_class=&#8221;custom_row&#8221; _builder_version=&#8221;4.7.4&#8243; _module_preset=&#8221;default&#8221; background_color=&#8221;rgba(0,0,0,0)&#8221;][et_pb_column type=&#8221;3_5&#8243; module_class=&#8221;second-on-mobile&#8221; _builder_version=&#8221;4.7.4&#8243; _module_preset=&#8221;default&#8221; custom_css_main_element=&#8221;margin:auto;&#8221;][et_pb_text _builder_version=&#8221;4.7.4&#8243; _module_preset=&#8221;default&#8221;]<\/p>\n<h2>UN KNOW-HOW UNICO<\/h2>\n<p>I nostri esperti mettono il loro sapere al servizio esclusivo dello sviluppo di dispositivi di protezione individuale con airbag, nell&#8217;intento di progettare prodotti di alta qualit\u00e0 dedicati al benessere delle persone.[\/et_pb_text][et_pb_button button_url=&#8221;https:\/\/www.helite.com\/&#8221; url_new_window=&#8221;on&#8221; button_text=&#8221;Per saperne di pi\u00f9&#8221; button_alignment=&#8221;left&#8221; _builder_version=&#8221;4.7.4&#8243; _module_preset=&#8221;default&#8221;][\/et_pb_button][\/et_pb_column][et_pb_column type=&#8221;2_5&#8243; module_class=&#8221;first-on-mobile&#8221; _builder_version=&#8221;4.7.4&#8243; _module_preset=&#8221;default&#8221;][et_pb_image src=&#8221;https:\/\/hipguard.eu\/wp-content\/uploads\/2021\/02\/maquette-site-hipguard-34.png&#8221; title_text=&#8221;maquette site hipguard-34&#8243; _builder_version=&#8221;4.7.4&#8243; _module_preset=&#8221;default&#8221;][\/et_pb_image][\/et_pb_column][\/et_pb_row][et_pb_row column_structure=&#8221;2_5,3_5&#8243; make_equal=&#8221;on&#8221; _builder_version=&#8221;4.7.4&#8243; _module_preset=&#8221;default&#8221; background_color=&#8221;rgba(0,0,0,0)&#8221;][et_pb_column type=&#8221;2_5&#8243; _builder_version=&#8221;4.7.4&#8243; _module_preset=&#8221;default&#8221;][et_pb_image src=&#8221;https:\/\/hipguard.eu\/wp-content\/uploads\/2021\/02\/maquette-site-hipguard-35.png&#8221; title_text=&#8221;maquette site hipguard-35&#8243; _builder_version=&#8221;4.7.4&#8243; _module_preset=&#8221;default&#8221;][\/et_pb_image][\/et_pb_column][et_pb_column type=&#8221;3_5&#8243; _builder_version=&#8221;4.7.4&#8243; _module_preset=&#8221;default&#8221; custom_css_main_element=&#8221;margin:auto;&#8221;][et_pb_text _builder_version=&#8221;4.7.4&#8243; _module_preset=&#8221;default&#8221;]<\/p>\n<h2 style=\"text-align: left;\">L\u2019INNOVAZIONE AL SERVIZIO DEI DISPOSITIVI DI PROTEZIONE CON AIRBAG<\/h2>\n<p style=\"text-align: left;\">Per lottare contro le fratture del collo del femore e per la sicurezza dei nostri anziani. Helite \u00e8 alla ricerca costante di soluzioni innovanti nel suo processo di sviluppo di dispositivi di protezione basati sulla certificazione: garanzia di qualit\u00e0!<\/p>\n<p>[\/et_pb_text][et_pb_button button_url=&#8221;@ET-DC@eyJkeW5hbWljIjp0cnVlLCJjb250ZW50IjoicG9zdF9saW5rX3VybF9wYWdlIiwic2V0dGluZ3MiOnsicG9zdF9pZCI6IjQ0NCJ9fQ==@&#8221; url_new_window=&#8221;on&#8221; button_text=&#8221;Per saperne di pi\u00f9&#8221; button_alignment=&#8221;left&#8221; _builder_version=&#8221;4.7.4&#8243; _dynamic_attributes=&#8221;button_url&#8221; _module_preset=&#8221;default&#8221;][\/et_pb_button][\/et_pb_column][\/et_pb_row][et_pb_row column_structure=&#8221;3_5,2_5&#8243; make_equal=&#8221;on&#8221; module_class=&#8221;custom_row&#8221; _builder_version=&#8221;4.7.4&#8243; _module_preset=&#8221;default&#8221; background_color=&#8221;rgba(0,0,0,0)&#8221;][et_pb_column type=&#8221;3_5&#8243; module_class=&#8221;second-on-mobile&#8221; _builder_version=&#8221;4.7.4&#8243; _module_preset=&#8221;default&#8221; custom_css_main_element=&#8221; margin:auto;&#8221;][et_pb_text _builder_version=&#8221;4.7.4&#8243; _module_preset=&#8221;default&#8221; custom_margin=&#8221;||||false|false&#8221; custom_margin_last_edited=&#8221;off|desktop&#8221;]<\/p>\n<h2>UNA PERIZIA COMPLETA<br \/>\n<\/h2>\n<p style=\"text-align: left;\">Tecnologia, comodit\u00e0 e sicurezza: il connubio perfetto per una protezione ottimale del collo del femore! Grazie al suo team di esperti, HELITE ha acquisito una perizia unica nel suo genere!<\/p>\n<p>[\/et_pb_text][et_pb_button button_url=&#8221;@ET-DC@eyJkeW5hbWljIjp0cnVlLCJjb250ZW50IjoicG9zdF9saW5rX3VybF9wYWdlIiwic2V0dGluZ3MiOnsicG9zdF9pZCI6IjY0In19@&#8221; url_new_window=&#8221;on&#8221; button_text=&#8221;Per saperne di pi\u00f9&#8221; button_alignment=&#8221;left&#8221; _builder_version=&#8221;4.7.4&#8243; _dynamic_attributes=&#8221;button_url&#8221; _module_preset=&#8221;default&#8221;][\/et_pb_button][\/et_pb_column][et_pb_column type=&#8221;2_5&#8243; module_class=&#8221;first-on-mobile&#8221; _builder_version=&#8221;4.7.4&#8243; _module_preset=&#8221;default&#8221;][et_pb_image src=&#8221;https:\/\/hipguard.eu\/wp-content\/uploads\/2021\/02\/maquette-site-hipguard-36-1.png&#8221; title_text=&#8221;maquette site hipguard-36&#8243; _builder_version=&#8221;4.7.4&#8243; _module_preset=&#8221;default&#8221;][\/et_pb_image][\/et_pb_column][\/et_pb_row][\/et_pb_section]<\/p>\n","protected":false},"excerpt":{"rendered":"<p>[et_pb_section fb_built=&#8221;1&#8243; fullwidth=&#8221;on&#8221; _builder_version=&#8221;4.7.4&#8243; _module_preset=&#8221;default&#8221; background_color=&#8221;rgba(212,252,245,0.51)&#8221; background_image=&#8221;https:\/\/hipguard.eu\/wp-content\/uploads\/2021\/01\/Banniere-titre-1440&#215;430-technologie.jpg&#8221; background_blend=&#8221;color-dodge&#8221; min_height=&#8221;391px&#8221; bottom_divider_style=&#8221;asymmetric2&#8243; bottom_divider_color=&#8221;#ffffff&#8221;][et_pb_fullwidth_header title=&#8221;CHI SIAMO&#8221; subhead=&#8221;Un dispositivo sviluppato dal leader dei dispositivi di protezione airbag individuali&#8221; _builder_version=&#8221;4.7.4&#8243; _module_preset=&#8221;default&#8221; title_level=&#8221;h2&#8243; title_font_size=&#8221;60px&#8221; title_line_height=&#8221;1.4em&#8221; subhead_font=&#8221;|||on|||||&#8221; subhead_text_color=&#8221;#272250&#8243; subhead_font_size=&#8221;24px&#8221; background_color=&#8221;rgba(0,0,0,0)&#8221; background_enable_image=&#8221;off&#8221; title_font_size_tablet=&#8221;&#8221; title_font_size_phone=&#8221;37px&#8221; title_font_size_last_edited=&#8221;on|tablet&#8221;][\/et_pb_fullwidth_header][\/et_pb_section][et_pb_section fb_built=&#8221;1&#8243; _builder_version=&#8221;4.7.4&#8243; _module_preset=&#8221;default&#8221;][et_pb_row _builder_version=&#8221;4.7.4&#8243; _module_preset=&#8221;default&#8221;][et_pb_column type=&#8221;4_4&#8243; _builder_version=&#8221;4.7.4&#8243; _module_preset=&#8221;default&#8221;][et_pb_image src=&#8221;https:\/\/hipguard.eu\/wp-content\/uploads\/2021\/01\/HELITE-LOGO-COULEUR-RVB.png&#8221; title_text=&#8221;HELITE LOGO COULEUR RVB&#8221; align=&#8221;center&#8221; _builder_version=&#8221;4.7.4&#8243; _module_preset=&#8221;default&#8221; width=&#8221;19%&#8221; width_tablet=&#8221;37%&#8221; [&hellip;]<\/p>\n","protected":false},"author":1,"featured_media":0,"parent":0,"menu_order":0,"comment_status":"closed","ping_status":"closed","template":"","meta":{"_et_pb_use_builder":"on","_et_pb_old_content":"","_et_gb_content_width":""},"yoast_head":"<!-- This site is optimized with the Yoast SEO Premium plugin v15.7 - https:\/\/yoast.com\/wordpress\/plugins\/seo\/ -->\n<title>Protection airbag Hip Guard : A propos de notre expertise<\/title>\n<meta name=\"description\" content=\"Leader dans la protection des personnes, Helite a cr\u00e9\u00e9 une ceinture airbag innovante pour \u00e9viter les fractures du col du f\u00e9mur\" \/>\n<meta name=\"robots\" content=\"index, follow, max-snippet:-1, max-image-preview:large, max-video-preview:-1\" \/>\n<link rel=\"canonical\" href=\"https:\/\/hipguard.eu\/it\/chi-siamo-esperton-protezione-airbag\/\" \/>\n<meta property=\"og:locale\" content=\"it_IT\" \/>\n<meta property=\"og:type\" content=\"article\" \/>\n<meta property=\"og:title\" content=\"Protection airbag Hip Guard : A propos de notre expertise\" \/>\n<meta property=\"og:description\" content=\"Leader dans la protection des personnes, Helite a cr\u00e9\u00e9 une ceinture airbag innovante pour \u00e9viter les fractures du col du f\u00e9mur\" \/>\n<meta property=\"og:url\" content=\"https:\/\/hipguard.eu\/it\/chi-siamo-esperton-protezione-airbag\/\" \/>\n<meta property=\"og:site_name\" content=\"Hip Guard\" \/>\n<meta property=\"article:modified_time\" content=\"2021-04-09T08:07:04+00:00\" \/>\n<meta name=\"twitter:card\" content=\"summary_large_image\" \/>\n<meta name=\"twitter:label1\" content=\"Tempo di lettura stimato\">\n\t<meta name=\"twitter:data1\" content=\"2 minuti\">\n<script type=\"application\/ld+json\" class=\"yoast-schema-graph\">{\"@context\":\"https:\/\/schema.org\",\"@graph\":[{\"@type\":\"Organization\",\"@id\":\"https:\/\/hipguard.eu\/#organization\",\"name\":\"HIP GUARD\",\"url\":\"https:\/\/hipguard.eu\/\",\"sameAs\":[],\"logo\":{\"@type\":\"ImageObject\",\"@id\":\"https:\/\/hipguard.eu\/#logo\",\"inLanguage\":\"it-IT\",\"url\":\"https:\/\/hipguard.eu\/wp-content\/uploads\/2021\/02\/maquette-site-hipguard_favicon.png\",\"width\":512,\"height\":512,\"caption\":\"HIP GUARD\"},\"image\":{\"@id\":\"https:\/\/hipguard.eu\/#logo\"}},{\"@type\":\"WebSite\",\"@id\":\"https:\/\/hipguard.eu\/#website\",\"url\":\"https:\/\/hipguard.eu\/\",\"name\":\"Hip Guard\",\"description\":\"Ceinture airbag pour les hanches\",\"publisher\":{\"@id\":\"https:\/\/hipguard.eu\/#organization\"},\"potentialAction\":[{\"@type\":\"SearchAction\",\"target\":\"https:\/\/hipguard.eu\/?s={search_term_string}\",\"query-input\":\"required name=search_term_string\"}],\"inLanguage\":\"it-IT\"},{\"@type\":\"WebPage\",\"@id\":\"https:\/\/hipguard.eu\/it\/chi-siamo-esperton-protezione-airbag\/#webpage\",\"url\":\"https:\/\/hipguard.eu\/it\/chi-siamo-esperton-protezione-airbag\/\",\"name\":\"Protection airbag Hip Guard : A propos de notre expertise\",\"isPartOf\":{\"@id\":\"https:\/\/hipguard.eu\/#website\"},\"datePublished\":\"2021-01-21T10:04:19+00:00\",\"dateModified\":\"2021-04-09T08:07:04+00:00\",\"description\":\"Leader dans la protection des personnes, Helite a cr\\u00e9\\u00e9 une ceinture airbag innovante pour \\u00e9viter les fractures du col du f\\u00e9mur\",\"inLanguage\":\"it-IT\",\"potentialAction\":[{\"@type\":\"ReadAction\",\"target\":[\"https:\/\/hipguard.eu\/it\/chi-siamo-esperton-protezione-airbag\/\"]}]}]}<\/script>\n<!-- \/ Yoast SEO Premium plugin. -->","_links":{"self":[{"href":"https:\/\/hipguard.eu\/it\/wp-json\/wp\/v2\/pages\/2017"}],"collection":[{"href":"https:\/\/hipguard.eu\/it\/wp-json\/wp\/v2\/pages"}],"about":[{"href":"https:\/\/hipguard.eu\/it\/wp-json\/wp\/v2\/types\/page"}],"author":[{"embeddable":true,"href":"https:\/\/hipguard.eu\/it\/wp-json\/wp\/v2\/users\/1"}],"replies":[{"embeddable":true,"href":"https:\/\/hipguard.eu\/it\/wp-json\/wp\/v2\/comments?post=2017"}],"version-history":[{"count":4,"href":"https:\/\/hipguard.eu\/it\/wp-json\/wp\/v2\/pages\/2017\/revisions"}],"predecessor-version":[{"id":2129,"href":"https:\/\/hipguard.eu\/it\/wp-json\/wp\/v2\/pages\/2017\/revisions\/2129"}],"wp:attachment":[{"href":"https:\/\/hipguard.eu\/it\/wp-json\/wp\/v2\/media?parent=2017"}],"curies":[{"name":"wp","href":"https:\/\/api.w.org\/{rel}","templated":true}]}}