{"id":2001,"date":"2021-01-21T12:08:20","date_gmt":"2021-01-21T11:08:20","guid":{"rendered":"https:\/\/hipguard.eu\/certification\/"},"modified":"2021-04-09T10:06:39","modified_gmt":"2021-04-09T08:06:39","slug":"certificazioni","status":"publish","type":"page","link":"https:\/\/hipguard.eu\/it\/certificazioni\/","title":{"rendered":"Certificazioni"},"content":{"rendered":"<p>[et_pb_section fb_built=&#8221;1&#8243; fullwidth=&#8221;on&#8221; next_background_color=&#8221;#ffffff&#8221; _builder_version=&#8221;4.7.4&#8243; _module_preset=&#8221;default&#8221; background_image=&#8221;https:\/\/hipguard.eu\/wp-content\/uploads\/2021\/01\/maquette-site-hipguard-30.png&#8221; min_height=&#8221;479px&#8221; max_height=&#8221;1000px&#8221; max_height_tablet=&#8221;&#8221; max_height_phone=&#8221;&#8221; max_height_last_edited=&#8221;on|phone&#8221; bottom_divider_style=&#8221;asymmetric2&#8243;][et_pb_fullwidth_header title=&#8221;Efficacia e Certificazioni&#8221; _builder_version=&#8221;4.7.4&#8243; _module_preset=&#8221;default&#8221; title_level=&#8221;h2&#8243; title_font=&#8221;|800||on|||||&#8221; title_text_align=&#8221;center&#8221; title_text_color=&#8221;#ffffff&#8221; title_font_size=&#8221;50px&#8221; title_line_height=&#8221;1.2em&#8221; subhead_font=&#8221;|800|||||||&#8221; subhead_text_align=&#8221;center&#8221; subhead_text_color=&#8221;#ffffff&#8221; subhead_font_size=&#8221;30px&#8221; background_enable_color=&#8221;off&#8221; transform_translate=&#8221;44px|198px&#8221; title_font_size_tablet=&#8221;&#8221; title_font_size_phone=&#8221;37px&#8221; title_font_size_last_edited=&#8221;on|phone&#8221; title_text_shadow_style=&#8221;preset1&#8243; subhead_text_shadow_style=&#8221;preset1&#8243;][\/et_pb_fullwidth_header][\/et_pb_section][et_pb_section fb_built=&#8221;1&#8243; _builder_version=&#8221;4.7.4&#8243; _module_preset=&#8221;default&#8221; custom_padding=&#8221;||12px|||&#8221;][et_pb_row _builder_version=&#8221;4.7.4&#8243; _module_preset=&#8221;default&#8221; background_color=&#8221;#272250&#8243; custom_margin=&#8221;20px||20px||true|false&#8221;][et_pb_column type=&#8221;4_4&#8243; _builder_version=&#8221;4.7.4&#8243; _module_preset=&#8221;default&#8221;][et_pb_text _builder_version=&#8221;4.7.4&#8243; _module_preset=&#8221;default&#8221;]<\/p>\n<h2 style=\"text-align: center;\">PERCH\u00c8 EFFETTUARE TEST ED OTTENERE CERTIFICAZIONI?<\/h2>\n<p>[\/et_pb_text][et_pb_text _builder_version=&#8221;4.7.4&#8243; _module_preset=&#8221;default&#8221; text_text_color=&#8221;#272250&#8243; custom_padding=&#8221;0px|12px||12px|false|true&#8221;]<\/p>\n<p style=\"text-align: center;\"><span style=\"color: #ffffff;\">Per proporre un prodotto in grado di garantire la massima efficacia e qualit\u00e0 per i nostri utilizzatori, rimanendo fedeli ai valori in cui crediamo!<\/span><\/p>\n<p style=\"text-align: center;\"><span style=\"color: #ffffff;\">Desideriamo provare l\u2019efficacia della nostra tecnologia airbag tramite una serie di test indipendenti.<\/span><\/p>\n<p style=\"text-align: center;\"><span style=\"color: #ffffff;\">Ecco perch\u00e9 abbiamo voluto rivolgerci a un gruppo di esperti per far testare l\u2019efficacia tecnologica del nostro algoritmo di rilevazione e del nostro dispositivo di protezione, al fine di ottenere una certificazione per ognuno di questi punti.<\/span><\/p>\n<p>[\/et_pb_text][\/et_pb_column][\/et_pb_row][et_pb_row _builder_version=&#8221;4.7.4&#8243; _module_preset=&#8221;default&#8221; background_color=&#8221;#272250&#8243; custom_margin=&#8221;20px||20px||true|false&#8221;][et_pb_column type=&#8221;4_4&#8243; _builder_version=&#8221;4.7.4&#8243; _module_preset=&#8221;default&#8221;][et_pb_text _builder_version=&#8221;4.7.4&#8243; _module_preset=&#8221;default&#8221;]<\/p>\n<h2 style=\"text-align: center;\">PERCH\u00c8 EFFETTUARE TEST ED OTTENERE CERTIFICAZIONI?<\/h2>\n<p>[\/et_pb_text][et_pb_text _builder_version=&#8221;4.7.4&#8243; _module_preset=&#8221;default&#8221; text_text_color=&#8221;#272250&#8243; custom_padding=&#8221;0px|12px||12px|false|true&#8221;]<\/p>\n<p style=\"text-align: center;\"><span style=\"color: #ffffff;\">Per proporre un prodotto in grado di garantire la massima efficacia e qualit\u00e0 per i nostri utilizzatori, rimanendo fedeli ai valori in cui crediamo!<\/span><\/p>\n<p style=\"text-align: center;\"><span style=\"color: #ffffff;\">Desideriamo provare l\u2019efficacia della nostra tecnologia airbag tramite una serie di test indipendenti.<\/span><\/p>\n<p style=\"text-align: center;\"><span style=\"color: #ffffff;\">Ecco perch\u00e9 abbiamo voluto rivolgerci a un gruppo di esperti per far testare l\u2019efficacia tecnologica del nostro algoritmo di rilevazione e del nostro dispositivo di protezione, al fine di ottenere una certificazione per ognuno di questi punti.<\/span><\/p>\n<p>[\/et_pb_text][\/et_pb_column][\/et_pb_row][et_pb_row column_structure=&#8221;1_2,1_2&#8243; make_equal=&#8221;on&#8221; _builder_version=&#8221;4.7.4&#8243; _module_preset=&#8221;default&#8221; background_color=&#8221;#87cdda&#8221; min_height=&#8221;294px&#8221; custom_padding=&#8221;||0px|||&#8221;][et_pb_column type=&#8221;1_2&#8243; _builder_version=&#8221;4.7.4&#8243; _module_preset=&#8221;default&#8221;][et_pb_text _builder_version=&#8221;4.7.4&#8243; _module_preset=&#8221;default&#8221; text_text_color=&#8221;#272250&#8243; link_text_color=&#8221;#ffffff&#8221; header_text_align=&#8221;left&#8221; header_text_color=&#8221;#ffffff&#8221; header_2_font=&#8221;|||on|||||&#8221; header_2_text_align=&#8221;left&#8221; header_2_text_color=&#8221;#ffffff&#8221; header_2_font_size=&#8221;32px&#8221; header_2_line_height=&#8221;1.2em&#8221; width=&#8221;100%&#8221; custom_margin=&#8221;|-54px||||&#8221; custom_padding=&#8221;|1px||26px|false|false&#8221;]<\/p>\n<h2 style=\"text-align: left;\"><img loading=\"lazy\" src=\"https:\/\/hipguard.eu\/wp-content\/uploads\/2020\/11\/maquette-site-hipguard-11.png\" alt=\"\" class=\"wp-image-40 alignnone size-full\" width=\"75\" height=\"75\" \/>Certificazione del nostro algoritmo<\/h2>\n<p><span style=\"color: #ffffff;\">Hip\u2019Guard utilizza un algoritmo ad altissime prestazioni per rilevare le cadute, sviluppato attraverso migliaia di simulazioni effettuate in laboratorio e in condizioni reali.<\/span><\/p>\n<p><span style=\"color: #ffffff;\">Ne abbiamo fatto validare l\u2019efficacia dall\u2019organismo <a href=\"https:\/\/hipguard.eu\/technologie\/\">UGA<\/a> , che ha proceduto a 828 test di valutazione cumulativa di cadute e situazioni della vita quotidiana.<\/span><\/p>\n<p style=\"text-align: left;\"><strong>Risultati:<br \/>\n&#8211; Innesco in caso di caduta laterale: 9 situazioni di caduta su 10 coperte<br \/>\n&#8211; Inneschi involontari: 1%<br \/>\n<\/strong><\/p>\n<p>&nbsp;<\/p>\n<p style=\"text-align: left;\"><strong><\/strong><\/p>\n<p style=\"text-align: left;\"><strong><\/strong><\/p>\n<p style=\"text-align: left;\"><strong><\/strong><\/p>\n<p>[\/et_pb_text][\/et_pb_column][et_pb_column type=&#8221;1_2&#8243; _builder_version=&#8221;4.7.4&#8243; _module_preset=&#8221;default&#8221; custom_css_main_element=&#8221;margin:auto;&#8221;][et_pb_image src=&#8221;https:\/\/hipguard.eu\/wp-content\/uploads\/2021\/02\/logo_UGA_blanc_orange_pied.png&#8221; alt=&#8221;certification donn\u00e9 par l&#8217;universit\u00e9 de grenoble&#8221; title_text=&#8221;certification-universit\u00e9-grenoble&#8221; url=&#8221;http:\/\/www.critt-sl.com\/&#8221; align=&#8221;center&#8221; _builder_version=&#8221;4.7.4&#8243; _module_preset=&#8221;default&#8221; width=&#8221;100%&#8221; max_width=&#8221;79%&#8221; module_alignment=&#8221;center&#8221; height=&#8221;188px&#8221;][\/et_pb_image][\/et_pb_column][\/et_pb_row][et_pb_row _builder_version=&#8221;4.7.4&#8243; _module_preset=&#8221;default&#8221;][et_pb_column type=&#8221;4_4&#8243; _builder_version=&#8221;4.7.4&#8243; _module_preset=&#8221;default&#8221;][et_pb_video src=&#8221;https:\/\/youtu.be\/h8LslDqOPz8&#8243; image_src=&#8221;https:\/\/hipguard.eu\/wp-content\/uploads\/2021\/02\/maquette-site-hipguard-32-2.png&#8221; play_icon_color=&#8221;#87cdda&#8221; thumbnail_overlay_color=&#8221;rgba(0,0,0,0.6)&#8221; _builder_version=&#8221;4.7.4&#8243; _module_preset=&#8221;default&#8221; min_height=&#8221;419px&#8221; min_height_tablet=&#8221;&#8221; min_height_phone=&#8221;161px&#8221; min_height_last_edited=&#8221;on|phone&#8221; custom_margin=&#8221;||0px||false|false&#8221; custom_padding=&#8221;||0px|||&#8221;][\/et_pb_video][\/et_pb_column][\/et_pb_row][et_pb_row column_structure=&#8221;3_5,2_5&#8243; _builder_version=&#8221;4.7.4&#8243; _module_preset=&#8221;default&#8221; background_color=&#8221;#87cdda&#8221; min_height=&#8221;294px&#8221; custom_padding=&#8221;||0px|||&#8221;][et_pb_column type=&#8221;3_5&#8243; _builder_version=&#8221;4.7.4&#8243; _module_preset=&#8221;default&#8221;][et_pb_text _builder_version=&#8221;4.7.4&#8243; _module_preset=&#8221;default&#8221; text_text_color=&#8221;#272250&#8243; header_text_align=&#8221;left&#8221; header_text_color=&#8221;#ffffff&#8221; header_2_font=&#8221;|||on|||||&#8221; header_2_text_align=&#8221;left&#8221; header_2_text_color=&#8221;#ffffff&#8221; header_2_font_size=&#8221;32px&#8221; header_2_line_height=&#8221;1.2em&#8221; width=&#8221;100%&#8221; custom_margin=&#8221;|-54px||||&#8221; custom_padding=&#8221;|1px||26px|false|false&#8221;]<\/p>\n<h2 style=\"text-align: left;\"><img loading=\"lazy\" src=\"https:\/\/hipguard.eu\/wp-content\/uploads\/2020\/11\/maquette-site-hipguard-11.png\" alt=\"\" class=\"wp-image-40 alignnone size-full\" width=\"75\" height=\"75\" \/>Hip\u2019Guard: un DPI certificato<\/h2>\n<p style=\"text-align: left;\"><span style=\"color: #ffffff;\">Inoltre, il laboratorio indipendente francese CRITT SL ha realizzato una serie di test per certificare l\u2019efficacia della cintura con airbag Hip\u2019Guard.<\/span><em><\/em><\/p>\n<p style=\"text-align: left;\"><strong>Risultati:<br \/>\n&#8211; Hip\u2019Guard riduce del 90% la forza di impatto in caso di caduta.<br \/>\n&#8211; Hip\u2019Guard assorbe 9 volte meglio gli impatti rispetto alle protezioni per anca classiche.<br \/>\n<\/strong><\/p>\n<p>[\/et_pb_text][\/et_pb_column][et_pb_column type=&#8221;2_5&#8243; _builder_version=&#8221;4.7.4&#8243; _module_preset=&#8221;default&#8221;][et_pb_image src=&#8221;https:\/\/hipguard.eu\/wp-content\/uploads\/2021\/02\/maquette-site-hipguard-31.png&#8221; title_text=&#8221;maquette site hipguard-31&#8243; url=&#8221;http:\/\/www.critt-sl.com\/&#8221; _builder_version=&#8221;4.7.4&#8243; _module_preset=&#8221;default&#8221;][\/et_pb_image][\/et_pb_column][\/et_pb_row][\/et_pb_section][et_pb_section fb_built=&#8221;1&#8243; _builder_version=&#8221;4.7.4&#8243; _module_preset=&#8221;default&#8221; custom_padding=&#8221;2px|||||&#8221;][et_pb_row _builder_version=&#8221;4.7.4&#8243; _module_preset=&#8221;default&#8221; background_color=&#8221;#272250&#8243; custom_padding=&#8221;|13px||13px|false|true&#8221;][et_pb_column type=&#8221;4_4&#8243; _builder_version=&#8221;4.7.4&#8243; _module_preset=&#8221;default&#8221;][et_pb_text _builder_version=&#8221;4.7.4&#8243; _module_preset=&#8221;default&#8221; text_text_color=&#8221;#272250&#8243;]<\/p>\n<p style=\"text-align: center;\"><span style=\"color: #ffffff;\">L\u2019efficacia di Hip\u2019Guard \u00e8 dunque comprovata dalla certificazione del nostro algoritmo, del nostro DPI e da centinaia di simulazioni effettuate a livello interno e da organismi specializzati.<\/span><\/p>\n<p>[\/et_pb_text][\/et_pb_column][\/et_pb_row][\/et_pb_section]<\/p>\n","protected":false},"excerpt":{"rendered":"<p>[et_pb_section fb_built=&#8221;1&#8243; fullwidth=&#8221;on&#8221; next_background_color=&#8221;#ffffff&#8221; _builder_version=&#8221;4.7.4&#8243; _module_preset=&#8221;default&#8221; background_image=&#8221;https:\/\/hipguard.eu\/wp-content\/uploads\/2021\/01\/maquette-site-hipguard-30.png&#8221; min_height=&#8221;479px&#8221; max_height=&#8221;1000px&#8221; max_height_tablet=&#8221;&#8221; max_height_phone=&#8221;&#8221; max_height_last_edited=&#8221;on|phone&#8221; bottom_divider_style=&#8221;asymmetric2&#8243;][et_pb_fullwidth_header title=&#8221;Efficacia e Certificazioni&#8221; _builder_version=&#8221;4.7.4&#8243; _module_preset=&#8221;default&#8221; title_level=&#8221;h2&#8243; title_font=&#8221;|800||on|||||&#8221; title_text_align=&#8221;center&#8221; title_text_color=&#8221;#ffffff&#8221; title_font_size=&#8221;50px&#8221; title_line_height=&#8221;1.2em&#8221; subhead_font=&#8221;|800|||||||&#8221; subhead_text_align=&#8221;center&#8221; subhead_text_color=&#8221;#ffffff&#8221; subhead_font_size=&#8221;30px&#8221; background_enable_color=&#8221;off&#8221; transform_translate=&#8221;44px|198px&#8221; title_font_size_tablet=&#8221;&#8221; title_font_size_phone=&#8221;37px&#8221; title_font_size_last_edited=&#8221;on|phone&#8221; title_text_shadow_style=&#8221;preset1&#8243; subhead_text_shadow_style=&#8221;preset1&#8243;][\/et_pb_fullwidth_header][\/et_pb_section][et_pb_section fb_built=&#8221;1&#8243; _builder_version=&#8221;4.7.4&#8243; _module_preset=&#8221;default&#8221; custom_padding=&#8221;||12px|||&#8221;][et_pb_row _builder_version=&#8221;4.7.4&#8243; _module_preset=&#8221;default&#8221; background_color=&#8221;#272250&#8243; custom_margin=&#8221;20px||20px||true|false&#8221;][et_pb_column type=&#8221;4_4&#8243; _builder_version=&#8221;4.7.4&#8243; _module_preset=&#8221;default&#8221;][et_pb_text _builder_version=&#8221;4.7.4&#8243; _module_preset=&#8221;default&#8221;] PERCH\u00c8 EFFETTUARE TEST ED OTTENERE CERTIFICAZIONI? [\/et_pb_text][et_pb_text [&hellip;]<\/p>\n","protected":false},"author":1,"featured_media":0,"parent":0,"menu_order":0,"comment_status":"closed","ping_status":"closed","template":"","meta":{"_et_pb_use_builder":"on","_et_pb_old_content":"","_et_gb_content_width":""},"yoast_head":"<!-- This site is optimized with the Yoast SEO Premium plugin v15.7 - https:\/\/yoast.com\/wordpress\/plugins\/seo\/ -->\n<title>Hip Guard - Certification : Gage de qualit\u00e9 et d&#039;efficacit\u00e9<\/title>\n<meta name=\"description\" content=\"Suite \u00e0 de nombreux tests et simulations, Helite a d\u00e9velopp\u00e9 un algorithme performant ayant obtenu une certification : gage de qualit\u00e9\" \/>\n<meta name=\"robots\" content=\"index, follow, max-snippet:-1, max-image-preview:large, max-video-preview:-1\" \/>\n<link rel=\"canonical\" href=\"https:\/\/hipguard.eu\/it\/certificazioni\/\" \/>\n<meta property=\"og:locale\" content=\"it_IT\" \/>\n<meta property=\"og:type\" content=\"article\" \/>\n<meta property=\"og:title\" content=\"Hip Guard - Certification : Gage de qualit\u00e9 et d&#039;efficacit\u00e9\" \/>\n<meta property=\"og:description\" content=\"Suite \u00e0 de nombreux tests et simulations, Helite a d\u00e9velopp\u00e9 un algorithme performant ayant obtenu une certification : gage de qualit\u00e9\" \/>\n<meta property=\"og:url\" content=\"https:\/\/hipguard.eu\/it\/certificazioni\/\" \/>\n<meta property=\"og:site_name\" content=\"Hip Guard\" \/>\n<meta property=\"article:modified_time\" content=\"2021-04-09T08:06:39+00:00\" \/>\n<meta property=\"og:image\" content=\"https:\/\/hipguard.eu\/wp-content\/uploads\/2020\/11\/maquette-site-hipguard-11.png\" \/>\n<meta name=\"twitter:card\" content=\"summary_large_image\" \/>\n<meta name=\"twitter:label1\" content=\"Tempo di lettura stimato\">\n\t<meta name=\"twitter:data1\" content=\"3 minuti\">\n<script type=\"application\/ld+json\" class=\"yoast-schema-graph\">{\"@context\":\"https:\/\/schema.org\",\"@graph\":[{\"@type\":\"Organization\",\"@id\":\"https:\/\/hipguard.eu\/#organization\",\"name\":\"HIP GUARD\",\"url\":\"https:\/\/hipguard.eu\/\",\"sameAs\":[],\"logo\":{\"@type\":\"ImageObject\",\"@id\":\"https:\/\/hipguard.eu\/#logo\",\"inLanguage\":\"it-IT\",\"url\":\"https:\/\/hipguard.eu\/wp-content\/uploads\/2021\/02\/maquette-site-hipguard_favicon.png\",\"width\":512,\"height\":512,\"caption\":\"HIP GUARD\"},\"image\":{\"@id\":\"https:\/\/hipguard.eu\/#logo\"}},{\"@type\":\"WebSite\",\"@id\":\"https:\/\/hipguard.eu\/#website\",\"url\":\"https:\/\/hipguard.eu\/\",\"name\":\"Hip Guard\",\"description\":\"Ceinture airbag pour les hanches\",\"publisher\":{\"@id\":\"https:\/\/hipguard.eu\/#organization\"},\"potentialAction\":[{\"@type\":\"SearchAction\",\"target\":\"https:\/\/hipguard.eu\/?s={search_term_string}\",\"query-input\":\"required name=search_term_string\"}],\"inLanguage\":\"it-IT\"},{\"@type\":\"ImageObject\",\"@id\":\"https:\/\/hipguard.eu\/it\/certificazioni\/#primaryimage\",\"inLanguage\":\"it-IT\",\"url\":\"https:\/\/hipguard.eu\/wp-content\/uploads\/2020\/11\/maquette-site-hipguard-11.png\",\"width\":75,\"height\":75},{\"@type\":\"WebPage\",\"@id\":\"https:\/\/hipguard.eu\/it\/certificazioni\/#webpage\",\"url\":\"https:\/\/hipguard.eu\/it\/certificazioni\/\",\"name\":\"Hip Guard - Certification : Gage de qualit\\u00e9 et d'efficacit\\u00e9\",\"isPartOf\":{\"@id\":\"https:\/\/hipguard.eu\/#website\"},\"primaryImageOfPage\":{\"@id\":\"https:\/\/hipguard.eu\/it\/certificazioni\/#primaryimage\"},\"datePublished\":\"2021-01-21T11:08:20+00:00\",\"dateModified\":\"2021-04-09T08:06:39+00:00\",\"description\":\"Suite \\u00e0 de nombreux tests et simulations, Helite a d\\u00e9velopp\\u00e9 un algorithme performant ayant obtenu une certification : gage de qualit\\u00e9\",\"inLanguage\":\"it-IT\",\"potentialAction\":[{\"@type\":\"ReadAction\",\"target\":[\"https:\/\/hipguard.eu\/it\/certificazioni\/\"]}]}]}<\/script>\n<!-- \/ Yoast SEO Premium plugin. -->","_links":{"self":[{"href":"https:\/\/hipguard.eu\/it\/wp-json\/wp\/v2\/pages\/2001"}],"collection":[{"href":"https:\/\/hipguard.eu\/it\/wp-json\/wp\/v2\/pages"}],"about":[{"href":"https:\/\/hipguard.eu\/it\/wp-json\/wp\/v2\/types\/page"}],"author":[{"embeddable":true,"href":"https:\/\/hipguard.eu\/it\/wp-json\/wp\/v2\/users\/1"}],"replies":[{"embeddable":true,"href":"https:\/\/hipguard.eu\/it\/wp-json\/wp\/v2\/comments?post=2001"}],"version-history":[{"count":6,"href":"https:\/\/hipguard.eu\/it\/wp-json\/wp\/v2\/pages\/2001\/revisions"}],"predecessor-version":[{"id":2128,"href":"https:\/\/hipguard.eu\/it\/wp-json\/wp\/v2\/pages\/2001\/revisions\/2128"}],"wp:attachment":[{"href":"https:\/\/hipguard.eu\/it\/wp-json\/wp\/v2\/media?parent=2001"}],"curies":[{"name":"wp","href":"https:\/\/api.w.org\/{rel}","templated":true}]}}