{"id":1996,"date":"2020-11-26T16:28:06","date_gmt":"2020-11-26T15:28:06","guid":{"rendered":"https:\/\/hipguard.eu\/fracture-de-la-hanche\/"},"modified":"2021-04-09T09:56:07","modified_gmt":"2021-04-09T07:56:07","slug":"frattura-dell-anca","status":"publish","type":"page","link":"https:\/\/hipguard.eu\/it\/frattura-dell-anca\/","title":{"rendered":"FRATTURA"},"content":{"rendered":"<p>[et_pb_section fb_built=&#8221;1&#8243; next_background_color=&#8221;#272250&#8243; _builder_version=&#8221;4.7.4&#8243; _module_preset=&#8221;default&#8221; background_image=&#8221;https:\/\/hipguard.eu\/wp-content\/uploads\/2021\/01\/maquette-site-hipguard-28.png&#8221; background_position=&#8221;center_left&#8221; min_height=&#8221;397px&#8221; bottom_divider_style=&#8221;asymmetric2&#8243; background_last_edited=&#8221;on|phone&#8221;][et_pb_row make_equal=&#8221;on&#8221; _builder_version=&#8221;4.7.4&#8243; _module_preset=&#8221;default&#8221; custom_css_main_element=&#8221;margin:auto;&#8221;][et_pb_column type=&#8221;4_4&#8243; _builder_version=&#8221;4.7.4&#8243; _module_preset=&#8221;default&#8221; custom_css_main_element=&#8221;margin:auto;&#8221;][et_pb_text _builder_version=&#8221;4.7.4&#8243; _module_preset=&#8221;default&#8221; header_text_align=&#8221;center&#8221; header_text_color=&#8221;#ffffff&#8221; header_font_size=&#8221;60px&#8221; header_font_size_tablet=&#8221;&#8221; header_font_size_phone=&#8221;37px&#8221; header_font_size_last_edited=&#8221;on|phone&#8221; header_text_shadow_style=&#8221;preset1&#8243;]<\/p>\n<h1>La frattura dell\u2019anca<\/h1>\n<p>[\/et_pb_text][\/et_pb_column][\/et_pb_row][\/et_pb_section][et_pb_section fb_built=&#8221;1&#8243; next_background_color=&#8221;#ffffff&#8221; _builder_version=&#8221;4.7.4&#8243; _module_preset=&#8221;default&#8221; background_color=&#8221;#272250&#8243; custom_padding=&#8221;||122px|||&#8221; bottom_divider_style=&#8221;asymmetric2&#8243;][et_pb_row column_structure=&#8221;1_4,1_4,1_4,1_4&#8243; _builder_version=&#8221;4.7.4&#8243; _module_preset=&#8221;default&#8221;][et_pb_column type=&#8221;1_4&#8243; _builder_version=&#8221;4.7.4&#8243; _module_preset=&#8221;default&#8221;][et_pb_number_counter title=&#8221;fratture dell\u2019anca ogni anno in Italia&#8221; number=&#8221;80 000&#8243; percent_sign=&#8221;off&#8221; _builder_version=&#8221;4.7.4&#8243; _module_preset=&#8221;default&#8221; title_text_color=&#8221;#ffffff&#8221; number_text_color=&#8221;#ffffff&#8221; background_layout=&#8221;dark&#8221; custom_margin=&#8221;|-16px||||&#8221; link_option_url=&#8221;https:\/\/www.has-sante.fr\/jcms\/pprd_2974238\/fr\/fracture-de-la-hanche-optimiser-la-prise-en-charge-des-patients-ages#toc_1_1_5&#8243; link_option_url_new_window=&#8221;on&#8221;][\/et_pb_number_counter][\/et_pb_column][et_pb_column type=&#8221;1_4&#8243; _builder_version=&#8221;4.7.4&#8243; _module_preset=&#8221;default&#8221;][et_pb_number_counter title=&#8221;delle persone anziane decedono durante l\u2019anno che segue una frattura dell\u2019anca&#8221; number=&#8221;25&#8243; _builder_version=&#8221;4.7.4&#8243; _module_preset=&#8221;default&#8221; number_text_color=&#8221;#ffffff&#8221; background_layout=&#8221;dark&#8221; link_option_url=&#8221;https:\/\/www.has-sante.fr\/jcms\/pprd_2974238\/fr\/fracture-de-la-hanche-optimiser-la-prise-en-charge-des-patients-ages#toc_1_1_5&#8243; link_option_url_new_window=&#8221;on&#8221;][\/et_pb_number_counter][\/et_pb_column][et_pb_column type=&#8221;1_4&#8243; _builder_version=&#8221;4.7.4&#8243; _module_preset=&#8221;default&#8221;][et_pb_number_counter title=&#8221;delle vittime sono donne di pi\u00f9 di 65 anni&#8221; number=&#8221;80&#8243; _builder_version=&#8221;4.7.4&#8243; _module_preset=&#8221;default&#8221; number_text_color=&#8221;#ffffff&#8221; background_layout=&#8221;dark&#8221; link_option_url=&#8221;https:\/\/www.has-sante.fr\/jcms\/pprd_2974238\/fr\/fracture-de-la-hanche-optimiser-la-prise-en-charge-des-patients-ages#toc_1_1_5&#8243; link_option_url_new_window=&#8221;on&#8221;][\/et_pb_number_counter][\/et_pb_column][et_pb_column type=&#8221;1_4&#8243; _builder_version=&#8221;4.7.4&#8243; _module_preset=&#8221;default&#8221;][et_pb_number_counter title=&#8221;delle vittime non sono in grado di riacquisire l\u2019autonomia iniziale&#8221; number=&#8221;50&#8243; _builder_version=&#8221;4.7.4&#8243; _module_preset=&#8221;default&#8221; number_text_color=&#8221;#ffffff&#8221; background_layout=&#8221;dark&#8221; link_option_url=&#8221;https:\/\/www.ncbi.nlm.nih.gov\/pmc\/articles\/PMC3880492\/&#8221; link_option_url_new_window=&#8221;on&#8221;][\/et_pb_number_counter][\/et_pb_column][\/et_pb_row][\/et_pb_section][et_pb_section fb_built=&#8221;1&#8243; _builder_version=&#8221;4.7.4&#8243; _module_preset=&#8221;default&#8221; background_enable_color=&#8221;off&#8221; custom_margin=&#8221;-2px|||||&#8221; custom_padding=&#8221;||0px|||&#8221;][et_pb_row column_structure=&#8221;1_2,1_2&#8243; make_equal=&#8221;on&#8221; _builder_version=&#8221;4.7.4&#8243; _module_preset=&#8221;default&#8221; min_height=&#8221;364px&#8221; custom_margin=&#8221;-56px|auto||auto||&#8221;][et_pb_column type=&#8221;1_2&#8243; _builder_version=&#8221;4.7.4&#8243; _module_preset=&#8221;default&#8221;][et_pb_image src=&#8221;https:\/\/hipguard.eu\/wp-content\/uploads\/2020\/11\/fracture-femur.png&#8221; title_text=&#8221;fracture femur&#8221; _builder_version=&#8221;4.7.4&#8243; _module_preset=&#8221;default&#8221; width=&#8221;100%&#8221; custom_padding=&#8221;|||0px||&#8221;][\/et_pb_image][\/et_pb_column][et_pb_column type=&#8221;1_2&#8243; _builder_version=&#8221;4.7.4&#8243; _module_preset=&#8221;default&#8221; custom_css_main_element=&#8221;margin:auto;&#8221;][et_pb_text _builder_version=&#8221;4.7.4&#8243; _module_preset=&#8221;default&#8221; text_text_color=&#8221;#272250&#8243; header_2_text_color=&#8221;#272250&#8243; header_2_font_size=&#8221;32px&#8221; header_2_line_height=&#8221;1.2em&#8221;]<\/p>\n<div>\n<h2>FRATTURA DELL\u2019ANCA<\/h2>\n<p><strong><\/strong><\/p>\n<p><strong>Definizione:<\/strong> In caso di impatto, dovuto spesso ad una caduta, l\u2019estremit\u00e0 superiore del femore si frattura. Generalmente, la frattura riguarda il collo del femore o il grande trocantere.<\/p>\n<p><strong>Quali sono i trattamenti possibili?<\/strong> Spesso, i pazienti che hanno subito una frattura dell\u2019anca vengono operati d\u2019urgenza e l&#8217;osso fratturato viene sostituito da una protesi.<\/p>\n<p><strong>La convalescenza?\u00a0<\/strong> Dopo l\u2019intervento chirurgico \u00e8 necessario iniziare rapidamente un percorso di rieducazione, che pu\u00f2 durare dai 3 ai 12 mesi. Il paziente deve riprendere a camminare pi\u00f9 velocemente possibile se si vuole che recuperi al meglio.<\/p>\n<p><strong>Chi riguarda?<\/strong> La maggior parte delle fratture dell\u2019anca riguardano le persone anziane, in particolare le donne (75%) a causa dell\u2019osteoporosi ne rende le ossa particolarmente fragili.<\/p>\n<\/div>\n<p>[\/et_pb_text][\/et_pb_column][\/et_pb_row][\/et_pb_section][et_pb_section fb_built=&#8221;1&#8243; _builder_version=&#8221;4.7.4&#8243; _module_preset=&#8221;default&#8221; background_color=&#8221;#87cdda&#8221;][et_pb_row _builder_version=&#8221;4.7.4&#8243; _module_preset=&#8221;default&#8221;][et_pb_column type=&#8221;4_4&#8243; _builder_version=&#8221;4.7.4&#8243; _module_preset=&#8221;default&#8221;][et_pb_text _builder_version=&#8221;4.7.4&#8243; _module_preset=&#8221;default&#8221; header_2_text_align=&#8221;center&#8221; header_2_text_color=&#8221;#ffffff&#8221; header_2_font_size=&#8221;32px&#8221; header_2_line_height=&#8221;1.2em&#8221;]<\/p>\n<h2>Soluzioni esistenti ma inefficaci<\/h2>\n<p>[\/et_pb_text][et_pb_text _builder_version=&#8221;4.7.4&#8243; _module_preset=&#8221;default&#8221; header_3_font=&#8221;|300|||||||&#8221; header_3_text_align=&#8221;center&#8221; header_3_text_color=&#8221;#ffffff&#8221; header_3_line_height=&#8221;1.1em&#8221;]<\/p>\n<h3>Una metanalisi di 11 studi clinici dimostra che l\u2019efficacia delle protezioni classiche<br \/>\nrigide o di schiuma \u00e8 incerta o addirittura inesistente.<\/h3>\n<p>[\/et_pb_text][et_pb_button button_url=&#8221;https:\/\/hipguard.eu\/wp-content\/uploads\/2021\/02\/Effectiveness-of-Hip-Protectors.pdf&#8221; url_new_window=&#8221;on&#8221; button_text=&#8221;Visualizzare l\u2019analisi&#8221; button_alignment=&#8221;center&#8221; _builder_version=&#8221;4.7.4&#8243; _module_preset=&#8221;default&#8221; custom_button=&#8221;on&#8221; button_text_color=&#8221;#ffffff&#8221; button_bg_color=&#8221;rgba(0,0,0,0)&#8221; background_layout=&#8221;dark&#8221;][\/et_pb_button][\/et_pb_column][\/et_pb_row][\/et_pb_section][et_pb_section fb_built=&#8221;1&#8243; _builder_version=&#8221;4.7.4&#8243; _module_preset=&#8221;default&#8221; custom_margin=&#8221;-2px|||||&#8221; custom_padding=&#8221;0px|||||&#8221;][et_pb_row _builder_version=&#8221;4.7.4&#8243; _module_preset=&#8221;default&#8221;][et_pb_column type=&#8221;4_4&#8243; _builder_version=&#8221;4.7.4&#8243; _module_preset=&#8221;default&#8221;][et_pb_text _builder_version=&#8221;4.7.4&#8243; _module_preset=&#8221;default&#8221; header_2_font=&#8221;|||on|||||&#8221; header_2_text_align=&#8221;center&#8221; header_2_text_color=&#8221;#272250&#8243; header_2_font_size=&#8221;32px&#8221; header_2_line_height=&#8221;1.2em&#8221;]<\/p>\n<h2 style=\"font-size: 2em; color: #272250; margin-top: 0px; padding-top: 25px; text-align: center;\">Efficacia del dispositivo di protezione con airbag<\/h2>\n<p>[\/et_pb_text][\/et_pb_column][\/et_pb_row][et_pb_row column_structure=&#8221;1_2,1_2&#8243; make_equal=&#8221;on&#8221; _builder_version=&#8221;4.7.4&#8243; _module_preset=&#8221;default&#8221; custom_margin=&#8221;-56px|auto||auto||&#8221;][et_pb_column type=&#8221;1_2&#8243; _builder_version=&#8221;4.7.4&#8243; _module_preset=&#8221;default&#8221;][et_pb_image src=&#8221;https:\/\/hipguard.eu\/wp-content\/uploads\/2021\/03\/maquette-site-hipguard-43.png&#8221; title_text=&#8221;maquette site hipguard-43&#8243; _builder_version=&#8221;4.7.4&#8243; _module_preset=&#8221;default&#8221; width=&#8221;100%&#8221; custom_padding=&#8221;|||0px||&#8221;][\/et_pb_image][\/et_pb_column][et_pb_column type=&#8221;1_2&#8243; _builder_version=&#8221;4.7.4&#8243; _module_preset=&#8221;default&#8221; custom_css_main_element=&#8221;margin:auto;&#8221;][et_pb_text _builder_version=&#8221;4.7.4&#8243; _module_preset=&#8221;default&#8221; text_text_color=&#8221;#272250&#8243; header_3_font=&#8221;|||on|||||&#8221; header_3_font_size=&#8221;23px&#8221; header_3_line_height=&#8221;1.2em&#8221;]<\/p>\n<h3>IL DISPOSITIVO DI PROTEZIONE CON AIRBAG riduce la forza d\u2019impatto<\/h3>\n<p>I ricercatori dell\u2019istituto Virginia Tech hanno comparato l\u2019efficacia della riduzione della forza di impatto di caduta offerta dai dispositivi di protezione per anca con airbag e quella offerta dai dispositivi di protezione per anca classici.<\/p>\n<p><strong>Risultato:<\/strong><\/p>\n<p><strong>Solo i dispositivi di protezione con airbag si sono rivelati in grado di mantenere la forza di impatto AL DI SOTTO DEL VALORE SOGLIA* NOTO DI FRATTURA DELL\u2019ANCA, con una riduzione dell\u2019impatto dell\u201985%. **<\/strong><\/p>\n<p><a href=\"https:\/\/hipguard.eu\/wp-content\/uploads\/2021\/02\/Virginia-Tech-experiment-on-airbag-hi-protectors.pdf\" target=\"_blank\" rel=\"noopener noreferrer\"><em>* Robinovitch, Stephen &amp; Hayes, Wilson &amp; McMahon, T.A.. (1991). Prediction of Femoral Impact Forces in Falls on the Hip. Journal of biomechanical engineering. 113. 366-74. 10.1115\/1.2895414.\u00a0<\/em><\/a><\/p>\n<p><a href=\"https:\/\/hipguard.eu\/wp-content\/uploads\/2021\/02\/Virginia-Tech-experiment-on-airbag-hi-protectors.pdf\" target=\"_blank\" rel=\"noopener noreferrer\"><em>**Virginia Tech \u2013 Development of an inflatable hip protection system : design for hip fracture prevention and increased compliance (2006)<\/em><\/a><\/p>\n<p>[\/et_pb_text][\/et_pb_column][\/et_pb_row][\/et_pb_section]<\/p>\n","protected":false},"excerpt":{"rendered":"<p>[et_pb_section fb_built=&#8221;1&#8243; next_background_color=&#8221;#272250&#8243; _builder_version=&#8221;4.7.4&#8243; _module_preset=&#8221;default&#8221; background_image=&#8221;https:\/\/hipguard.eu\/wp-content\/uploads\/2021\/01\/maquette-site-hipguard-28.png&#8221; background_position=&#8221;center_left&#8221; min_height=&#8221;397px&#8221; bottom_divider_style=&#8221;asymmetric2&#8243; background_last_edited=&#8221;on|phone&#8221;][et_pb_row make_equal=&#8221;on&#8221; _builder_version=&#8221;4.7.4&#8243; _module_preset=&#8221;default&#8221; custom_css_main_element=&#8221;margin:auto;&#8221;][et_pb_column type=&#8221;4_4&#8243; _builder_version=&#8221;4.7.4&#8243; _module_preset=&#8221;default&#8221; custom_css_main_element=&#8221;margin:auto;&#8221;][et_pb_text _builder_version=&#8221;4.7.4&#8243; _module_preset=&#8221;default&#8221; header_text_align=&#8221;center&#8221; header_text_color=&#8221;#ffffff&#8221; header_font_size=&#8221;60px&#8221; header_font_size_tablet=&#8221;&#8221; header_font_size_phone=&#8221;37px&#8221; header_font_size_last_edited=&#8221;on|phone&#8221; header_text_shadow_style=&#8221;preset1&#8243;] La frattura dell\u2019anca [\/et_pb_text][\/et_pb_column][\/et_pb_row][\/et_pb_section][et_pb_section fb_built=&#8221;1&#8243; next_background_color=&#8221;#ffffff&#8221; _builder_version=&#8221;4.7.4&#8243; _module_preset=&#8221;default&#8221; background_color=&#8221;#272250&#8243; custom_padding=&#8221;||122px|||&#8221; bottom_divider_style=&#8221;asymmetric2&#8243;][et_pb_row column_structure=&#8221;1_4,1_4,1_4,1_4&#8243; _builder_version=&#8221;4.7.4&#8243; _module_preset=&#8221;default&#8221;][et_pb_column type=&#8221;1_4&#8243; _builder_version=&#8221;4.7.4&#8243; _module_preset=&#8221;default&#8221;][et_pb_number_counter title=&#8221;fratture dell\u2019anca ogni anno in Italia&#8221; number=&#8221;80 000&#8243; percent_sign=&#8221;off&#8221; _builder_version=&#8221;4.7.4&#8243; _module_preset=&#8221;default&#8221; [&hellip;]<\/p>\n","protected":false},"author":1,"featured_media":0,"parent":0,"menu_order":0,"comment_status":"closed","ping_status":"closed","template":"","meta":{"_et_pb_use_builder":"on","_et_pb_old_content":"","_et_gb_content_width":""},"yoast_head":"<!-- This site is optimized with the Yoast SEO Premium plugin v15.7 - https:\/\/yoast.com\/wordpress\/plugins\/seo\/ -->\n<title>Hip Guard - La Fracture de la hanche : informations clefs<\/title>\n<meta name=\"description\" content=\"Un ceinture airbag innovante pour \u00e9viter une fracture de la hanche suite \u00e0 une chute gr\u00e2ce \u00e0 son syst\u00e8me de protection efficace\" \/>\n<meta name=\"robots\" content=\"index, follow, max-snippet:-1, max-image-preview:large, max-video-preview:-1\" \/>\n<link rel=\"canonical\" href=\"https:\/\/hipguard.eu\/it\/frattura-dell-anca\/\" \/>\n<meta property=\"og:locale\" content=\"it_IT\" \/>\n<meta property=\"og:type\" content=\"article\" \/>\n<meta property=\"og:title\" content=\"Hip Guard - La Fracture de la hanche : informations clefs\" \/>\n<meta property=\"og:description\" content=\"Un ceinture airbag innovante pour \u00e9viter une fracture de la hanche suite \u00e0 une chute gr\u00e2ce \u00e0 son syst\u00e8me de protection efficace\" \/>\n<meta property=\"og:url\" content=\"https:\/\/hipguard.eu\/it\/frattura-dell-anca\/\" \/>\n<meta property=\"og:site_name\" content=\"Hip Guard\" \/>\n<meta property=\"article:modified_time\" content=\"2021-04-09T07:56:07+00:00\" \/>\n<meta name=\"twitter:card\" content=\"summary_large_image\" \/>\n<meta name=\"twitter:label1\" content=\"Tempo di lettura stimato\">\n\t<meta name=\"twitter:data1\" content=\"6 minuti\">\n<script type=\"application\/ld+json\" class=\"yoast-schema-graph\">{\"@context\":\"https:\/\/schema.org\",\"@graph\":[{\"@type\":\"Organization\",\"@id\":\"https:\/\/hipguard.eu\/#organization\",\"name\":\"HIP GUARD\",\"url\":\"https:\/\/hipguard.eu\/\",\"sameAs\":[],\"logo\":{\"@type\":\"ImageObject\",\"@id\":\"https:\/\/hipguard.eu\/#logo\",\"inLanguage\":\"it-IT\",\"url\":\"https:\/\/hipguard.eu\/wp-content\/uploads\/2021\/02\/maquette-site-hipguard_favicon.png\",\"width\":512,\"height\":512,\"caption\":\"HIP GUARD\"},\"image\":{\"@id\":\"https:\/\/hipguard.eu\/#logo\"}},{\"@type\":\"WebSite\",\"@id\":\"https:\/\/hipguard.eu\/#website\",\"url\":\"https:\/\/hipguard.eu\/\",\"name\":\"Hip Guard\",\"description\":\"Ceinture airbag pour les hanches\",\"publisher\":{\"@id\":\"https:\/\/hipguard.eu\/#organization\"},\"potentialAction\":[{\"@type\":\"SearchAction\",\"target\":\"https:\/\/hipguard.eu\/?s={search_term_string}\",\"query-input\":\"required name=search_term_string\"}],\"inLanguage\":\"it-IT\"},{\"@type\":\"WebPage\",\"@id\":\"https:\/\/hipguard.eu\/it\/frattura-dell-anca\/#webpage\",\"url\":\"https:\/\/hipguard.eu\/it\/frattura-dell-anca\/\",\"name\":\"Hip Guard - La Fracture de la hanche : informations clefs\",\"isPartOf\":{\"@id\":\"https:\/\/hipguard.eu\/#website\"},\"datePublished\":\"2020-11-26T15:28:06+00:00\",\"dateModified\":\"2021-04-09T07:56:07+00:00\",\"description\":\"Un ceinture airbag innovante pour \\u00e9viter une fracture de la hanche suite \\u00e0 une chute gr\\u00e2ce \\u00e0 son syst\\u00e8me de protection efficace\",\"inLanguage\":\"it-IT\",\"potentialAction\":[{\"@type\":\"ReadAction\",\"target\":[\"https:\/\/hipguard.eu\/it\/frattura-dell-anca\/\"]}]}]}<\/script>\n<!-- \/ Yoast SEO Premium plugin. -->","_links":{"self":[{"href":"https:\/\/hipguard.eu\/it\/wp-json\/wp\/v2\/pages\/1996"}],"collection":[{"href":"https:\/\/hipguard.eu\/it\/wp-json\/wp\/v2\/pages"}],"about":[{"href":"https:\/\/hipguard.eu\/it\/wp-json\/wp\/v2\/types\/page"}],"author":[{"embeddable":true,"href":"https:\/\/hipguard.eu\/it\/wp-json\/wp\/v2\/users\/1"}],"replies":[{"embeddable":true,"href":"https:\/\/hipguard.eu\/it\/wp-json\/wp\/v2\/comments?post=1996"}],"version-history":[{"count":5,"href":"https:\/\/hipguard.eu\/it\/wp-json\/wp\/v2\/pages\/1996\/revisions"}],"predecessor-version":[{"id":2127,"href":"https:\/\/hipguard.eu\/it\/wp-json\/wp\/v2\/pages\/1996\/revisions\/2127"}],"wp:attachment":[{"href":"https:\/\/hipguard.eu\/it\/wp-json\/wp\/v2\/media?parent=1996"}],"curies":[{"name":"wp","href":"https:\/\/api.w.org\/{rel}","templated":true}]}}