{"id":1017,"date":"2021-01-21T12:08:20","date_gmt":"2021-01-21T11:08:20","guid":{"rendered":"https:\/\/hipguard.eu\/tests-et-certifications\/"},"modified":"2021-07-22T15:25:20","modified_gmt":"2021-07-22T13:25:20","slug":"certification","status":"publish","type":"page","link":"https:\/\/hipguard.eu\/en\/certification\/","title":{"rendered":"CERTIFICATIONS"},"content":{"rendered":"<p>[et_pb_section fb_built=&#8221;1&#8243; fullwidth=&#8221;on&#8221; next_background_color=&#8221;#ffffff&#8221; _builder_version=&#8221;4.7.4&#8243; _module_preset=&#8221;default&#8221; background_image=&#8221;https:\/\/hipguard.eu\/wp-content\/uploads\/2021\/01\/maquette-site-hipguard-30.png&#8221; min_height=&#8221;479px&#8221; max_height=&#8221;1000px&#8221; max_height_tablet=&#8221;&#8221; max_height_phone=&#8221;&#8221; max_height_last_edited=&#8221;on|phone&#8221; bottom_divider_style=&#8221;asymmetric2&#8243;][et_pb_fullwidth_header title=&#8221;efficacy and certification&#8221; _builder_version=&#8221;4.7.4&#8243; _module_preset=&#8221;default&#8221; title_level=&#8221;h2&#8243; title_font=&#8221;|800||on|||||&#8221; title_text_align=&#8221;center&#8221; title_text_color=&#8221;#ffffff&#8221; title_font_size=&#8221;50px&#8221; title_line_height=&#8221;1.2em&#8221; subhead_font=&#8221;|800|||||||&#8221; subhead_text_color=&#8221;#ffffff&#8221; subhead_font_size=&#8221;30px&#8221; background_enable_color=&#8221;off&#8221; transform_translate=&#8221;44px|198px&#8221; title_font_size_tablet=&#8221;&#8221; title_font_size_phone=&#8221;37px&#8221; title_font_size_last_edited=&#8221;on|phone&#8221; title_text_shadow_style=&#8221;preset1&#8243; subhead_text_shadow_style=&#8221;preset1&#8243;][\/et_pb_fullwidth_header][\/et_pb_section][et_pb_section fb_built=&#8221;1&#8243; _builder_version=&#8221;4.7.4&#8243; _module_preset=&#8221;default&#8221;][et_pb_row _builder_version=&#8221;4.7.4&#8243; _module_preset=&#8221;default&#8221; background_color=&#8221;#272250&#8243; custom_margin=&#8221;20px||20px||true|false&#8221; custom_padding=&#8221;|13px||13px|false|true&#8221;][et_pb_column type=&#8221;4_4&#8243; _builder_version=&#8221;4.7.4&#8243; _module_preset=&#8221;default&#8221;][et_pb_text _builder_version=&#8221;4.7.4&#8243; _module_preset=&#8221;default&#8221;]<\/p>\n<h2 style=\"text-align: center;\">WHY TESTING AND GETTING CERTIFIED?<\/h2>\n<p>[\/et_pb_text][et_pb_text _builder_version=&#8221;4.7.4&#8243; _module_preset=&#8221;default&#8221; text_text_color=&#8221;#272250&#8243;]<\/p>\n<p style=\"text-align: center;\"><span style=\"color: #ffffff;\">Offering a product with an assurance of quality and efficacy for our users is consistent with the values which drive us!<\/span><\/p>\n<p style=\"text-align: center;\"><span style=\"color: #ffffff;\">We wanted to prove the impact of our airbag technology.<\/span><\/p>\n<p style=\"text-align: center;\"><span style=\"color: #ffffff;\">This is why we called on independent expertise to evaluate the technological performance of our detection algorithm<\/span><br \/><span style=\"color: #ffffff;\"> as well as the performance of our protection device.<\/span><\/p>\n<p>[\/et_pb_text][\/et_pb_column][\/et_pb_row][et_pb_row column_structure=&#8221;1_2,1_2&#8243; make_equal=&#8221;on&#8221; _builder_version=&#8221;4.7.4&#8243; _module_preset=&#8221;default&#8221; background_color=&#8221;#87cdda&#8221; min_height=&#8221;544px&#8221; custom_padding=&#8221;||0px|||&#8221; border_style_all=&#8221;none&#8221;][et_pb_column type=&#8221;1_2&#8243; _builder_version=&#8221;4.7.4&#8243; _module_preset=&#8221;default&#8221;][et_pb_text content_last_edited=&#8221;off|desktop&#8221; _builder_version=&#8221;4.7.4&#8243; _module_preset=&#8221;default&#8221; text_text_color=&#8221;#272250&#8243; header_2_font=&#8221;|||on|||||&#8221; header_2_text_color=&#8221;#ffffff&#8221; header_2_font_size=&#8221;32px&#8221; header_2_line_height=&#8221;1.2em&#8221; custom_padding=&#8221;0px|26px||26px|false|false&#8221;]<\/p>\n<h2 style=\"text-align: left;\"><img loading=\"lazy\" src=\"https:\/\/hipguard.eu\/wp-content\/uploads\/2020\/11\/maquette-site-hipguard-11.png\" alt=\"\" class=\"wp-image-40 alignnone size-full\" width=\"75\" height=\"75\" \/> Fall detection: A POWERFUL AND CERTIFIED ALGORITHM<\/h2>\n<p style=\"text-align: left;\"><span style=\"color: #ffffff;\">Hip&#8217;Guard uses a high-performance algorithm to detect falls. The algorithm has been developed thanks to thousands of simulations in our labs as well as in everyday life conditions.<\/span><\/p>\n<p style=\"text-align: left;\"><span style=\"color: #ffffff;\">These results were validated by the University of Grenoble-Alpes, which tested a total of 828 falls and everyday life situations.<\/span><\/p>\n<p style=\"text-align: left;\"><strong>Results:<\/strong><br \/> &#8211; <strong>Airbag inflations<\/strong><strong> during a side fall: 9 out of 10 fall situations covered<br \/> &#8211; Unintended airbag inflations: 1%.<\/strong><\/p>\n<p>[\/et_pb_text][\/et_pb_column][et_pb_column type=&#8221;1_2&#8243; _builder_version=&#8221;4.7.4&#8243; _module_preset=&#8221;default&#8221; custom_css_main_element=&#8221; margin:auto;&#8221;][et_pb_image src=&#8221;https:\/\/hipguard.eu\/wp-content\/uploads\/2021\/02\/logo_UGA_blanc_orange_pied.png&#8221; alt=&#8221;universit\u00e9 qui a donn\u00e9 la certification pour la d\u00e9tection des chutes &#8221; title_text=&#8221;logo_UGA_blanc_orange_pied&#8221; _builder_version=&#8221;4.7.4&#8243; _module_preset=&#8221;default&#8221; width=&#8221;64%&#8221; width_tablet=&#8221;&#8221; width_phone=&#8221;&#8221; width_last_edited=&#8221;on|phone&#8221; module_alignment=&#8221;center&#8221;][\/et_pb_image][et_pb_button button_url=&#8221;https:\/\/hipguard.eu\/technologie\/&#8221; button_text=&#8221;Learn more&#8221; button_alignment=&#8221;center&#8221; _builder_version=&#8221;4.7.4&#8243; _module_preset=&#8221;default&#8221; background_layout=&#8221;dark&#8221;][\/et_pb_button][\/et_pb_column][\/et_pb_row][et_pb_row _builder_version=&#8221;4.7.4&#8243; _module_preset=&#8221;default&#8221; background_color=&#8221;rgba(0,0,0,0)&#8221; width=&#8221;100%&#8221; min_height=&#8221;100px&#8221; min_height_tablet=&#8221;&#8221; min_height_phone=&#8221;&#8221; min_height_last_edited=&#8221;on|phone&#8221; custom_padding=&#8221;||0px|||&#8221; hover_enabled=&#8221;0&#8243; border_style_all=&#8221;none&#8221; sticky_enabled=&#8221;0&#8243;][et_pb_column type=&#8221;4_4&#8243; _builder_version=&#8221;4.7.4&#8243; _module_preset=&#8221;default&#8221;][et_pb_video src=&#8221;https:\/\/www.youtube.com\/watch?v=yQb4VnInjUc&#8221; image_src=&#8221;https:\/\/hipguard.eu\/wp-content\/uploads\/2021\/02\/maquette-site-hipguard-32-2.png&#8221; play_icon_color=&#8221;#87cdda&#8221; thumbnail_overlay_color=&#8221;rgba(0,0,0,0.6)&#8221; _builder_version=&#8221;4.7.4&#8243; _module_preset=&#8221;default&#8221; width=&#8221;100%&#8221; width_tablet=&#8221;&#8221; width_phone=&#8221;100%&#8221; width_last_edited=&#8221;on|desktop&#8221; module_alignment=&#8221;center&#8221; min_height=&#8221;100px&#8221; min_height_tablet=&#8221;&#8221; min_height_phone=&#8221;217px&#8221; min_height_last_edited=&#8221;on|phone&#8221; custom_margin=&#8221;||0px||false|false&#8221; custom_padding=&#8221;||0px|||&#8221; hover_enabled=&#8221;0&#8243; sticky_enabled=&#8221;0&#8243;][\/et_pb_video][\/et_pb_column][\/et_pb_row][\/et_pb_section][et_pb_section fb_built=&#8221;1&#8243; _builder_version=&#8221;4.7.4&#8243; _module_preset=&#8221;default&#8221; custom_padding=&#8221;2px|||||&#8221;][et_pb_row column_structure=&#8221;3_5,2_5&#8243; _builder_version=&#8221;4.7.4&#8243; _module_preset=&#8221;default&#8221; background_color=&#8221;#87cdda&#8221; min_height=&#8221;294px&#8221; custom_padding=&#8221;||0px|||&#8221;][et_pb_column type=&#8221;3_5&#8243; _builder_version=&#8221;4.7.4&#8243; _module_preset=&#8221;default&#8221;][et_pb_text _builder_version=&#8221;4.7.4&#8243; _module_preset=&#8221;default&#8221; text_text_color=&#8221;#272250&#8243; header_text_align=&#8221;left&#8221; header_text_color=&#8221;#ffffff&#8221; header_2_font=&#8221;|||on|||||&#8221; header_2_text_align=&#8221;left&#8221; header_2_text_color=&#8221;#ffffff&#8221; header_2_font_size=&#8221;32px&#8221; header_2_line_height=&#8221;1.2em&#8221; width=&#8221;100%&#8221; custom_padding=&#8221;|26px||26px|false|false&#8221;]<\/p>\n<h2 style=\"text-align: left;\"><img loading=\"lazy\" src=\"https:\/\/hipguard.eu\/wp-content\/uploads\/2020\/11\/maquette-site-hipguard-11.png\" alt=\"\" class=\"wp-image-40 alignnone size-full\" width=\"75\" height=\"75\" \/>HIP&#8217;GUARD: A certified PPE<\/h2>\n<p style=\"text-align: left;\"><span style=\"color: #ffffff;\">Tests have been carried out by the independent French laboratory CRITT SL to certify the effectiveness of the Hip&#8217;Guard airbag belt.<\/span><em><\/em><\/p>\n<p style=\"text-align: left;\"><strong>Results:<br \/> &#8211; <\/strong><strong><\/strong><strong>Hip&#8217;Guard reduces the impact force by 90%<br \/> in case of a fall.<br \/> &#8211; Hip\u2019Guard reduces 9-fold the chocs compared<br \/> to a standard hip protector.<\/strong><\/p>\n<p>[\/et_pb_text][\/et_pb_column][et_pb_column type=&#8221;2_5&#8243; _builder_version=&#8221;4.7.4&#8243; _module_preset=&#8221;default&#8221;][et_pb_image src=&#8221;https:\/\/hipguard.eu\/wp-content\/uploads\/2021\/02\/maquette-site-hipguard-31.png&#8221; title_text=&#8221;maquette site hipguard-31&#8243; url=&#8221;http:\/\/www.critt-sl.com\/&#8221; _builder_version=&#8221;4.7.4&#8243; _module_preset=&#8221;default&#8221;][\/et_pb_image][\/et_pb_column][\/et_pb_row][et_pb_row _builder_version=&#8221;4.7.4&#8243; _module_preset=&#8221;default&#8221; background_color=&#8221;#272250&#8243; custom_margin=&#8221;19px||19px||true|false&#8221; custom_padding=&#8221;|13px||13px|false|true&#8221;][et_pb_column type=&#8221;4_4&#8243; _builder_version=&#8221;4.7.4&#8243; _module_preset=&#8221;default&#8221;][et_pb_text _builder_version=&#8221;4.7.4&#8243; _module_preset=&#8221;default&#8221; text_text_color=&#8221;#272250&#8243;]<\/p>\n<p style=\"text-align: left;\"><span style=\"color: #ffffff;\">Following hundreds of internal simulations and simulations with expertise centres, the certification of our algorithm and PPE proves Hip&#8217;Guard&#8217;s efficacy.<\/span><\/p>\n<p>[\/et_pb_text][\/et_pb_column][\/et_pb_row][\/et_pb_section]<\/p>\n","protected":false},"excerpt":{"rendered":"<p>[et_pb_section fb_built=&#8221;1&#8243; fullwidth=&#8221;on&#8221; next_background_color=&#8221;#ffffff&#8221; _builder_version=&#8221;4.7.4&#8243; _module_preset=&#8221;default&#8221; background_image=&#8221;https:\/\/hipguard.eu\/wp-content\/uploads\/2021\/01\/maquette-site-hipguard-30.png&#8221; min_height=&#8221;479px&#8221; max_height=&#8221;1000px&#8221; max_height_tablet=&#8221;&#8221; max_height_phone=&#8221;&#8221; max_height_last_edited=&#8221;on|phone&#8221; bottom_divider_style=&#8221;asymmetric2&#8243;][et_pb_fullwidth_header title=&#8221;efficacy and certification&#8221; _builder_version=&#8221;4.7.4&#8243; _module_preset=&#8221;default&#8221; title_level=&#8221;h2&#8243; title_font=&#8221;|800||on|||||&#8221; title_text_align=&#8221;center&#8221; title_text_color=&#8221;#ffffff&#8221; title_font_size=&#8221;50px&#8221; title_line_height=&#8221;1.2em&#8221; subhead_font=&#8221;|800|||||||&#8221; subhead_text_color=&#8221;#ffffff&#8221; subhead_font_size=&#8221;30px&#8221; background_enable_color=&#8221;off&#8221; transform_translate=&#8221;44px|198px&#8221; title_font_size_tablet=&#8221;&#8221; title_font_size_phone=&#8221;37px&#8221; title_font_size_last_edited=&#8221;on|phone&#8221; title_text_shadow_style=&#8221;preset1&#8243; subhead_text_shadow_style=&#8221;preset1&#8243;][\/et_pb_fullwidth_header][\/et_pb_section][et_pb_section fb_built=&#8221;1&#8243; _builder_version=&#8221;4.7.4&#8243; _module_preset=&#8221;default&#8221;][et_pb_row _builder_version=&#8221;4.7.4&#8243; _module_preset=&#8221;default&#8221; background_color=&#8221;#272250&#8243; custom_margin=&#8221;20px||20px||true|false&#8221; custom_padding=&#8221;|13px||13px|false|true&#8221;][et_pb_column type=&#8221;4_4&#8243; _builder_version=&#8221;4.7.4&#8243; _module_preset=&#8221;default&#8221;][et_pb_text _builder_version=&#8221;4.7.4&#8243; _module_preset=&#8221;default&#8221;] WHY TESTING AND GETTING CERTIFIED? [\/et_pb_text][et_pb_text _builder_version=&#8221;4.7.4&#8243; _module_preset=&#8221;default&#8221; [&hellip;]<\/p>\n","protected":false},"author":1,"featured_media":0,"parent":0,"menu_order":0,"comment_status":"closed","ping_status":"closed","template":"","meta":{"_et_pb_use_builder":"on","_et_pb_old_content":"","_et_gb_content_width":""},"yoast_head":"<!-- This site is optimized with the Yoast SEO Premium plugin v15.7 - https:\/\/yoast.com\/wordpress\/plugins\/seo\/ -->\n<title>Hip Guard - Certification: Guarantee of quality and efficiency<\/title>\n<meta name=\"description\" content=\"After numerous tests and simulations, Helite has developed a powerful algorithm that has obtained certification as a guarantee of quality.\" \/>\n<meta name=\"robots\" content=\"index, follow, max-snippet:-1, max-image-preview:large, max-video-preview:-1\" \/>\n<link rel=\"canonical\" href=\"https:\/\/hipguard.eu\/en\/certification\/\" \/>\n<meta property=\"og:locale\" content=\"en_US\" \/>\n<meta property=\"og:type\" content=\"article\" \/>\n<meta property=\"og:title\" content=\"Hip Guard - Certification: Guarantee of quality and efficiency\" \/>\n<meta property=\"og:description\" content=\"After numerous tests and simulations, Helite has developed a powerful algorithm that has obtained certification as a guarantee of quality.\" \/>\n<meta property=\"og:url\" content=\"https:\/\/hipguard.eu\/en\/certification\/\" \/>\n<meta property=\"og:site_name\" content=\"Hip Guard\" \/>\n<meta property=\"article:modified_time\" content=\"2021-07-22T13:25:20+00:00\" \/>\n<meta property=\"og:image\" content=\"https:\/\/hipguard.eu\/wp-content\/uploads\/2020\/11\/maquette-site-hipguard-11.png\" \/>\n<meta name=\"twitter:card\" content=\"summary_large_image\" \/>\n<meta name=\"twitter:label1\" content=\"Est. reading time\">\n\t<meta name=\"twitter:data1\" content=\"3 minutes\">\n<script type=\"application\/ld+json\" class=\"yoast-schema-graph\">{\"@context\":\"https:\/\/schema.org\",\"@graph\":[{\"@type\":\"Organization\",\"@id\":\"https:\/\/hipguard.eu\/#organization\",\"name\":\"HIP GUARD\",\"url\":\"https:\/\/hipguard.eu\/\",\"sameAs\":[],\"logo\":{\"@type\":\"ImageObject\",\"@id\":\"https:\/\/hipguard.eu\/#logo\",\"inLanguage\":\"en-US\",\"url\":\"https:\/\/hipguard.eu\/wp-content\/uploads\/2021\/02\/maquette-site-hipguard_favicon.png\",\"width\":512,\"height\":512,\"caption\":\"HIP GUARD\"},\"image\":{\"@id\":\"https:\/\/hipguard.eu\/#logo\"}},{\"@type\":\"WebSite\",\"@id\":\"https:\/\/hipguard.eu\/#website\",\"url\":\"https:\/\/hipguard.eu\/\",\"name\":\"Hip Guard\",\"description\":\"Ceinture airbag pour les hanches\",\"publisher\":{\"@id\":\"https:\/\/hipguard.eu\/#organization\"},\"potentialAction\":[{\"@type\":\"SearchAction\",\"target\":\"https:\/\/hipguard.eu\/?s={search_term_string}\",\"query-input\":\"required name=search_term_string\"}],\"inLanguage\":\"en-US\"},{\"@type\":\"ImageObject\",\"@id\":\"https:\/\/hipguard.eu\/en\/certification\/#primaryimage\",\"inLanguage\":\"en-US\",\"url\":\"https:\/\/hipguard.eu\/wp-content\/uploads\/2020\/11\/maquette-site-hipguard-11.png\",\"width\":75,\"height\":75},{\"@type\":\"WebPage\",\"@id\":\"https:\/\/hipguard.eu\/en\/certification\/#webpage\",\"url\":\"https:\/\/hipguard.eu\/en\/certification\/\",\"name\":\"Hip Guard - Certification: Guarantee of quality and efficiency\",\"isPartOf\":{\"@id\":\"https:\/\/hipguard.eu\/#website\"},\"primaryImageOfPage\":{\"@id\":\"https:\/\/hipguard.eu\/en\/certification\/#primaryimage\"},\"datePublished\":\"2021-01-21T11:08:20+00:00\",\"dateModified\":\"2021-07-22T13:25:20+00:00\",\"description\":\"After numerous tests and simulations, Helite has developed a powerful algorithm that has obtained certification as a guarantee of quality.\",\"inLanguage\":\"en-US\",\"potentialAction\":[{\"@type\":\"ReadAction\",\"target\":[\"https:\/\/hipguard.eu\/en\/certification\/\"]}]}]}<\/script>\n<!-- \/ Yoast SEO Premium plugin. -->","_links":{"self":[{"href":"https:\/\/hipguard.eu\/en\/wp-json\/wp\/v2\/pages\/1017"}],"collection":[{"href":"https:\/\/hipguard.eu\/en\/wp-json\/wp\/v2\/pages"}],"about":[{"href":"https:\/\/hipguard.eu\/en\/wp-json\/wp\/v2\/types\/page"}],"author":[{"embeddable":true,"href":"https:\/\/hipguard.eu\/en\/wp-json\/wp\/v2\/users\/1"}],"replies":[{"embeddable":true,"href":"https:\/\/hipguard.eu\/en\/wp-json\/wp\/v2\/comments?post=1017"}],"version-history":[{"count":22,"href":"https:\/\/hipguard.eu\/en\/wp-json\/wp\/v2\/pages\/1017\/revisions"}],"predecessor-version":[{"id":2404,"href":"https:\/\/hipguard.eu\/en\/wp-json\/wp\/v2\/pages\/1017\/revisions\/2404"}],"wp:attachment":[{"href":"https:\/\/hipguard.eu\/en\/wp-json\/wp\/v2\/media?parent=1017"}],"curies":[{"name":"wp","href":"https:\/\/api.w.org\/{rel}","templated":true}]}}