{"id":2366,"date":"2021-04-13T09:10:16","date_gmt":"2021-04-13T07:10:16","guid":{"rendered":"https:\/\/hipguard.eu\/produit\/2366\/"},"modified":"2024-06-03T12:00:15","modified_gmt":"2024-06-03T10:00:15","slug":"shop-der-airbag-gurt-hip-guard","status":"publish","type":"product","link":"https:\/\/hipguard.eu\/de\/produit\/shop-der-airbag-gurt-hip-guard\/","title":{"rendered":"Der hip&#8217;Guard airbag-gurt"},"content":{"rendered":"<h3 id=\"tailles\"><b>Gr\u00f6\u00dfentabelle<\/b><\/h3>\n<div class=\"wptb-table-container wptb-table-2557\"><div class=\"wptb-table-container-matrix\" id=\"wptb-table-id-2557\" data-wptb-version=\"1.3.17\" data-wptb-pro-status=\"false\"><table class=\"wptb-preview-table wptb-element-main-table_setting-2557 edit-active\" data-reconstraction=\"1\" style=\"border: 1px solid rgb(209, 209, 209);\" data-wptb-table-tds-sum-max-width=\"656\" data-wptb-cells-width-auto-count=\"5\" data-wptb-extra-styles=\"LyogRW50ZXIgeW91ciBjdXN0b20gQ1NTIHJ1bGVzIGhlcmUgKi8=\" role=\"table\" data-table-columns=\"5\"><tbody><tr class=\"wptb-row\"><td class=\"wptb-cell\" data-y-index=\"0\" data-x-index=\"0\" style=\"border: 1px solid rgb(209, 209, 209);\" data-wptb-css-td-auto-width=\"true\" rowspan=\"1\" colspan=\"1\"><div class=\"wptb-text-container wptb-ph-element wptb-element-text-2\" style=\"color: rgb(74, 85, 104); font-size: 15px;\"><div class=\"\" style=\"position: relative;\"><p style=\"text-align: center;\">S<\/p><\/div><\/div><\/td><td class=\"wptb-cell\" style=\"border: 1px solid rgb(209, 209, 209);\" data-x-index=\"1\" data-y-index=\"0\" data-wptb-css-td-auto-width=\"true\"><div class=\"wptb-text-container wptb-ph-element wptb-element-text-9\" style=\"color: rgb(74, 85, 104); font-size: 15px;\"><div class=\"\" style=\"position: relative;\"><p style=\"text-align: center;\">M<\/p><\/div><\/div><\/td><td class=\"wptb-cell\" style=\"border: 1px solid rgb(209, 209, 209);\" data-x-index=\"2\" data-y-index=\"0\" data-wptb-css-td-auto-width=\"true\"><div class=\"wptb-text-container wptb-ph-element wptb-element-text-12\" style=\"color: rgb(74, 85, 104); font-size: 15px;\"><div class=\"\" style=\"position: relative;\"><p style=\"text-align: center;\">L<\/p><\/div><\/div><\/td><td class=\"wptb-cell\" style=\"border: 1px solid rgb(209, 209, 209);\" data-x-index=\"3\" data-y-index=\"0\" data-wptb-css-td-auto-width=\"true\"><div class=\"wptb-text-container wptb-ph-element wptb-element-text-15\" style=\"color: rgb(74, 85, 104); font-size: 15px;\"><div class=\"\" style=\"position: relative;\"><p style=\"text-align: center;\">XL<\/p><\/div><\/div><\/td><td class=\"wptb-cell\" style=\"border: 1px solid rgb(209, 209, 209);\" data-x-index=\"4\" data-y-index=\"0\" data-wptb-css-td-auto-width=\"true\"><div class=\"wptb-text-container wptb-ph-element wptb-element-text-18\" style=\"color: rgb(74, 85, 104); font-size: 15px;\"><div class=\"\" style=\"position: relative;\"><p style=\"text-align: center;\">2XL<\/p><\/div><\/div><\/td><\/tr><tr class=\"wptb-row\"><td class=\"wptb-cell\" data-y-index=\"1\" data-x-index=\"0\" style=\"border: 1px solid rgb(209, 209, 209);\" data-wptb-css-td-auto-width=\"true\"><div class=\"wptb-text-container wptb-ph-element wptb-element-text-22\" style=\"color: rgb(74, 85, 104); font-size: 15px;\"><div class=\"\" style=\"position: relative;\"><p style=\"text-align: center;\">70 - 86 (cm)<br>27,6 - 33,9 (inch)<\/p><p><\/p><\/div><\/div><\/td><td class=\"wptb-cell\" style=\"border: 1px solid rgb(209, 209, 209);\" data-x-index=\"1\" data-y-index=\"1\" data-wptb-css-td-auto-width=\"true\"><div class=\"wptb-text-container wptb-ph-element wptb-element-text-4\" style=\"color: rgb(74, 85, 104); font-size: 15px;\"><div class=\"\" style=\"position: relative;\"><p style=\"text-align: center;\">83 - 95 (cm)<br>32,7 - 37,4 (inch)<\/p><p><\/p><\/div><\/div><\/td><td class=\"wptb-cell\" style=\"border: 1px solid rgb(209, 209, 209);\" data-x-index=\"2\" data-y-index=\"1\" data-wptb-css-td-auto-width=\"true\"><div class=\"wptb-text-container wptb-ph-element wptb-element-text-25\" style=\"color: rgb(74, 85, 104); font-size: 15px;\"><div class=\"\" style=\"position: relative;\"><p style=\"text-align: center;\">92 - 105 (cm)<br>36,2 - 41,3 (inch)<\/p><p><\/p><\/div><\/div><\/td><td class=\"wptb-cell\" style=\"border: 1px solid rgb(209, 209, 209);\" data-x-index=\"3\" data-y-index=\"1\" data-wptb-css-td-auto-width=\"true\"><div class=\"wptb-text-container wptb-ph-element wptb-element-text-26\" style=\"color: rgb(74, 85, 104); font-size: 15px;\"><div class=\"\" style=\"position: relative;\"><p style=\"text-align: center;\">102 - 120 (cm)<br>40,2 - 47,2 (inch)<\/p><p><\/p><\/div><\/div><\/td><td class=\"wptb-cell\" style=\"border: 1px solid rgb(209, 209, 209);\" data-x-index=\"4\" data-y-index=\"1\" data-wptb-css-td-auto-width=\"true\"><div class=\"wptb-text-container wptb-ph-element wptb-element-text-27\" style=\"color: rgb(74, 85, 104); font-size: 15px;\"><div class=\"\" style=\"position: relative;\"><p style=\"text-align: center;\">117 - 135 (cm)<br>46,1 - 53,1 (inch)<\/p><p><\/p><\/div><\/div><\/td><\/tr><\/tbody><\/table><\/div><\/div>\n\n","protected":false},"excerpt":{"rendered":"<p>&nbsp;<\/p>\n<p><span style=\"font-weight: 400;\">Der Hip\u2019Guard Airbag-Gurt wurde speziell f\u00fcr \u00e4ltere Menschen entwickelt, die nach einem optimalen H\u00fcftschutz suchen, ohne dabei ihre Bewegungsfreiheit einzuschr\u00e4nken. Durch den Gurt wird ein Oberschenkelhalsbruch vermieden.<\/span><\/p>\n<p><span style=\"font-weight: 400;\">Der leistungsstarke Algorithmus des Airbag-Gurts erkennt einen Sturz in 0,2 Sekunden und der Airbag der entsprechenden Sturzseite wird in 0,08 Sekunden aufgeblasen. Durch die spezifische Airbag-Form wird der Oberschenkelhals vor dem Bodenaufprall gesch\u00fctzt und eine H\u00fcftfraktur wird vermieden.<\/span><\/p>\n<p><span style=\"font-weight: 400;\">Das System arbeitet zu 100 % automatisch. Der leichte und komfortable Gurt ist Tag und Nacht einsetzbar und kann dank seines Akkus wiederverwendet werden. Der Hip\u2019Guard ist eine wahre Innovation f\u00fcr Senioren, die dabei sind ihre Unabh\u00e4ngigkeit zu verlieren.<\/span><\/p>\n<p><a href=\"#tailles\">Gr\u00f6\u00dfenratgeber<\/a><\/p>\n","protected":false},"featured_media":1794,"comment_status":"open","ping_status":"closed","template":"","meta":{"_et_pb_use_builder":"off","_et_pb_old_content":"<h3><b>Der komplette Airbag-Gurt<\/b><\/h3>\r\n<p><span style=\"font-weight: 400;\">Der komplette Airbag-Gurt enth\u00e4lt:<\/span><\/p>\r\n<ul>\r\n<li style=\"font-weight: 400;\" aria-level=\"1\"><span style=\"font-weight: 400;\">1 Airbag-Gurt (mit Erkennungssystem und den Airbags integriert)<\/span><\/li>\r\n<li style=\"font-weight: 400;\" aria-level=\"1\"><span style=\"font-weight: 400;\">1 Schutzh\u00fclle, abnehmbar, wasserdicht und waschbar (blau)<\/span><\/li>\r\n<li style=\"font-weight: 400;\" aria-level=\"1\"><span style=\"font-weight: 400;\">2 seitliche Airbags<\/span><\/li>\r\n<li style=\"font-weight: 400;\" aria-level=\"1\"><span style=\"font-weight: 400;\">2 Gaskartuschen<\/span><\/li>\r\n<li style=\"font-weight: 400;\" aria-level=\"1\"><span style=\"font-weight: 400;\">1 elektronischer Sensor<\/span><\/li>\r\n<\/ul>\r\n<h3><b>Technische Eigenschaften<\/b><\/h3>\r\n<ul>\r\n<li style=\"font-weight: 400;\" aria-level=\"1\"><span style=\"font-weight: 400;\">Gewicht: 1 kg\u00a0<\/span><\/li>\r\n<li style=\"font-weight: 400;\" aria-level=\"1\"><span style=\"font-weight: 400;\">Akkulaufzeit: 5 Tage<\/span><\/li>\r\n<li style=\"font-weight: 400;\" aria-level=\"1\"><span style=\"font-weight: 400;\">Airbag-Volumen: 2 x 8L<\/span><\/li>\r\n<li style=\"font-weight: 400;\" aria-level=\"1\"><span style=\"font-weight: 400;\">Sturzerkennung zu 100% automatisch<\/span><\/li>\r\n<li style=\"font-weight: 400;\" aria-level=\"1\"><span style=\"font-weight: 400;\">Airbag-Ausl\u00f6sung: 0,08 Sekunden<\/span><\/li>\r\n<li style=\"font-weight: 400;\" aria-level=\"1\"><span style=\"font-weight: 400;\">Erkennungszeit: 0,2 Sekunden<\/span><\/li>\r\n<li style=\"font-weight: 400;\" aria-level=\"1\"><span style=\"font-weight: 400;\">Nach jeder Ausl\u00f6sung wiederverwendbar\u00a0<\/span><\/li>\r\n<\/ul>\r\n<h3><b>Material<\/b><\/h3>\r\n<p><i><span style=\"font-weight: 400;\">Gurt:<\/span><\/i><span style=\"font-weight: 400;\">\u00a0<\/span><\/p>\r\n<ul>\r\n<li style=\"font-weight: 400;\" aria-level=\"1\"><span style=\"font-weight: 400;\">3D-Mesh: komfortabel und atmungsaktiv<\/span><\/li>\r\n<li style=\"font-weight: 400;\" aria-level=\"1\"><span style=\"font-weight: 400;\">Schwei\u00dfhemmend und leicht<\/span><\/li>\r\n<\/ul>\r\n<p><i><span style=\"font-weight: 400;\">Airbag:\u00a0<\/span><\/i><\/p>\r\n<ul>\r\n<li style=\"font-weight: 400;\" aria-level=\"1\"><span style=\"font-weight: 400;\">Sehr widerstandsf\u00e4higes Nylon f\u00fcr die Airbags<\/span><\/li>\r\n<\/ul>\r\n<h3><a href=\"https:\/\/hipguard.eu\/certification-ceinture\/\"><b>Zertifizierung\u00a0<\/b><\/a><\/h3>\r\n<ul>\r\n<li style=\"font-weight: 400;\" aria-level=\"1\"><span style=\"font-weight: 400;\">CE ZERTIFIZIERUNG - Unsere Airbags sind von dem Labor CRITT Sport Loisirs zertifiziert, ein anerkanntes und unabh\u00e4ngiges Institut.<\/span><\/li>\r\n<li style=\"font-weight: 400;\" aria-level=\"1\"><span style=\"font-weight: 400;\">\u00a0PSA Level 2: Pers\u00f6nliche Schutz Ausr\u00fcstung (wie ein Helm)\u00a0<\/span><\/li>\r\n<\/ul>","_et_gb_content_width":""},"yoast_head":"<!-- This site is optimized with the Yoast SEO Premium plugin v15.7 - https:\/\/yoast.com\/wordpress\/plugins\/seo\/ -->\n<title>Der hip&#039;Guard airbag-gurt - Hip Guard<\/title>\n<meta name=\"robots\" content=\"index, follow, max-snippet:-1, max-image-preview:large, max-video-preview:-1\" \/>\n<link rel=\"canonical\" href=\"https:\/\/hipguard.eu\/de\/produit\/shop-der-airbag-gurt-hip-guard\/\" \/>\n<meta property=\"og:locale\" content=\"de_DE\" \/>\n<meta property=\"og:type\" content=\"article\" \/>\n<meta property=\"og:title\" content=\"Der hip&#039;Guard airbag-gurt - Hip Guard\" \/>\n<meta property=\"og:description\" content=\"&nbsp; Der Hip\u2019Guard Airbag-Gurt wurde speziell f\u00fcr \u00e4ltere Menschen entwickelt, die nach einem optimalen H\u00fcftschutz suchen, ohne dabei ihre Bewegungsfreiheit einzuschr\u00e4nken. Durch den Gurt wird ein Oberschenkelhalsbruch vermieden. Der leistungsstarke Algorithmus des Airbag-Gurts erkennt einen Sturz in 0,2 Sekunden und der Airbag der entsprechenden Sturzseite wird in 0,08 Sekunden aufgeblasen. Durch die spezifische Airbag-Form wird der Oberschenkelhals vor dem Bodenaufprall gesch\u00fctzt und eine H\u00fcftfraktur wird vermieden. Das System arbeitet zu 100 % automatisch. Der leichte und komfortable Gurt ist Tag und Nacht einsetzbar und kann dank seines Akkus wiederverwendet werden. Der Hip\u2019Guard ist eine wahre Innovation f\u00fcr Senioren, die dabei sind ihre Unabh\u00e4ngigkeit zu verlieren. Gr\u00f6\u00dfenratgeber\" \/>\n<meta property=\"og:url\" content=\"https:\/\/hipguard.eu\/de\/produit\/shop-der-airbag-gurt-hip-guard\/\" \/>\n<meta property=\"og:site_name\" content=\"Hip Guard\" \/>\n<meta property=\"article:modified_time\" content=\"2024-06-03T10:00:15+00:00\" \/>\n<meta property=\"og:image\" content=\"https:\/\/hipguard.eu\/wp-content\/uploads\/2021\/02\/maquette-site-hipguard-06.png\" \/>\n\t<meta property=\"og:image:width\" content=\"919\" \/>\n\t<meta property=\"og:image:height\" content=\"536\" \/>\n<meta name=\"twitter:card\" content=\"summary_large_image\" \/>\n<script type=\"application\/ld+json\" class=\"yoast-schema-graph\">{\"@context\":\"https:\/\/schema.org\",\"@graph\":[{\"@type\":\"Organization\",\"@id\":\"https:\/\/hipguard.eu\/#organization\",\"name\":\"HIP GUARD\",\"url\":\"https:\/\/hipguard.eu\/\",\"sameAs\":[],\"logo\":{\"@type\":\"ImageObject\",\"@id\":\"https:\/\/hipguard.eu\/#logo\",\"inLanguage\":\"de\",\"url\":\"https:\/\/hipguard.eu\/wp-content\/uploads\/2021\/02\/maquette-site-hipguard_favicon.png\",\"width\":512,\"height\":512,\"caption\":\"HIP GUARD\"},\"image\":{\"@id\":\"https:\/\/hipguard.eu\/#logo\"}},{\"@type\":\"WebSite\",\"@id\":\"https:\/\/hipguard.eu\/#website\",\"url\":\"https:\/\/hipguard.eu\/\",\"name\":\"Hip Guard\",\"description\":\"Ceinture airbag pour les hanches\",\"publisher\":{\"@id\":\"https:\/\/hipguard.eu\/#organization\"},\"potentialAction\":[{\"@type\":\"SearchAction\",\"target\":\"https:\/\/hipguard.eu\/?s={search_term_string}\",\"query-input\":\"required name=search_term_string\"}],\"inLanguage\":\"de\"},{\"@type\":\"ImageObject\",\"@id\":\"https:\/\/hipguard.eu\/de\/produit\/shop-der-airbag-gurt-hip-guard\/#primaryimage\",\"inLanguage\":\"de\",\"url\":\"https:\/\/hipguard.eu\/wp-content\/uploads\/2021\/02\/maquette-site-hipguard-06.png\",\"width\":919,\"height\":536,\"caption\":\"ceinture airbag qui prot\\u00e8ge les hanches des seniors\"},{\"@type\":\"WebPage\",\"@id\":\"https:\/\/hipguard.eu\/de\/produit\/shop-der-airbag-gurt-hip-guard\/#webpage\",\"url\":\"https:\/\/hipguard.eu\/de\/produit\/shop-der-airbag-gurt-hip-guard\/\",\"name\":\"Der hip'Guard airbag-gurt - Hip Guard\",\"isPartOf\":{\"@id\":\"https:\/\/hipguard.eu\/#website\"},\"primaryImageOfPage\":{\"@id\":\"https:\/\/hipguard.eu\/de\/produit\/shop-der-airbag-gurt-hip-guard\/#primaryimage\"},\"datePublished\":\"2021-04-13T07:10:16+00:00\",\"dateModified\":\"2024-06-03T10:00:15+00:00\",\"inLanguage\":\"de\",\"potentialAction\":[{\"@type\":\"ReadAction\",\"target\":[\"https:\/\/hipguard.eu\/de\/produit\/shop-der-airbag-gurt-hip-guard\/\"]}]}]}<\/script>\n<!-- \/ Yoast SEO Premium plugin. -->","_links":{"self":[{"href":"https:\/\/hipguard.eu\/de\/wp-json\/wp\/v2\/product\/2366"}],"collection":[{"href":"https:\/\/hipguard.eu\/de\/wp-json\/wp\/v2\/product"}],"about":[{"href":"https:\/\/hipguard.eu\/de\/wp-json\/wp\/v2\/types\/product"}],"replies":[{"embeddable":true,"href":"https:\/\/hipguard.eu\/de\/wp-json\/wp\/v2\/comments?post=2366"}],"wp:featuredmedia":[{"embeddable":true,"href":"https:\/\/hipguard.eu\/de\/wp-json\/wp\/v2\/media\/1794"}],"wp:attachment":[{"href":"https:\/\/hipguard.eu\/de\/wp-json\/wp\/v2\/media?parent=2366"}],"curies":[{"name":"wp","href":"https:\/\/api.w.org\/{rel}","templated":true}]}}