{"id":948,"date":"2020-11-26T16:28:28","date_gmt":"2020-11-26T15:28:28","guid":{"rendered":"https:\/\/hipguard.eu\/technologie-airbag\/"},"modified":"2021-05-25T11:52:24","modified_gmt":"2021-05-25T09:52:24","slug":"technologie-airbag-de","status":"publish","type":"page","link":"https:\/\/hipguard.eu\/de\/technologie-airbag-de\/","title":{"rendered":"TECHNOLOGIE"},"content":{"rendered":"<p>[et_pb_section fb_built=&#8221;1&#8243; next_background_color=&#8221;#ffffff&#8221; admin_label=&#8221;Hero Section&#8221; _builder_version=&#8221;4.7.4&#8243; background_color=&#8221;#87cdda&#8221; background_color_gradient_direction=&#8221;72deg&#8221; min_height=&#8221;455px&#8221; custom_padding=&#8221;41px|0px|110px|0px||&#8221; bottom_divider_style=&#8221;asymmetric2&#8243;][et_pb_row column_structure=&#8221;3_5,2_5&#8243; make_equal=&#8221;on&#8221; _builder_version=&#8221;4.7.4&#8243; background_size=&#8221;initial&#8221; background_position=&#8221;top_left&#8221; background_repeat=&#8221;repeat&#8221; module_alignment=&#8221;center&#8221; custom_padding=&#8221;0px||3px|||&#8221;][et_pb_column type=&#8221;3_5&#8243; _builder_version=&#8221;4.7.4&#8243; custom_padding=&#8221;60px|||&#8221; custom_css_main_element=&#8221;margin:auto;&#8221; custom_padding__hover=&#8221;|||&#8221;][et_pb_text _builder_version=&#8221;4.7.4&#8243; text_font=&#8221;||||||||&#8221; header_font=&#8221;|800||on|||||&#8221; header_text_align=&#8221;left&#8221; header_text_color=&#8221;#ffffff&#8221; header_font_size=&#8221;60px&#8221; header_line_height=&#8221;1.3em&#8221; header_2_font=&#8221;|300||on|||||&#8221; header_2_text_color=&#8221;#ffffff&#8221; header_2_font_size=&#8221;37px&#8221; header_2_line_height=&#8221;1.4em&#8221; min_height=&#8221;260px&#8221; custom_margin=&#8221;-54px||||false|false&#8221; custom_padding=&#8221;||0px|||&#8221; header_font_tablet=&#8221;&#8221; header_font_phone=&#8221;&#8221; header_font_last_edited=&#8221;on|desktop&#8221; header_text_align_tablet=&#8221;center&#8221; header_text_align_phone=&#8221;&#8221; header_text_align_last_edited=&#8221;on|phone&#8221; header_font_size_tablet=&#8221;&#8221; header_font_size_phone=&#8221;37px&#8221; header_font_size_last_edited=&#8221;on|phone&#8221; header_2_text_align_tablet=&#8221;center&#8221; header_2_text_align_phone=&#8221;&#8221; header_2_text_align_last_edited=&#8221;on|tablet&#8221; header_2_font_size_tablet=&#8221;&#8221; header_2_font_size_phone=&#8221;22px&#8221; header_2_font_size_last_edited=&#8221;on|tablet&#8221;]<\/p>\n<h1>AIRBAG-<br \/> TECHNOLOGIE<\/h1>\n<h2>f\u00fcr den schutz von menschen<\/h2>\n<p>[\/et_pb_text][\/et_pb_column][et_pb_column type=&#8221;2_5&#8243; _builder_version=&#8221;4.7.4&#8243; custom_padding=&#8221;|||&#8221; custom_css_main_element=&#8221;margin:auto;&#8221; custom_padding__hover=&#8221;|||&#8221;][et_pb_image src=&#8221;https:\/\/hipguard.eu\/wp-content\/uploads\/2021\/02\/maquette-site-hipguard-06.png&#8221; title_text=&#8221;maquette site hipguard-06&#8243; align_tablet=&#8221;center&#8221; align_phone=&#8221;&#8221; align_last_edited=&#8221;on|desktop&#8221; _builder_version=&#8221;4.7.4&#8243; width=&#8221;100%&#8221; width_tablet=&#8221;74%&#8221; width_phone=&#8221;94%&#8221; width_last_edited=&#8221;on|phone&#8221; max_width=&#8221;100%&#8221; custom_margin_tablet=&#8221;&#8221; custom_margin_phone=&#8221;-88px||-1px||false|false&#8221; custom_margin_last_edited=&#8221;on|desktop&#8221;][\/et_pb_image][\/et_pb_column][\/et_pb_row][\/et_pb_section][et_pb_section fb_built=&#8221;1&#8243; _builder_version=&#8221;4.7.4&#8243; _module_preset=&#8221;default&#8221;][et_pb_row _builder_version=&#8221;4.7.4&#8243; _module_preset=&#8221;default&#8221;][et_pb_column type=&#8221;4_4&#8243; _builder_version=&#8221;4.7.4&#8243; _module_preset=&#8221;default&#8221;][et_pb_text _builder_version=&#8221;4.7.4&#8243; _module_preset=&#8221;default&#8221; text_text_color=&#8221;#87cdda&#8221; header_2_font=&#8221;|||on|||||&#8221; header_2_text_align=&#8221;center&#8221; header_2_text_color=&#8221;#272250&#8243; header_2_font_size=&#8221;32px&#8221; header_2_line_height=&#8221;1.2em&#8221;]<\/p>\n<h2>Die Funktionsweise des Airbag-Gurts Hip&#8217;guard:<\/h2>\n<p>[\/et_pb_text][et_pb_video src=&#8221;https:\/\/www.youtube.com\/watch?v=mhr7NjizvOA&#8221; _builder_version=&#8221;4.7.4&#8243; _module_preset=&#8221;default&#8221;][\/et_pb_video][\/et_pb_column][\/et_pb_row][\/et_pb_section][et_pb_section fb_built=&#8221;1&#8243; prev_background_color=&#8221;#ffffff&#8221; next_background_color=&#8221;#ffffff&#8221; admin_label=&#8221;About Us Section&#8221; _builder_version=&#8221;4.7.4&#8243; background_color=&#8221;#f2f2f2&#8243; custom_padding=&#8221;110px|0px|62px|0px||&#8221; top_divider_style=&#8221;asymmetric2&#8243; bottom_divider_style=&#8221;asymmetric2&#8243;][et_pb_row column_structure=&#8221;1_3,2_3&#8243; make_equal=&#8221;on&#8221; admin_label=&#8221;Row&#8221; _builder_version=&#8221;4.7.4&#8243; custom_padding=&#8221;|||&#8221;][et_pb_column type=&#8221;1_3&#8243; _builder_version=&#8221;4.7.4&#8243; custom_padding=&#8221;|||&#8221; custom_css_main_element=&#8221;margin:auto;&#8221; custom_padding__hover=&#8221;|||&#8221;][et_pb_text _builder_version=&#8221;4.7.4&#8243; _module_preset=&#8221;default&#8221; header_2_font=&#8221;|||on|||||&#8221; header_2_text_align=&#8221;center&#8221; header_2_text_color=&#8221;#272250&#8243; header_2_font_size=&#8221;32px&#8221; header_2_line_height=&#8221;1.2em&#8221;]<\/p>\n<h2 style=\"text-align: left;\">leistungs-starker algorithmus<\/h2>\n<p>[\/et_pb_text][et_pb_text _builder_version=&#8221;4.7.4&#8243; text_font=&#8221;||||||||&#8221; text_text_color=&#8221;#272250&#8243; header_font=&#8221;||||||||&#8221; custom_margin=&#8221;|-10px||||&#8221; custom_padding=&#8221;|0px||||&#8221;]<\/p>\n<div class=\"How-Texte-Droite\">\n<p>Der komplexe und leistungsf\u00e4hige Algorithmus misst die Bewegungen des Nutzers mehr als 1000 Mal pro Sekunde und erm\u00f6glicht so eine zuverl\u00e4ssige und sehr schnelle Erkennung einer Sturzsituation.<\/p>\n<\/div>\n<div class=\"How-Texte-Droite\">\n<p><strong>Getestet und validiert durch die Universit\u00e4t Grenoble Alpes, Frankreich.<\/strong><\/p>\n<p><strong><a href=\"https:\/\/hipguard.eu\/de\/tests-und-zertifizierungen\/\" target=\"_blank\" rel=\"noopener noreferrer\"><em>Sehen Sie sich das Video zu den Tests an.<\/em><\/a><\/strong><\/p>\n<\/div>\n<div style=\"clear: both;\"><\/div>\n<p>[\/et_pb_text][\/et_pb_column][et_pb_column type=&#8221;2_3&#8243; _builder_version=&#8221;3.25&#8243; custom_padding=&#8221;|||&#8221; custom_padding__hover=&#8221;|||&#8221;][et_pb_image src=&#8221;https:\/\/hipguard.eu\/wp-content\/uploads\/2021\/05\/maquette-site-hipguard-39.png&#8221; title_text=&#8221;maquette site hipguard-39&#8243; url=&#8221;https:\/\/hipguard.eu\/wp-content\/uploads\/2020\/12\/maquette-site-hipguard-21.png&#8221; url_new_window=&#8221;on&#8221; _builder_version=&#8221;4.7.4&#8243; _module_preset=&#8221;default&#8221; width=&#8221;100%&#8221; hover_enabled=&#8221;0&#8243; sticky_enabled=&#8221;0&#8243;][\/et_pb_image][\/et_pb_column][\/et_pb_row][\/et_pb_section][et_pb_section fb_built=&#8221;1&#8243; admin_label=&#8221;About Us Section&#8221; _builder_version=&#8221;4.7.4&#8243; background_color=&#8221;#ffffff&#8221; custom_padding=&#8221;13px|0px|19px|0px||&#8221;][et_pb_row column_structure=&#8221;1_2,1_2&#8243; make_equal=&#8221;on&#8221; admin_label=&#8221;Row&#8221; _builder_version=&#8221;4.7.4&#8243; custom_padding=&#8221;|||&#8221;][et_pb_column type=&#8221;1_2&#8243; _builder_version=&#8221;3.25&#8243; custom_padding=&#8221;|||&#8221; custom_padding__hover=&#8221;|||&#8221;][et_pb_image src=&#8221;https:\/\/hipguard.eu\/wp-content\/uploads\/2020\/12\/maquette-site-hipguard-22.png&#8221; title_text=&#8221;maquette site hipguard-22&#8243; _builder_version=&#8221;4.7.4&#8243; _module_preset=&#8221;default&#8221;][\/et_pb_image][\/et_pb_column][et_pb_column type=&#8221;1_2&#8243; _builder_version=&#8221;4.7.4&#8243; custom_padding=&#8221;|||&#8221; custom_css_main_element=&#8221;margin:auto;&#8221; custom_padding__hover=&#8221;|||&#8221;][et_pb_text _builder_version=&#8221;4.7.4&#8243; _module_preset=&#8221;default&#8221; header_2_font=&#8221;|||on|||||&#8221; header_2_text_align=&#8221;center&#8221; header_2_text_color=&#8221;#272250&#8243; header_2_font_size=&#8221;32px&#8221; header_2_line_height=&#8221;1.2em&#8221;]<\/p>\n<h2 style=\"text-align: left;\">Airbag mit anatomischem Design<\/h2>\n<p>[\/et_pb_text][et_pb_text _builder_version=&#8221;4.7.4&#8243; text_font=&#8221;||||||||&#8221; text_text_color=&#8221;#272250&#8243; header_font=&#8221;||||||||&#8221;]<\/p>\n<div class=\"How-Texte-Droite\">\n<p>Die Hufeisenform des Airbags sch\u00fctzt den Oberschenkelhalsknochen, indem sie ihn isoliert und die Kraft des Aufpralls lenkt. Dadurch wird die Kraft um den Knochen herum und nicht auf den Knochen verteilt.<\/p>\n<\/div>\n<div class=\"How-Texte-Droite\">\n<p>Diese Form erm\u00f6glicht eine bessere Absorption des Aufprallschocks, um das Risiko einer H\u00fcftfraktur zu reduzieren.<\/p>\n<p>Nach dem Aufprall auf den Boden bleibt der Airbag f\u00fcr einige Sekunden aufgeblasen und entl\u00e4sst die Luft dann automatisch.<\/p>\n<\/div>\n<div style=\"clear: both;\"><\/div>\n<p>[\/et_pb_text][\/et_pb_column][\/et_pb_row][\/et_pb_section][et_pb_section fb_built=&#8221;1&#8243; _builder_version=&#8221;4.7.4&#8243; _module_preset=&#8221;default&#8221; background_color=&#8221;#87cdda&#8221;][et_pb_row _builder_version=&#8221;4.7.4&#8243; _module_preset=&#8221;default&#8221;][et_pb_column type=&#8221;4_4&#8243; _builder_version=&#8221;4.7.4&#8243; _module_preset=&#8221;default&#8221;][et_pb_text _builder_version=&#8221;4.7.4&#8243; _module_preset=&#8221;default&#8221; header_2_text_align=&#8221;center&#8221; header_2_text_color=&#8221;#ffffff&#8221; header_2_letter_spacing=&#8221;1px&#8221; header_2_line_height=&#8221;1.3em&#8221; width=&#8221;100%&#8221;]<\/p>\n<h2>H\u00dcFT-AIRBAGS REDUZIEREN DIE\u00a0 AUFPRALLKRAFT UM MEHR ALS 85% UND K\u00d6NNEN SO DAZU BEITRAGEN, DIE ZAHL DER H\u00dcFTFRAKTUREN ZU VERRINGERN.<\/h2>\n<p>[\/et_pb_text][et_pb_button button_url=&#8221;https:\/\/hipguard.eu\/wp-content\/uploads\/2021\/02\/Virginia-Tech-experiment-on-airbag-hi-protectors.pdf&#8221; url_new_window=&#8221;on&#8221; button_text=&#8221;Schauen Sie sich die Studie der Virginia Tech an&#8221; button_alignment=&#8221;center&#8221; _builder_version=&#8221;4.7.4&#8243; _module_preset=&#8221;default&#8221; background_layout=&#8221;dark&#8221;][\/et_pb_button][\/et_pb_column][\/et_pb_row][\/et_pb_section][et_pb_section fb_built=&#8221;1&#8243; _builder_version=&#8221;4.7.4&#8243; _module_preset=&#8221;default&#8221;][et_pb_row column_structure=&#8221;1_2,1_2&#8243; make_equal=&#8221;on&#8221; admin_label=&#8221;Row&#8221; _builder_version=&#8221;4.7.4&#8243; custom_padding=&#8221;|||&#8221;][et_pb_column type=&#8221;1_2&#8243; _builder_version=&#8221;4.7.4&#8243; custom_padding=&#8221;|||&#8221; custom_css_main_element=&#8221;margin:auto;&#8221; custom_padding__hover=&#8221;|||&#8221;][et_pb_text _builder_version=&#8221;4.7.4&#8243; _module_preset=&#8221;default&#8221; header_2_font=&#8221;|||on|||||&#8221; header_2_text_align=&#8221;center&#8221; header_2_text_color=&#8221;#272250&#8243; header_2_font_size=&#8221;32px&#8221;]<\/p>\n<h2 style=\"text-align: left;\">einfach zu bedienender gurt<\/h2>\n<p>[\/et_pb_text][et_pb_text _builder_version=&#8221;4.7.4&#8243; text_font=&#8221;||||||||&#8221; text_text_color=&#8221;#272250&#8243; header_font=&#8221;||||||||&#8221;]<\/p>\n<p>Hip\u2019Guard ist zu 100% automatisch und sehr einfach zu nutzen.<\/p>\n<p> <strong>System aktivieren:<\/strong><br \/> 1. Stellen Sie den Gurt an Ihrer H\u00fcfte ein,<br \/> 2. Schlie\u00dfen Sie den Gurt.<\/p>\n<p> <strong>System ausschalten<\/strong>: Entfernen Sie den Gurt.<\/p>\n<p>Das System warnt Sie auch, wenn:<br \/> &#8211; der Gurt falsch herum ist<br \/> &#8211; die Gaskartuschen fehlen oder bereits verbraucht sind<br \/> &#8211; die Akkuladung niedrig ist<\/p>\n<p>&nbsp;<\/p>\n<p>[\/et_pb_text][\/et_pb_column][et_pb_column type=&#8221;1_2&#8243; _builder_version=&#8221;3.25&#8243; custom_padding=&#8221;|||&#8221; custom_padding__hover=&#8221;|||&#8221;][et_pb_image src=&#8221;https:\/\/hipguard.eu\/wp-content\/uploads\/2021\/01\/maquette-site-hipguard-20.png&#8221; title_text=&#8221;maquette site hipguard-20&#8243; _builder_version=&#8221;4.7.4&#8243; _module_preset=&#8221;default&#8221;][\/et_pb_image][\/et_pb_column][\/et_pb_row][\/et_pb_section][et_pb_section fb_built=&#8221;1&#8243; prev_background_color=&#8221;#ffffff&#8221; next_background_color=&#8221;#ffffff&#8221; admin_label=&#8221;About Us Section&#8221; _builder_version=&#8221;4.7.4&#8243; background_color=&#8221;#272250&#8243; custom_padding=&#8221;110px|0px|62px|0px||&#8221; top_divider_style=&#8221;asymmetric2&#8243; bottom_divider_style=&#8221;asymmetric2&#8243;][et_pb_row column_structure=&#8221;1_2,1_2&#8243; make_equal=&#8221;on&#8221; admin_label=&#8221;Row&#8221; _builder_version=&#8221;4.7.4&#8243; custom_padding=&#8221;|||&#8221;][et_pb_column type=&#8221;1_2&#8243; _builder_version=&#8221;4.7.4&#8243; custom_padding=&#8221;|||&#8221; custom_css_main_element=&#8221;margin:auto;&#8221; custom_padding__hover=&#8221;|||&#8221;][et_pb_text _builder_version=&#8221;4.7.4&#8243; _module_preset=&#8221;default&#8221; header_text_color=&#8221;#ffffff&#8221; header_2_font=&#8221;|||on|||||&#8221; header_2_text_align=&#8221;center&#8221; header_2_text_color=&#8221;#ffffff&#8221; header_2_font_size=&#8221;32px&#8221;]<\/p>\n<h2 style=\"text-align: left;\">wiederverwendbarer Airbag<\/h2>\n<p>[\/et_pb_text][et_pb_text _builder_version=&#8221;4.7.4&#8243; text_font=&#8221;||||||||&#8221; text_text_color=&#8221;#ffffff&#8221; header_font=&#8221;||||||||&#8221; custom_padding=&#8221;0px|0px||0px||&#8221;]<\/p>\n<div class=\"How-Texte-Droite\">\n<p>Hip&#8217;Guard ist nach einem Sturz wiederverwendbar.<br \/>Um das Airbag-System wiederzuverwenden, m\u00fcssen Sie nur:<\/p>\n<p>1. Den ausgel\u00f6sten Airbag wieder falten.<br \/> 2. Die Gaskartusche wechseln.<\/p>\n<p>&nbsp;<\/p>\n<\/div>\n<div style=\"clear: both;\"><\/div>\n<p>[\/et_pb_text][\/et_pb_column][et_pb_column type=&#8221;1_2&#8243; _builder_version=&#8221;4.7.4&#8243; custom_padding=&#8221;|||&#8221; custom_padding__hover=&#8221;|||&#8221;][et_pb_image src=&#8221;https:\/\/hipguard.eu\/wp-content\/uploads\/2020\/12\/maquette-site-hipguard-24.png&#8221; title_text=&#8221;maquette site hipguard-24&#8243; _builder_version=&#8221;4.7.4&#8243; _module_preset=&#8221;default&#8221;][\/et_pb_image][\/et_pb_column][\/et_pb_row][\/et_pb_section][et_pb_section fb_built=&#8221;1&#8243; _builder_version=&#8221;4.7.4&#8243; _module_preset=&#8221;default&#8221;][et_pb_row column_structure=&#8221;1_2,1_2&#8243; make_equal=&#8221;on&#8221; admin_label=&#8221;Row&#8221; _builder_version=&#8221;4.7.4&#8243; custom_padding=&#8221;|||&#8221;][et_pb_column type=&#8221;1_2&#8243; _builder_version=&#8221;3.25&#8243; custom_padding=&#8221;|||&#8221; custom_padding__hover=&#8221;|||&#8221;][et_pb_image src=&#8221;https:\/\/hipguard.eu\/wp-content\/uploads\/2021\/02\/maquette-site-hipguard-20-4.png&#8221; title_text=&#8221;maquette site hipguard-20&#8243; _builder_version=&#8221;4.7.4&#8243; _module_preset=&#8221;default&#8221;][\/et_pb_image][\/et_pb_column][et_pb_column type=&#8221;1_2&#8243; _builder_version=&#8221;4.7.4&#8243; custom_padding=&#8221;|||&#8221; custom_css_main_element=&#8221;margin:auto;&#8221; custom_padding__hover=&#8221;|||&#8221;][et_pb_text _builder_version=&#8221;4.7.4&#8243; _module_preset=&#8221;default&#8221; header_2_font=&#8221;|||on|||||&#8221; header_2_text_align=&#8221;center&#8221; header_2_text_color=&#8221;#272250&#8243; header_2_font_size=&#8221;32px&#8221;]<\/p>\n<h2 style=\"text-align: left;\">Autonomie<\/h2>\n<p>[\/et_pb_text][et_pb_text _builder_version=&#8221;4.7.4&#8243; text_font=&#8221;||||||||&#8221; text_text_color=&#8221;#272250&#8243; header_font=&#8221;||||||||&#8221;]<\/p>\n<p>Hip&#8217;Guard hat eine lange Autonomie: Der Akku h\u00e4lt bis zu 5 Tage. Eine rote LED und ein Piepton zeigen an, dass der Ladezustand des Akkus niedrig ist und er aufgeladen werden muss.<\/p>\n<p>Das System schaltet automatisch in den Schlafmodus, wenn der Airbag-Gurt abgenommen wird oder der Tr\u00e4ger des Gurtes sich hinlegt.<\/p>\n<p>[\/et_pb_text][\/et_pb_column][\/et_pb_row][\/et_pb_section]<\/p>\n","protected":false},"excerpt":{"rendered":"<p>[et_pb_section fb_built=&#8221;1&#8243; next_background_color=&#8221;#ffffff&#8221; admin_label=&#8221;Hero Section&#8221; _builder_version=&#8221;4.7.4&#8243; background_color=&#8221;#87cdda&#8221; background_color_gradient_direction=&#8221;72deg&#8221; min_height=&#8221;455px&#8221; custom_padding=&#8221;41px|0px|110px|0px||&#8221; bottom_divider_style=&#8221;asymmetric2&#8243;][et_pb_row column_structure=&#8221;3_5,2_5&#8243; make_equal=&#8221;on&#8221; _builder_version=&#8221;4.7.4&#8243; background_size=&#8221;initial&#8221; background_position=&#8221;top_left&#8221; background_repeat=&#8221;repeat&#8221; module_alignment=&#8221;center&#8221; custom_padding=&#8221;0px||3px|||&#8221;][et_pb_column type=&#8221;3_5&#8243; _builder_version=&#8221;4.7.4&#8243; custom_padding=&#8221;60px|||&#8221; custom_css_main_element=&#8221;margin:auto;&#8221; custom_padding__hover=&#8221;|||&#8221;][et_pb_text _builder_version=&#8221;4.7.4&#8243; text_font=&#8221;||||||||&#8221; header_font=&#8221;|800||on|||||&#8221; header_text_align=&#8221;left&#8221; header_text_color=&#8221;#ffffff&#8221; header_font_size=&#8221;60px&#8221; header_line_height=&#8221;1.3em&#8221; header_2_font=&#8221;|300||on|||||&#8221; header_2_text_color=&#8221;#ffffff&#8221; header_2_font_size=&#8221;37px&#8221; header_2_line_height=&#8221;1.4em&#8221; min_height=&#8221;260px&#8221; custom_margin=&#8221;-54px||||false|false&#8221; custom_padding=&#8221;||0px|||&#8221; header_font_tablet=&#8221;&#8221; header_font_phone=&#8221;&#8221; header_font_last_edited=&#8221;on|desktop&#8221; header_text_align_tablet=&#8221;center&#8221; header_text_align_phone=&#8221;&#8221; header_text_align_last_edited=&#8221;on|phone&#8221; header_font_size_tablet=&#8221;&#8221; header_font_size_phone=&#8221;37px&#8221; header_font_size_last_edited=&#8221;on|phone&#8221; header_2_text_align_tablet=&#8221;center&#8221; header_2_text_align_phone=&#8221;&#8221; header_2_text_align_last_edited=&#8221;on|tablet&#8221; header_2_font_size_tablet=&#8221;&#8221; header_2_font_size_phone=&#8221;22px&#8221; header_2_font_size_last_edited=&#8221;on|tablet&#8221;] AIRBAG- TECHNOLOGIE [&hellip;]<\/p>\n","protected":false},"author":1,"featured_media":0,"parent":0,"menu_order":0,"comment_status":"closed","ping_status":"closed","template":"","meta":{"_et_pb_use_builder":"on","_et_pb_old_content":"","_et_gb_content_width":""},"yoast_head":"<!-- This site is optimized with the Yoast SEO Premium plugin v15.7 - https:\/\/yoast.com\/wordpress\/plugins\/seo\/ -->\n<title>Hip Guard - Eine Airbag-Technologie, die Senioren sch\u00fctzt<\/title>\n<meta name=\"description\" content=\"Entdecken Sie die Airbag-Technologie zum Schutz \u00e4lterer Menschen, um die Zahl der H\u00fcftfrakturen zu reduzieren\" \/>\n<meta name=\"robots\" content=\"index, follow, max-snippet:-1, max-image-preview:large, max-video-preview:-1\" \/>\n<link rel=\"canonical\" href=\"https:\/\/hipguard.eu\/de\/technologie-airbag-de\/\" \/>\n<meta property=\"og:locale\" content=\"de_DE\" \/>\n<meta property=\"og:type\" content=\"article\" \/>\n<meta property=\"og:title\" content=\"Hip Guard - Eine Airbag-Technologie, die Senioren sch\u00fctzt\" \/>\n<meta property=\"og:description\" content=\"Entdecken Sie die Airbag-Technologie zum Schutz \u00e4lterer Menschen, um die Zahl der H\u00fcftfrakturen zu reduzieren\" \/>\n<meta property=\"og:url\" content=\"https:\/\/hipguard.eu\/de\/technologie-airbag-de\/\" \/>\n<meta property=\"og:site_name\" content=\"Hip Guard\" \/>\n<meta property=\"article:modified_time\" content=\"2021-05-25T09:52:24+00:00\" \/>\n<meta name=\"twitter:card\" content=\"summary_large_image\" \/>\n<meta name=\"twitter:label1\" content=\"Gesch\u00e4tzte Lesezeit\">\n\t<meta name=\"twitter:data1\" content=\"8\u00a0Minuten\">\n<script type=\"application\/ld+json\" class=\"yoast-schema-graph\">{\"@context\":\"https:\/\/schema.org\",\"@graph\":[{\"@type\":\"Organization\",\"@id\":\"https:\/\/hipguard.eu\/#organization\",\"name\":\"HIP GUARD\",\"url\":\"https:\/\/hipguard.eu\/\",\"sameAs\":[],\"logo\":{\"@type\":\"ImageObject\",\"@id\":\"https:\/\/hipguard.eu\/#logo\",\"inLanguage\":\"de\",\"url\":\"https:\/\/hipguard.eu\/wp-content\/uploads\/2021\/02\/maquette-site-hipguard_favicon.png\",\"width\":512,\"height\":512,\"caption\":\"HIP GUARD\"},\"image\":{\"@id\":\"https:\/\/hipguard.eu\/#logo\"}},{\"@type\":\"WebSite\",\"@id\":\"https:\/\/hipguard.eu\/#website\",\"url\":\"https:\/\/hipguard.eu\/\",\"name\":\"Hip Guard\",\"description\":\"Ceinture airbag pour les hanches\",\"publisher\":{\"@id\":\"https:\/\/hipguard.eu\/#organization\"},\"potentialAction\":[{\"@type\":\"SearchAction\",\"target\":\"https:\/\/hipguard.eu\/?s={search_term_string}\",\"query-input\":\"required name=search_term_string\"}],\"inLanguage\":\"de\"},{\"@type\":\"WebPage\",\"@id\":\"https:\/\/hipguard.eu\/de\/technologie-airbag-de\/#webpage\",\"url\":\"https:\/\/hipguard.eu\/de\/technologie-airbag-de\/\",\"name\":\"Hip Guard - Eine Airbag-Technologie, die Senioren sch\\u00fctzt\",\"isPartOf\":{\"@id\":\"https:\/\/hipguard.eu\/#website\"},\"datePublished\":\"2020-11-26T15:28:28+00:00\",\"dateModified\":\"2021-05-25T09:52:24+00:00\",\"description\":\"Entdecken Sie die Airbag-Technologie zum Schutz \\u00e4lterer Menschen, um die Zahl der H\\u00fcftfrakturen zu reduzieren\",\"inLanguage\":\"de\",\"potentialAction\":[{\"@type\":\"ReadAction\",\"target\":[\"https:\/\/hipguard.eu\/de\/technologie-airbag-de\/\"]}]}]}<\/script>\n<!-- \/ Yoast SEO Premium plugin. -->","_links":{"self":[{"href":"https:\/\/hipguard.eu\/de\/wp-json\/wp\/v2\/pages\/948"}],"collection":[{"href":"https:\/\/hipguard.eu\/de\/wp-json\/wp\/v2\/pages"}],"about":[{"href":"https:\/\/hipguard.eu\/de\/wp-json\/wp\/v2\/types\/page"}],"author":[{"embeddable":true,"href":"https:\/\/hipguard.eu\/de\/wp-json\/wp\/v2\/users\/1"}],"replies":[{"embeddable":true,"href":"https:\/\/hipguard.eu\/de\/wp-json\/wp\/v2\/comments?post=948"}],"version-history":[{"count":40,"href":"https:\/\/hipguard.eu\/de\/wp-json\/wp\/v2\/pages\/948\/revisions"}],"predecessor-version":[{"id":2356,"href":"https:\/\/hipguard.eu\/de\/wp-json\/wp\/v2\/pages\/948\/revisions\/2356"}],"wp:attachment":[{"href":"https:\/\/hipguard.eu\/de\/wp-json\/wp\/v2\/media?parent=948"}],"curies":[{"name":"wp","href":"https:\/\/api.w.org\/{rel}","templated":true}]}}