{"id":925,"date":"2020-11-26T16:28:06","date_gmt":"2020-11-26T15:28:06","guid":{"rendered":"https:\/\/hipguard.eu\/fracture-de-la-hanche\/"},"modified":"2021-03-02T16:02:15","modified_gmt":"2021-03-02T15:02:15","slug":"hueftfraktur","status":"publish","type":"page","link":"https:\/\/hipguard.eu\/de\/hueftfraktur\/","title":{"rendered":"H\u00dcFTFRAKTUR"},"content":{"rendered":"<p>[et_pb_section fb_built=&#8221;1&#8243; next_background_color=&#8221;#272250&#8243; _builder_version=&#8221;4.7.4&#8243; _module_preset=&#8221;default&#8221; background_image=&#8221;https:\/\/hipguard.eu\/wp-content\/uploads\/2021\/01\/maquette-site-hipguard-28.png&#8221; background_position=&#8221;center_left&#8221; min_height=&#8221;397px&#8221; bottom_divider_style=&#8221;asymmetric2&#8243; background_last_edited=&#8221;on|phone&#8221;][et_pb_row make_equal=&#8221;on&#8221; _builder_version=&#8221;4.7.4&#8243; _module_preset=&#8221;default&#8221; custom_css_main_element=&#8221;margin:auto;&#8221;][et_pb_column type=&#8221;4_4&#8243; _builder_version=&#8221;4.7.4&#8243; _module_preset=&#8221;default&#8221; custom_css_main_element=&#8221;margin:auto;&#8221;][et_pb_text _builder_version=&#8221;4.7.4&#8243; _module_preset=&#8221;default&#8221; header_text_align=&#8221;center&#8221; header_text_color=&#8221;#ffffff&#8221; header_font_size=&#8221;60px&#8221; header_font_size_tablet=&#8221;&#8221; header_font_size_phone=&#8221;37px&#8221; header_font_size_last_edited=&#8221;on|phone&#8221; header_text_shadow_style=&#8221;preset1&#8243;]<\/p>\n<h1>Die H\u00fcftfraktur<\/h1>\n<p>[\/et_pb_text][\/et_pb_column][\/et_pb_row][\/et_pb_section][et_pb_section fb_built=&#8221;1&#8243; next_background_color=&#8221;#ffffff&#8221; _builder_version=&#8221;4.7.4&#8243; _module_preset=&#8221;default&#8221; background_color=&#8221;#272250&#8243; custom_padding=&#8221;||122px|||&#8221; bottom_divider_style=&#8221;asymmetric2&#8243;][et_pb_row column_structure=&#8221;1_4,1_4,1_4,1_4&#8243; _builder_version=&#8221;4.7.4&#8243; _module_preset=&#8221;default&#8221;][et_pb_column type=&#8221;1_4&#8243; _builder_version=&#8221;4.7.4&#8243; _module_preset=&#8221;default&#8221;][et_pb_number_counter title=&#8221;H\u00fcftfrakturen jedes Jahr in Deutschland&#8221; number=&#8221;130.000&#8243; percent_sign=&#8221;off&#8221; _builder_version=&#8221;4.7.4&#8243; _module_preset=&#8221;default&#8221; title_text_color=&#8221;#ffffff&#8221; number_text_color=&#8221;#ffffff&#8221; number_font_size=&#8221;61px&#8221; background_layout=&#8221;dark&#8221; custom_margin=&#8221;|-16px||||&#8221; link_option_url=&#8221;https:\/\/www.ncbi.nlm.nih.gov\/pmc\/articles\/PMC3880492\/&#8221; link_option_url_new_window=&#8221;on&#8221;][\/et_pb_number_counter][\/et_pb_column][et_pb_column type=&#8221;1_4&#8243; _builder_version=&#8221;4.7.4&#8243; _module_preset=&#8221;default&#8221;][et_pb_number_counter title=&#8221;der Frakturen verlaufen aufgrund von nachfolgenden Komplikationen innerhalb eines Jahres t\u00f6dlich&#8221; number=&#8221;25&#8243; _builder_version=&#8221;4.7.4&#8243; _module_preset=&#8221;default&#8221; number_text_color=&#8221;#ffffff&#8221; background_layout=&#8221;dark&#8221;][\/et_pb_number_counter][\/et_pb_column][et_pb_column type=&#8221;1_4&#8243; _builder_version=&#8221;4.7.4&#8243; _module_preset=&#8221;default&#8221;][et_pb_number_counter title=&#8221;der Betroffenen verlieren ihre Unabh\u00e4ngigkeit f\u00fcr immer&#8221; number=&#8221;50&#8243; _builder_version=&#8221;4.7.4&#8243; _module_preset=&#8221;default&#8221; number_text_color=&#8221;#ffffff&#8221; background_layout=&#8221;dark&#8221;][\/et_pb_number_counter][\/et_pb_column][et_pb_column type=&#8221;1_4&#8243; _builder_version=&#8221;4.7.4&#8243; _module_preset=&#8221;default&#8221;][et_pb_number_counter title=&#8221;Euro werden im ersten Jahr nach einer H\u00fcftfraktur ausgegeben.&#8221; number=&#8221;19.000&#8243; percent_sign=&#8221;off&#8221; number_last_edited=&#8221;off|desktop&#8221; _builder_version=&#8221;4.7.4&#8243; _module_preset=&#8221;default&#8221; number_text_color=&#8221;#ffffff&#8221; background_layout=&#8221;dark&#8221; link_option_url=&#8221;https:\/\/www.ncbi.nlm.nih.gov\/pmc\/articles\/PMC3880492\/&#8221; link_option_url_new_window=&#8221;on&#8221; number__hover_enabled=&#8221;off|desktop&#8221;][\/et_pb_number_counter][\/et_pb_column][\/et_pb_row][\/et_pb_section][et_pb_section fb_built=&#8221;1&#8243; _builder_version=&#8221;4.7.4&#8243; _module_preset=&#8221;default&#8221; background_enable_color=&#8221;off&#8221; custom_margin=&#8221;-2px|||||&#8221; custom_padding=&#8221;||0px|||&#8221;][et_pb_row column_structure=&#8221;1_2,1_2&#8243; make_equal=&#8221;on&#8221; _builder_version=&#8221;4.7.4&#8243; _module_preset=&#8221;default&#8221; min_height=&#8221;364px&#8221; custom_margin=&#8221;-56px|auto||auto||&#8221;][et_pb_column type=&#8221;1_2&#8243; _builder_version=&#8221;4.7.4&#8243; _module_preset=&#8221;default&#8221;][et_pb_image src=&#8221;https:\/\/hipguard.eu\/wp-content\/uploads\/2020\/11\/fracture-femur.png&#8221; title_text=&#8221;fracture femur&#8221; _builder_version=&#8221;4.7.4&#8243; _module_preset=&#8221;default&#8221; width=&#8221;100%&#8221; custom_padding=&#8221;|||0px||&#8221;][\/et_pb_image][\/et_pb_column][et_pb_column type=&#8221;1_2&#8243; _builder_version=&#8221;4.7.4&#8243; _module_preset=&#8221;default&#8221; custom_css_main_element=&#8221;margin:auto;&#8221;][et_pb_text _builder_version=&#8221;4.7.4&#8243; _module_preset=&#8221;default&#8221; text_text_color=&#8221;#272250&#8243; header_2_text_color=&#8221;#272250&#8243; header_2_font_size=&#8221;32px&#8221; header_2_line_height=&#8221;1.2em&#8221;]<\/p>\n<div>\n<h2>H\u00dcFTFRAKTUR<\/h2>\n<p><strong><\/strong><\/p>\n<p><strong>Definition:<\/strong> Bei einem Aufprall, oft als Folge eines Sturzes, bricht das obere Ende des Oberschenkelknochens. In der Regel tritt die Fraktur im Oberschenkelhals oder im Trochanterknochen auf.<\/p>\n<p><strong>Behandlung: <\/strong>Meistens werden Patienten, die eine H\u00fcftfraktur erleiden, so schnell wie m\u00f6glich operiert und der gebrochene Knochen durch eine Prothese ersetzt.<\/p>\n<p><strong>Genesung:<\/strong> Die Rehabilitation sollte unmittelbar nach der Operation durchgef\u00fchrt werden, f\u00fcr einen Zeitraum von 3 Monaten bis 1 Jahr. F\u00fcr eine bessere Genesung muss der Patient so schnell wie m\u00f6glich wieder gehen.<\/p>\n<p><strong>Betroffenen:<\/strong> Die meisten H\u00fcftfrakturen betreffen \u00e4ltere Menschen, vor allem Frauen (75 %), deren Knochen aufgrund von Osteoporose anf\u00e4lliger f\u00fcr Br\u00fcche sind.<\/p>\n<\/div>\n<p>[\/et_pb_text][\/et_pb_column][\/et_pb_row][\/et_pb_section][et_pb_section fb_built=&#8221;1&#8243; _builder_version=&#8221;4.7.4&#8243; _module_preset=&#8221;default&#8221; background_color=&#8221;#87cdda&#8221;][et_pb_row _builder_version=&#8221;4.7.4&#8243; _module_preset=&#8221;default&#8221;][et_pb_column type=&#8221;4_4&#8243; _builder_version=&#8221;4.7.4&#8243; _module_preset=&#8221;default&#8221;][et_pb_text _builder_version=&#8221;4.7.4&#8243; _module_preset=&#8221;default&#8221; header_2_text_align=&#8221;center&#8221; header_2_text_color=&#8221;#ffffff&#8221; header_2_font_size=&#8221;32px&#8221; header_2_line_height=&#8221;1.2em&#8221;]<\/p>\n<h2>Existierende L\u00f6sungen sind ineffektiv<\/h2>\n<p>[\/et_pb_text][et_pb_text _builder_version=&#8221;4.7.4&#8243; _module_preset=&#8221;default&#8221; header_3_font=&#8221;|300|||||||&#8221; header_3_text_align=&#8221;center&#8221; header_3_text_color=&#8221;#ffffff&#8221; header_3_line_height=&#8221;1.1em&#8221;]<\/p>\n<h3>Eine Meta-Analyse von 11 klinischen Studien hat gezeigt, dass klassische Protektoren mit Hart- oder Schaumstoffschalen eine unsichere oder nicht vorhandene Wirksamkeit haben.<\/h3>\n<p>[\/et_pb_text][et_pb_button button_url=&#8221;https:\/\/hipguard.eu\/wp-content\/uploads\/2021\/02\/Effectiveness-of-Hip-Protectors.pdf&#8221; url_new_window=&#8221;on&#8221; button_text=&#8221;Zur Meta-Analyse&#8221; button_alignment=&#8221;center&#8221; _builder_version=&#8221;4.7.4&#8243; _module_preset=&#8221;default&#8221; custom_button=&#8221;on&#8221; button_text_color=&#8221;#ffffff&#8221; button_bg_color=&#8221;rgba(0,0,0,0)&#8221; background_layout=&#8221;dark&#8221;][\/et_pb_button][\/et_pb_column][\/et_pb_row][\/et_pb_section][et_pb_section fb_built=&#8221;1&#8243; _builder_version=&#8221;4.7.4&#8243; _module_preset=&#8221;default&#8221; custom_margin=&#8221;-2px|||||&#8221; custom_padding=&#8221;0px|||||&#8221;][et_pb_row _builder_version=&#8221;4.7.4&#8243; _module_preset=&#8221;default&#8221;][et_pb_column type=&#8221;4_4&#8243; _builder_version=&#8221;4.7.4&#8243; _module_preset=&#8221;default&#8221;][et_pb_text _builder_version=&#8221;4.7.4&#8243; _module_preset=&#8221;default&#8221; header_2_font=&#8221;|||on|||||&#8221; header_2_text_align=&#8221;center&#8221; header_2_text_color=&#8221;#272250&#8243; header_2_font_size=&#8221;32px&#8221; header_2_line_height=&#8221;1.2em&#8221;]<\/p>\n<h2 style=\"font-size: 2em; color: #272250; margin-top: 0px; padding-top: 25px; text-align: center;\">Wirksamkeit des Airbag-schutzes<\/h2>\n<p>[\/et_pb_text][\/et_pb_column][\/et_pb_row][et_pb_row column_structure=&#8221;1_2,1_2&#8243; make_equal=&#8221;on&#8221; _builder_version=&#8221;4.7.4&#8243; _module_preset=&#8221;default&#8221; custom_margin=&#8221;-56px|auto||auto||&#8221;][et_pb_column type=&#8221;1_2&#8243; _builder_version=&#8221;4.7.4&#8243; _module_preset=&#8221;default&#8221;][et_pb_image src=&#8221;https:\/\/hipguard.eu\/wp-content\/uploads\/2021\/02\/maquette-site-hipguard-37-1.png&#8221; title_text=&#8221;maquette site hipguard-37&#8243; _builder_version=&#8221;4.7.4&#8243; _module_preset=&#8221;default&#8221; width=&#8221;100%&#8221; custom_padding=&#8221;|||0px||&#8221;][\/et_pb_image][\/et_pb_column][et_pb_column type=&#8221;1_2&#8243; _builder_version=&#8221;4.7.4&#8243; _module_preset=&#8221;default&#8221; custom_css_main_element=&#8221;margin:auto;&#8221;][et_pb_text _builder_version=&#8221;4.7.4&#8243; _module_preset=&#8221;default&#8221; text_text_color=&#8221;#272250&#8243; header_3_font_size=&#8221;23px&#8221; header_3_line_height=&#8221;1.2em&#8221;]<\/p>\n<h3>AIRBAG-SCHUTZ REDUZIERT DIE KRAFT DES AUFPRALLS<\/h3>\n<p>Forscher der Virginia Tech verglichen die Reduzierung der Aufprallkraft bei einem Sturz zwischen Airbag-H\u00fcftprotektoren und herk\u00f6mmlichen H\u00fcftprotektoren.<\/p>\n<p><strong>Ergebnis:<\/strong><\/p>\n<p>Nur die Airbags hielten die Kraft des Aufpralls UNTER DER ANERKANNTEN H\u00fcFTBRUCHSCHWELLE und reduzierten den Aufprall um 85 %*.<o:p><\/o:p><\/p>\n<p><a href=\"https:\/\/hipguard.eu\/wp-content\/uploads\/2021\/02\/Virginia-Tech-experiment-on-airbag-hi-protectors.pdf\" target=\"_blank\" rel=\"noopener noreferrer\"><em>*Virginia Tech \u2013 Development of an inflatable hip protection system: design for hip fracture prevention and increased compliance (2006)<\/em><\/a><\/p>\n<p>[\/et_pb_text][\/et_pb_column][\/et_pb_row][\/et_pb_section]<\/p>\n","protected":false},"excerpt":{"rendered":"<p>[et_pb_section fb_built=&#8221;1&#8243; next_background_color=&#8221;#272250&#8243; _builder_version=&#8221;4.7.4&#8243; _module_preset=&#8221;default&#8221; background_image=&#8221;https:\/\/hipguard.eu\/wp-content\/uploads\/2021\/01\/maquette-site-hipguard-28.png&#8221; background_position=&#8221;center_left&#8221; min_height=&#8221;397px&#8221; bottom_divider_style=&#8221;asymmetric2&#8243; background_last_edited=&#8221;on|phone&#8221;][et_pb_row make_equal=&#8221;on&#8221; _builder_version=&#8221;4.7.4&#8243; _module_preset=&#8221;default&#8221; custom_css_main_element=&#8221;margin:auto;&#8221;][et_pb_column type=&#8221;4_4&#8243; _builder_version=&#8221;4.7.4&#8243; _module_preset=&#8221;default&#8221; custom_css_main_element=&#8221;margin:auto;&#8221;][et_pb_text _builder_version=&#8221;4.7.4&#8243; _module_preset=&#8221;default&#8221; header_text_align=&#8221;center&#8221; header_text_color=&#8221;#ffffff&#8221; header_font_size=&#8221;60px&#8221; header_font_size_tablet=&#8221;&#8221; header_font_size_phone=&#8221;37px&#8221; header_font_size_last_edited=&#8221;on|phone&#8221; header_text_shadow_style=&#8221;preset1&#8243;] Die H\u00fcftfraktur [\/et_pb_text][\/et_pb_column][\/et_pb_row][\/et_pb_section][et_pb_section fb_built=&#8221;1&#8243; next_background_color=&#8221;#ffffff&#8221; _builder_version=&#8221;4.7.4&#8243; _module_preset=&#8221;default&#8221; background_color=&#8221;#272250&#8243; custom_padding=&#8221;||122px|||&#8221; bottom_divider_style=&#8221;asymmetric2&#8243;][et_pb_row column_structure=&#8221;1_4,1_4,1_4,1_4&#8243; _builder_version=&#8221;4.7.4&#8243; _module_preset=&#8221;default&#8221;][et_pb_column type=&#8221;1_4&#8243; _builder_version=&#8221;4.7.4&#8243; _module_preset=&#8221;default&#8221;][et_pb_number_counter title=&#8221;H\u00fcftfrakturen jedes Jahr in Deutschland&#8221; number=&#8221;130.000&#8243; percent_sign=&#8221;off&#8221; _builder_version=&#8221;4.7.4&#8243; _module_preset=&#8221;default&#8221; title_text_color=&#8221;#ffffff&#8221; number_text_color=&#8221;#ffffff&#8221; number_font_size=&#8221;61px&#8221; [&hellip;]<\/p>\n","protected":false},"author":1,"featured_media":0,"parent":0,"menu_order":0,"comment_status":"closed","ping_status":"closed","template":"","meta":{"_et_pb_use_builder":"on","_et_pb_old_content":"","_et_gb_content_width":""},"yoast_head":"<!-- This site is optimized with the Yoast SEO Premium plugin v15.7 - https:\/\/yoast.com\/wordpress\/plugins\/seo\/ -->\n<title>Hip Guard - H\u00fcftfrakturen: Wichtige Fakten und Zahlen<\/title>\n<meta name=\"description\" content=\"Ein innovativer Airbag-Gurt, der dank seines effektiven Schutzsystems H\u00fcftfrakturen nach einem Sturz reduziert.\" \/>\n<meta name=\"robots\" content=\"index, follow, max-snippet:-1, max-image-preview:large, max-video-preview:-1\" \/>\n<link rel=\"canonical\" href=\"https:\/\/hipguard.eu\/de\/hueftfraktur\/\" \/>\n<meta property=\"og:locale\" content=\"de_DE\" \/>\n<meta property=\"og:type\" content=\"article\" \/>\n<meta property=\"og:title\" content=\"Hip Guard - H\u00fcftfrakturen: Wichtige Fakten und Zahlen\" \/>\n<meta property=\"og:description\" content=\"Ein innovativer Airbag-Gurt, der dank seines effektiven Schutzsystems H\u00fcftfrakturen nach einem Sturz reduziert.\" \/>\n<meta property=\"og:url\" content=\"https:\/\/hipguard.eu\/de\/hueftfraktur\/\" \/>\n<meta property=\"og:site_name\" content=\"Hip Guard\" \/>\n<meta property=\"article:modified_time\" content=\"2021-03-02T15:02:15+00:00\" \/>\n<meta name=\"twitter:card\" content=\"summary_large_image\" \/>\n<meta name=\"twitter:label1\" content=\"Gesch\u00e4tzte Lesezeit\">\n\t<meta name=\"twitter:data1\" content=\"5\u00a0Minuten\">\n<script type=\"application\/ld+json\" class=\"yoast-schema-graph\">{\"@context\":\"https:\/\/schema.org\",\"@graph\":[{\"@type\":\"Organization\",\"@id\":\"https:\/\/hipguard.eu\/#organization\",\"name\":\"HIP GUARD\",\"url\":\"https:\/\/hipguard.eu\/\",\"sameAs\":[],\"logo\":{\"@type\":\"ImageObject\",\"@id\":\"https:\/\/hipguard.eu\/#logo\",\"inLanguage\":\"de\",\"url\":\"https:\/\/hipguard.eu\/wp-content\/uploads\/2021\/02\/maquette-site-hipguard_favicon.png\",\"width\":512,\"height\":512,\"caption\":\"HIP GUARD\"},\"image\":{\"@id\":\"https:\/\/hipguard.eu\/#logo\"}},{\"@type\":\"WebSite\",\"@id\":\"https:\/\/hipguard.eu\/#website\",\"url\":\"https:\/\/hipguard.eu\/\",\"name\":\"Hip Guard\",\"description\":\"Ceinture airbag pour les hanches\",\"publisher\":{\"@id\":\"https:\/\/hipguard.eu\/#organization\"},\"potentialAction\":[{\"@type\":\"SearchAction\",\"target\":\"https:\/\/hipguard.eu\/?s={search_term_string}\",\"query-input\":\"required name=search_term_string\"}],\"inLanguage\":\"de\"},{\"@type\":\"WebPage\",\"@id\":\"https:\/\/hipguard.eu\/de\/hueftfraktur\/#webpage\",\"url\":\"https:\/\/hipguard.eu\/de\/hueftfraktur\/\",\"name\":\"Hip Guard - H\\u00fcftfrakturen: Wichtige Fakten und Zahlen\",\"isPartOf\":{\"@id\":\"https:\/\/hipguard.eu\/#website\"},\"datePublished\":\"2020-11-26T15:28:06+00:00\",\"dateModified\":\"2021-03-02T15:02:15+00:00\",\"description\":\"Ein innovativer Airbag-Gurt, der dank seines effektiven Schutzsystems H\\u00fcftfrakturen nach einem Sturz reduziert.\",\"inLanguage\":\"de\",\"potentialAction\":[{\"@type\":\"ReadAction\",\"target\":[\"https:\/\/hipguard.eu\/de\/hueftfraktur\/\"]}]}]}<\/script>\n<!-- \/ Yoast SEO Premium plugin. -->","_links":{"self":[{"href":"https:\/\/hipguard.eu\/de\/wp-json\/wp\/v2\/pages\/925"}],"collection":[{"href":"https:\/\/hipguard.eu\/de\/wp-json\/wp\/v2\/pages"}],"about":[{"href":"https:\/\/hipguard.eu\/de\/wp-json\/wp\/v2\/types\/page"}],"author":[{"embeddable":true,"href":"https:\/\/hipguard.eu\/de\/wp-json\/wp\/v2\/users\/1"}],"replies":[{"embeddable":true,"href":"https:\/\/hipguard.eu\/de\/wp-json\/wp\/v2\/comments?post=925"}],"version-history":[{"count":19,"href":"https:\/\/hipguard.eu\/de\/wp-json\/wp\/v2\/pages\/925\/revisions"}],"predecessor-version":[{"id":1859,"href":"https:\/\/hipguard.eu\/de\/wp-json\/wp\/v2\/pages\/925\/revisions\/1859"}],"wp:attachment":[{"href":"https:\/\/hipguard.eu\/de\/wp-json\/wp\/v2\/media?parent=925"}],"curies":[{"name":"wp","href":"https:\/\/api.w.org\/{rel}","templated":true}]}}