{"id":893,"date":"2021-01-21T11:04:19","date_gmt":"2021-01-21T10:04:19","guid":{"rendered":"https:\/\/hipguard.eu\/specialiste-dans-la-protection-du-col-du-femur\/"},"modified":"2021-03-02T15:12:12","modified_gmt":"2021-03-02T14:12:12","slug":"ueber-unser-fachwissen-im-airbag-schutz","status":"publish","type":"page","link":"https:\/\/hipguard.eu\/de\/ueber-unser-fachwissen-im-airbag-schutz\/","title":{"rendered":"\u00dcBER UNS"},"content":{"rendered":"<p>[et_pb_section fb_built=&#8221;1&#8243; fullwidth=&#8221;on&#8221; _builder_version=&#8221;4.7.4&#8243; _module_preset=&#8221;default&#8221; background_color=&#8221;rgba(212,252,245,0.51)&#8221; background_image=&#8221;https:\/\/hipguard.eu\/wp-content\/uploads\/2021\/01\/Banniere-titre-1440&#215;430-technologie.jpg&#8221; background_blend=&#8221;color-dodge&#8221; min_height=&#8221;391px&#8221; bottom_divider_style=&#8221;asymmetric2&#8243; bottom_divider_color=&#8221;#ffffff&#8221;][et_pb_fullwidth_header title=&#8221;\u00dcBER UNS&#8221; subhead=&#8221;Eine Technologie von HELITE&#8221; _builder_version=&#8221;4.7.4&#8243; _module_preset=&#8221;default&#8221; title_level=&#8221;h2&#8243; title_font_size=&#8221;60px&#8221; title_line_height=&#8221;1.4em&#8221; subhead_font=&#8221;|||on|||||&#8221; subhead_text_color=&#8221;#272250&#8243; subhead_font_size=&#8221;24px&#8221; background_color=&#8221;rgba(0,0,0,0)&#8221; background_enable_image=&#8221;off&#8221; title_font_size_tablet=&#8221;&#8221; title_font_size_phone=&#8221;37px&#8221; title_font_size_last_edited=&#8221;on|tablet&#8221;]<\/p>\n<p>Experte im Schutz von \u00e4lteren Menschen<\/p>\n<p>[\/et_pb_fullwidth_header][\/et_pb_section][et_pb_section fb_built=&#8221;1&#8243; _builder_version=&#8221;4.7.4&#8243; _module_preset=&#8221;default&#8221;][et_pb_row _builder_version=&#8221;4.7.4&#8243; _module_preset=&#8221;default&#8221;][et_pb_column type=&#8221;4_4&#8243; _builder_version=&#8221;4.7.4&#8243; _module_preset=&#8221;default&#8221;][et_pb_text _builder_version=&#8221;4.7.4&#8243; _module_preset=&#8221;default&#8221; header_3_text_color=&#8221;#000000&#8243; header_3_line_height=&#8221;1.2em&#8221; header_3_font_size_tablet=&#8221;&#8221; header_3_font_size_phone=&#8221;22px&#8221; header_3_font_size_last_edited=&#8221;on|tablet&#8221;]<\/p>\n<h3 style=\"text-align: center;\">Hip&#8217;Guard ist ein Airbag-System, welches von der Firma HELITE entwickelt wurde.<\/h3>\n<p>[\/et_pb_text][et_pb_image src=&#8221;https:\/\/hipguard.eu\/wp-content\/uploads\/2021\/01\/HELITE-LOGO-COULEUR-RVB.png&#8221; title_text=&#8221;HELITE LOGO COULEUR RVB&#8221; align=&#8221;center&#8221; _builder_version=&#8221;4.7.4&#8243; _module_preset=&#8221;default&#8221; width=&#8221;19%&#8221; width_tablet=&#8221;37%&#8221; width_phone=&#8221;60%&#8221; width_last_edited=&#8221;on|tablet&#8221; min_height_tablet=&#8221;&#8221; min_height_phone=&#8221;&#8221; min_height_last_edited=&#8221;on|phone&#8221;][\/et_pb_image][et_pb_text _builder_version=&#8221;4.7.4&#8243; _module_preset=&#8221;default&#8221;]<\/p>\n<p style=\"text-align: center;\">Helite ist ein franz\u00f6sisches Unternehmen, das seit 2002 Marktf\u00fchrer im Bereich des Airbag-Schutzes ist. Das Unternehmen ist eine weltweite Referenz im Einsatz von Airbag-Technologie bei risikoreichen Aktivit\u00e4ten (Motorrad, Fahrrad und Reiten). In 20 Jahren wurden Tausende von Kunden nach einem Sturz oder einem Unfall gesch\u00fctzt und in Sicherheit gebracht.<\/p>\n<p style=\"text-align: center;\">Heute ist es das Ziel von Helite, einen hochwertigen Airbag-Schutz f\u00fcr \u00e4ltere Menschen anzubieten, um Oberschenkelhalsbr\u00fcchen entgegenzuwirken und und ihnen so im t\u00e4glichen Leben zu helfen.<\/p>\n<p>[\/et_pb_text][\/et_pb_column][\/et_pb_row][et_pb_row column_structure=&#8221;3_5,2_5&#8243; make_equal=&#8221;on&#8221; module_class=&#8221;custom_row&#8221; _builder_version=&#8221;4.7.4&#8243; _module_preset=&#8221;default&#8221; background_color=&#8221;rgba(0,0,0,0)&#8221;][et_pb_column type=&#8221;3_5&#8243; module_class=&#8221;second-on-mobile&#8221; _builder_version=&#8221;4.7.4&#8243; _module_preset=&#8221;default&#8221; custom_css_main_element=&#8221; margin:auto;&#8221;][et_pb_text _builder_version=&#8221;4.7.4&#8243; _module_preset=&#8221;default&#8221;]<\/p>\n<h2>EIN EINZIGARTIGES KNOW-HOW<\/h2>\n<p>Um ein qualitativ hochwertiges und innovatives Produkt zu entwerfen, widmet sich Helite ausschlie\u00dflich der Entwicklung von individuellen Airbag-Schutzsystemen.<\/p>\n<p>[\/et_pb_text][et_pb_button button_url=&#8221;https:\/\/de.helite.com\/&#8221; url_new_window=&#8221;on&#8221; button_text=&#8221;Mehr erfahren&#8221; button_alignment=&#8221;left&#8221; _builder_version=&#8221;4.7.4&#8243; _module_preset=&#8221;default&#8221;][\/et_pb_button][\/et_pb_column][et_pb_column type=&#8221;2_5&#8243; module_class=&#8221;first-on-mobile&#8221; _builder_version=&#8221;4.7.4&#8243; _module_preset=&#8221;default&#8221;][et_pb_image src=&#8221;https:\/\/hipguard.eu\/wp-content\/uploads\/2021\/02\/maquette-site-hipguard-34.png&#8221; title_text=&#8221;maquette site hipguard-34&#8243; _builder_version=&#8221;4.7.4&#8243; _module_preset=&#8221;default&#8221;][\/et_pb_image][\/et_pb_column][\/et_pb_row][et_pb_row column_structure=&#8221;2_5,3_5&#8243; make_equal=&#8221;on&#8221; _builder_version=&#8221;4.7.4&#8243; _module_preset=&#8221;default&#8221; background_color=&#8221;rgba(0,0,0,0)&#8221;][et_pb_column type=&#8221;2_5&#8243; _builder_version=&#8221;4.7.4&#8243; _module_preset=&#8221;default&#8221;][et_pb_image src=&#8221;https:\/\/hipguard.eu\/wp-content\/uploads\/2021\/02\/maquette-site-hipguard-35.png&#8221; title_text=&#8221;maquette site hipguard-35&#8243; _builder_version=&#8221;4.7.4&#8243; _module_preset=&#8221;default&#8221;][\/et_pb_image][\/et_pb_column][et_pb_column type=&#8221;3_5&#8243; _builder_version=&#8221;4.7.4&#8243; _module_preset=&#8221;default&#8221; custom_css_main_element=&#8221; margin:auto;&#8221;][et_pb_text _builder_version=&#8221;4.7.4&#8243; _module_preset=&#8221;default&#8221; custom_padding=&#8221;1px|||||&#8221;]<\/p>\n<h2>INNOVATION F\u00dcR MEHR SCHUTZ<\/h2>\n<p>Zur Vorbeugung von Oberschenkelhalsbr\u00fcchen und damit zum Schutz \u00e4lterer Menschen. Helite ist st\u00e4ndig auf der Suche nach Innovation und Verbesserung in seinem Entwicklungsprozess auf der Grundlage von Zertifizierungen: eine Garantie f\u00fcr Qualit\u00e4t!<\/p>\n<p>[\/et_pb_text][et_pb_button button_url=&#8221;https:\/\/de.helite.com\/&#8221; url_new_window=&#8221;on&#8221; button_text=&#8221;Mehr erfahren&#8221; button_alignment=&#8221;right&#8221; _builder_version=&#8221;4.7.4&#8243; _module_preset=&#8221;default&#8221;][\/et_pb_button][\/et_pb_column][\/et_pb_row][et_pb_row column_structure=&#8221;3_5,2_5&#8243; make_equal=&#8221;on&#8221; module_class=&#8221;custom_row&#8221; _builder_version=&#8221;4.7.4&#8243; _module_preset=&#8221;default&#8221; background_color=&#8221;rgba(0,0,0,0)&#8221;][et_pb_column type=&#8221;3_5&#8243; module_class=&#8221;second-on-mobile&#8221; _builder_version=&#8221;4.7.4&#8243; _module_preset=&#8221;default&#8221; custom_css_main_element=&#8221; margin:auto;&#8221;][et_pb_text _builder_version=&#8221;4.7.4&#8243; _module_preset=&#8221;default&#8221; custom_margin=&#8221;||||false|false&#8221; custom_margin_last_edited=&#8221;off|desktop&#8221;]<\/p>\n<h2>TECHNOLOGIE, KOMFORT UND SICHERHEIT<\/h2>\n<p style=\"text-align: left;\"><span>Die perfekte Kombination f\u00fcr den optimalen Schutz des Oberschenkelhalses! Durch das erfahrene Team hat HELITE ein einzigartiges Know-how im Airbag-Schutz geschaffen.<\/span><\/p>\n<p>[\/et_pb_text][et_pb_button button_url=&#8221;https:\/\/de.helite.com\/&#8221; url_new_window=&#8221;on&#8221; button_text=&#8221;Mehr erfahren&#8221; button_alignment=&#8221;left&#8221; _builder_version=&#8221;4.7.4&#8243; _module_preset=&#8221;default&#8221;][\/et_pb_button][\/et_pb_column][et_pb_column type=&#8221;2_5&#8243; module_class=&#8221;first-on-mobile&#8221; _builder_version=&#8221;4.7.4&#8243; _module_preset=&#8221;default&#8221;][et_pb_image src=&#8221;https:\/\/hipguard.eu\/wp-content\/uploads\/2021\/02\/maquette-site-hipguard-36-1.png&#8221; title_text=&#8221;maquette site hipguard-36&#8243; _builder_version=&#8221;4.7.4&#8243; _module_preset=&#8221;default&#8221;][\/et_pb_image][\/et_pb_column][\/et_pb_row][\/et_pb_section]<\/p>\n","protected":false},"excerpt":{"rendered":"<p>[et_pb_section fb_built=&#8221;1&#8243; fullwidth=&#8221;on&#8221; _builder_version=&#8221;4.7.4&#8243; _module_preset=&#8221;default&#8221; background_color=&#8221;rgba(212,252,245,0.51)&#8221; background_image=&#8221;https:\/\/hipguard.eu\/wp-content\/uploads\/2021\/01\/Banniere-titre-1440&#215;430-technologie.jpg&#8221; background_blend=&#8221;color-dodge&#8221; min_height=&#8221;391px&#8221; bottom_divider_style=&#8221;asymmetric2&#8243; bottom_divider_color=&#8221;#ffffff&#8221;][et_pb_fullwidth_header title=&#8221;\u00dcBER UNS&#8221; subhead=&#8221;Eine Technologie von HELITE&#8221; _builder_version=&#8221;4.7.4&#8243; _module_preset=&#8221;default&#8221; title_level=&#8221;h2&#8243; title_font_size=&#8221;60px&#8221; title_line_height=&#8221;1.4em&#8221; subhead_font=&#8221;|||on|||||&#8221; subhead_text_color=&#8221;#272250&#8243; subhead_font_size=&#8221;24px&#8221; background_color=&#8221;rgba(0,0,0,0)&#8221; background_enable_image=&#8221;off&#8221; title_font_size_tablet=&#8221;&#8221; title_font_size_phone=&#8221;37px&#8221; title_font_size_last_edited=&#8221;on|tablet&#8221;] Experte im Schutz von \u00e4lteren Menschen [\/et_pb_fullwidth_header][\/et_pb_section][et_pb_section fb_built=&#8221;1&#8243; _builder_version=&#8221;4.7.4&#8243; _module_preset=&#8221;default&#8221;][et_pb_row _builder_version=&#8221;4.7.4&#8243; _module_preset=&#8221;default&#8221;][et_pb_column type=&#8221;4_4&#8243; _builder_version=&#8221;4.7.4&#8243; _module_preset=&#8221;default&#8221;][et_pb_text _builder_version=&#8221;4.7.4&#8243; _module_preset=&#8221;default&#8221; header_3_text_color=&#8221;#000000&#8243; header_3_line_height=&#8221;1.2em&#8221; header_3_font_size_tablet=&#8221;&#8221; header_3_font_size_phone=&#8221;22px&#8221; header_3_font_size_last_edited=&#8221;on|tablet&#8221;] Hip&#8217;Guard ist ein [&hellip;]<\/p>\n","protected":false},"author":1,"featured_media":0,"parent":0,"menu_order":0,"comment_status":"closed","ping_status":"closed","template":"","meta":{"_et_pb_use_builder":"on","_et_pb_old_content":"","_et_gb_content_width":""},"yoast_head":"<!-- This site is optimized with the Yoast SEO Premium plugin v15.7 - https:\/\/yoast.com\/wordpress\/plugins\/seo\/ -->\n<title>Airbag-Schutz - \u00dcber unser Fachwissen<\/title>\n<meta name=\"description\" content=\"Als f\u00fchrendes Unternehmen auf dem Gebiet der pers\u00f6nlichen Schutzausr\u00fcstung hat Helite einen innovativen Airbag-Gurt entwickelt, der vor Oberschenkelhalsbr\u00fcchen sch\u00fctzt.\" \/>\n<meta name=\"robots\" content=\"index, follow, max-snippet:-1, max-image-preview:large, max-video-preview:-1\" \/>\n<link rel=\"canonical\" href=\"https:\/\/hipguard.eu\/de\/ueber-unser-fachwissen-im-airbag-schutz\/\" \/>\n<meta property=\"og:locale\" content=\"de_DE\" \/>\n<meta property=\"og:type\" content=\"article\" \/>\n<meta property=\"og:title\" content=\"Airbag-Schutz - \u00dcber unser Fachwissen\" \/>\n<meta property=\"og:description\" content=\"Als f\u00fchrendes Unternehmen auf dem Gebiet der pers\u00f6nlichen Schutzausr\u00fcstung hat Helite einen innovativen Airbag-Gurt entwickelt, der vor Oberschenkelhalsbr\u00fcchen sch\u00fctzt.\" \/>\n<meta property=\"og:url\" content=\"https:\/\/hipguard.eu\/de\/ueber-unser-fachwissen-im-airbag-schutz\/\" \/>\n<meta property=\"og:site_name\" content=\"Hip Guard\" \/>\n<meta property=\"article:modified_time\" content=\"2021-03-02T14:12:12+00:00\" \/>\n<meta name=\"twitter:card\" content=\"summary_large_image\" \/>\n<meta name=\"twitter:label1\" content=\"Gesch\u00e4tzte Lesezeit\">\n\t<meta name=\"twitter:data1\" content=\"4\u00a0Minuten\">\n<script type=\"application\/ld+json\" class=\"yoast-schema-graph\">{\"@context\":\"https:\/\/schema.org\",\"@graph\":[{\"@type\":\"Organization\",\"@id\":\"https:\/\/hipguard.eu\/#organization\",\"name\":\"HIP GUARD\",\"url\":\"https:\/\/hipguard.eu\/\",\"sameAs\":[],\"logo\":{\"@type\":\"ImageObject\",\"@id\":\"https:\/\/hipguard.eu\/#logo\",\"inLanguage\":\"de\",\"url\":\"https:\/\/hipguard.eu\/wp-content\/uploads\/2021\/02\/maquette-site-hipguard_favicon.png\",\"width\":512,\"height\":512,\"caption\":\"HIP GUARD\"},\"image\":{\"@id\":\"https:\/\/hipguard.eu\/#logo\"}},{\"@type\":\"WebSite\",\"@id\":\"https:\/\/hipguard.eu\/#website\",\"url\":\"https:\/\/hipguard.eu\/\",\"name\":\"Hip Guard\",\"description\":\"Ceinture airbag pour les hanches\",\"publisher\":{\"@id\":\"https:\/\/hipguard.eu\/#organization\"},\"potentialAction\":[{\"@type\":\"SearchAction\",\"target\":\"https:\/\/hipguard.eu\/?s={search_term_string}\",\"query-input\":\"required name=search_term_string\"}],\"inLanguage\":\"de\"},{\"@type\":\"WebPage\",\"@id\":\"https:\/\/hipguard.eu\/de\/ueber-unser-fachwissen-im-airbag-schutz\/#webpage\",\"url\":\"https:\/\/hipguard.eu\/de\/ueber-unser-fachwissen-im-airbag-schutz\/\",\"name\":\"Airbag-Schutz - \\u00dcber unser Fachwissen\",\"isPartOf\":{\"@id\":\"https:\/\/hipguard.eu\/#website\"},\"datePublished\":\"2021-01-21T10:04:19+00:00\",\"dateModified\":\"2021-03-02T14:12:12+00:00\",\"description\":\"Als f\\u00fchrendes Unternehmen auf dem Gebiet der pers\\u00f6nlichen Schutzausr\\u00fcstung hat Helite einen innovativen Airbag-Gurt entwickelt, der vor Oberschenkelhalsbr\\u00fcchen sch\\u00fctzt.\",\"inLanguage\":\"de\",\"potentialAction\":[{\"@type\":\"ReadAction\",\"target\":[\"https:\/\/hipguard.eu\/de\/ueber-unser-fachwissen-im-airbag-schutz\/\"]}]}]}<\/script>\n<!-- \/ Yoast SEO Premium plugin. -->","_links":{"self":[{"href":"https:\/\/hipguard.eu\/de\/wp-json\/wp\/v2\/pages\/893"}],"collection":[{"href":"https:\/\/hipguard.eu\/de\/wp-json\/wp\/v2\/pages"}],"about":[{"href":"https:\/\/hipguard.eu\/de\/wp-json\/wp\/v2\/types\/page"}],"author":[{"embeddable":true,"href":"https:\/\/hipguard.eu\/de\/wp-json\/wp\/v2\/users\/1"}],"replies":[{"embeddable":true,"href":"https:\/\/hipguard.eu\/de\/wp-json\/wp\/v2\/comments?post=893"}],"version-history":[{"count":9,"href":"https:\/\/hipguard.eu\/de\/wp-json\/wp\/v2\/pages\/893\/revisions"}],"predecessor-version":[{"id":1854,"href":"https:\/\/hipguard.eu\/de\/wp-json\/wp\/v2\/pages\/893\/revisions\/1854"}],"wp:attachment":[{"href":"https:\/\/hipguard.eu\/de\/wp-json\/wp\/v2\/media?parent=893"}],"curies":[{"name":"wp","href":"https:\/\/api.w.org\/{rel}","templated":true}]}}