{"id":880,"date":"2020-11-26T16:29:24","date_gmt":"2020-11-26T15:29:24","guid":{"rendered":"https:\/\/hipguard.eu\/contact\/"},"modified":"2021-04-07T11:11:50","modified_gmt":"2021-04-07T09:11:50","slug":"kontakt-hip-guard","status":"publish","type":"page","link":"https:\/\/hipguard.eu\/de\/kontakt-hip-guard\/","title":{"rendered":"KONTAKT"},"content":{"rendered":"<p>[et_pb_section fb_built=&#8221;1&#8243; fullwidth=&#8221;on&#8221; next_background_color=&#8221;#ffffff&#8221; admin_label=&#8221;Page Header&#8221; _builder_version=&#8221;4.7.4&#8243; background_color=&#8221;#87cdda&#8221; background_image=&#8221;https:\/\/hipguard.eu\/wp-content\/uploads\/2021\/02\/maquette-site-hipguard-27-1.png&#8221; background_blend=&#8221;multiply&#8221; transform_origin=&#8221;22%|-20%&#8221; bottom_divider_style=&#8221;asymmetric2&#8243; animation_direction=&#8221;top&#8221;][et_pb_fullwidth_header title=&#8221;Kontaktieren Sie uns&#8221; text_orientation=&#8221;center&#8221; admin_label=&#8221;Hero Section&#8221; _builder_version=&#8221;4.7.4&#8243; title_font=&#8221;|700|||||||&#8221; title_font_size=&#8221;60px&#8221; title_line_height=&#8221;1.4em&#8221; content_font_size=&#8221;22px&#8221; content_line_height=&#8221;1.8em&#8221; subhead_font=&#8221;||||&#8221; background_color=&#8221;rgba(0,0,0,0)&#8221; use_background_color_gradient=&#8221;on&#8221; background_color_gradient_start=&#8221;rgba(0,0,0,0)&#8221; background_color_gradient_end=&#8221;rgba(0,0,0,0)&#8221; background_blend=&#8221;color&#8221; custom_button_one=&#8221;on&#8221; button_one_text_size=&#8221;16px&#8221; button_one_bg_color=&#8221;#6eba01&#8243; button_one_border_width=&#8221;2px&#8221; button_one_border_color=&#8221;#6eba01&#8243; button_one_border_radius=&#8221;0&#8243; button_one_letter_spacing=&#8221;2&#8243; button_one_font=&#8221;Montserrat|||on|&#8221; button_one_use_icon=&#8221;off&#8221; custom_button_two=&#8221;on&#8221; button_two_text_size=&#8221;16px&#8221; button_two_border_width=&#8221;2px&#8221; button_two_border_color=&#8221;#ffffff&#8221; button_two_border_radius=&#8221;0&#8243; button_two_letter_spacing=&#8221;2&#8243; button_two_font=&#8221;Montserrat|||on|&#8221; button_two_use_icon=&#8221;off&#8221; module_alignment=&#8221;left&#8221; custom_padding=&#8221;||143px|||&#8221; animation_style=&#8221;fade&#8221; title_font_size_tablet=&#8221;&#8221; title_font_size_phone=&#8221;37px&#8221; title_font_size_last_edited=&#8221;on|phone&#8221; button_one_text_color_hover=&#8221;#6eba01&#8243; button_two_text_color_hover=&#8221;#6eba01&#8243; button_one_border_color_hover=&#8221;#ffffff&#8221; button_two_border_color_hover=&#8221;#ffffff&#8221; button_one_border_radius_hover=&#8221;0&#8243; button_two_border_radius_hover=&#8221;0&#8243; button_one_letter_spacing_hover=&#8221;2&#8243; button_two_letter_spacing_hover=&#8221;2&#8243; button_one_bg_color_hover=&#8221;#ffffff&#8221; button_two_bg_color_hover=&#8221;#ffffff&#8221; button_one_text_size__hover_enabled=&#8221;off&#8221; button_two_text_size__hover_enabled=&#8221;off&#8221; button_one_text_color__hover_enabled=&#8221;on&#8221; button_one_text_color__hover=&#8221;#6eba01&#8243; button_two_text_color__hover_enabled=&#8221;on&#8221; button_two_text_color__hover=&#8221;#6eba01&#8243; button_one_border_width__hover_enabled=&#8221;off&#8221; button_two_border_width__hover_enabled=&#8221;off&#8221; button_one_border_color__hover_enabled=&#8221;on&#8221; button_one_border_color__hover=&#8221;#ffffff&#8221; button_two_border_color__hover_enabled=&#8221;on&#8221; button_two_border_color__hover=&#8221;#ffffff&#8221; button_one_border_radius__hover_enabled=&#8221;on&#8221; button_one_border_radius__hover=&#8221;0&#8243; button_two_border_radius__hover_enabled=&#8221;on&#8221; button_two_border_radius__hover=&#8221;0&#8243; button_one_letter_spacing__hover_enabled=&#8221;on&#8221; button_one_letter_spacing__hover=&#8221;2&#8243; button_two_letter_spacing__hover_enabled=&#8221;on&#8221; button_two_letter_spacing__hover=&#8221;2&#8243; button_one_bg_color__hover_enabled=&#8221;on&#8221; button_one_bg_color__hover=&#8221;#ffffff&#8221; button_two_bg_color__hover_enabled=&#8221;on&#8221; button_two_bg_color__hover=&#8221;#ffffff&#8221;][\/et_pb_fullwidth_header][\/et_pb_section][et_pb_section fb_built=&#8221;1&#8243; admin_label=&#8221;Contact&#8221; _builder_version=&#8221;4.7.4&#8243; background_color=&#8221;#ffffff&#8221;][et_pb_row _builder_version=&#8221;3.25&#8243; max_width=&#8221;900px&#8221; use_custom_width=&#8221;on&#8221; custom_width_px=&#8221;900px&#8221;][et_pb_column type=&#8221;4_4&#8243; _builder_version=&#8221;3.25&#8243; custom_padding=&#8221;|||&#8221; custom_padding__hover=&#8221;|||&#8221;][et_pb_text _builder_version=&#8221;4.7.4&#8243; _module_preset=&#8221;default&#8221; text_font=&#8221;|600|||||||&#8221; text_text_color=&#8221;#272250&#8243;]<\/p>\n<p>Kontaktieren Sie uns und wir werden uns so schnell wie m\u00f6glich mit Ihnen in Verbindung setzen.<\/p>\n<p>[\/et_pb_text][et_pb_text _builder_version=&#8221;4.7.4&#8243; _module_preset=&#8221;default&#8221;]<\/p>\n<div id=\"quform-8de6b3\" class=\"quform quform-3 quform-support-page-caching\"><form id=\"quform-form-8de6b3\" class=\"quform-form quform-form-3\" action=\"\/de\/wp-json\/wp\/v2\/pages\/880#quform-8de6b3\" method=\"post\" enctype=\"multipart\/form-data\" novalidate=\"novalidate\" data-options=\"{&quot;id&quot;:3,&quot;uniqueId&quot;:&quot;8de6b3&quot;,&quot;theme&quot;:&quot;&quot;,&quot;ajax&quot;:true,&quot;logic&quot;:{&quot;logic&quot;:[],&quot;dependents&quot;:[],&quot;elementIds&quot;:[],&quot;dependentElementIds&quot;:[],&quot;animate&quot;:true},&quot;currentPageId&quot;:1,&quot;errorsIcon&quot;:&quot;&quot;,&quot;updateFancybox&quot;:true,&quot;hasPages&quot;:false,&quot;pages&quot;:[1],&quot;pageProgressType&quot;:&quot;numbers&quot;,&quot;tooltipsEnabled&quot;:true,&quot;tooltipClasses&quot;:&quot;qtip-quform-dark qtip-shadow&quot;,&quot;tooltipMy&quot;:&quot;left center&quot;,&quot;tooltipAt&quot;:&quot;right center&quot;,&quot;isRtl&quot;:false,&quot;scrollOffset&quot;:-50,&quot;scrollSpeed&quot;:800}\"><button class=\"quform-default-submit\" name=\"quform_submit\" type=\"submit\" value=\"submit\" aria-hidden=\"true\"><\/button><div class=\"quform-form-inner quform-form-inner-3\"><input type=\"hidden\" name=\"quform_form_id\" value=\"3\" \/><input type=\"hidden\" name=\"quform_form_uid\" value=\"8de6b3\" \/><input type=\"hidden\" name=\"quform_count\" value=\"1\" \/><input type=\"hidden\" name=\"form_url\" value=\"https:\/\/hipguard.eu\/de\/wp-json\/wp\/v2\/pages\/880\" \/><input type=\"hidden\" name=\"referring_url\" value=\"\" \/><input type=\"hidden\" name=\"post_id\" value=\"\" \/><input type=\"hidden\" name=\"post_title\" value=\"\" \/><input type=\"hidden\" name=\"quform_current_page_id\" value=\"1\" \/><input type=\"hidden\" name=\"quform_csrf_token\" value=\"3HHUuNijR6oSJltmX88qED2WtSeNFwzyXzLsmHQJ\" \/><div class=\"quform-elements quform-elements-3 quform-cf quform-responsive-elements-phone-landscape\"><div class=\"quform-element quform-element-page quform-page-1 quform-page-3_1 quform-cf quform-group-style-plain quform-first-page quform-last-page quform-current-page\"><div class=\"quform-child-elements\"><div class=\"quform-element quform-element-text quform-element-3_4 quform-cf quform-element-required\"><div class=\"quform-spacer\"><div class=\"quform-label quform-label-3_4\"><label class=\"quform-label-text\" for=\"quform_3_4_8de6b3\">Vorname, Nachname<span class=\"quform-required\">*<\/span><\/label><\/div><div class=\"quform-inner quform-inner-text quform-inner-3_4\"><div class=\"quform-input quform-input-text quform-input-3_4 quform-cf\"><input type=\"text\" id=\"quform_3_4_8de6b3\" name=\"quform_3_4\" class=\"quform-field quform-field-text quform-field-3_4\" \/><\/div><\/div><\/div><\/div><div class=\"quform-element quform-element-email quform-element-3_5 quform-cf quform-element-required\"><div class=\"quform-spacer\"><div class=\"quform-label quform-label-3_5\"><label class=\"quform-label-text\" for=\"quform_3_5_8de6b3\">E-Mail<span class=\"quform-required\">*<\/span><\/label><\/div><div class=\"quform-inner quform-inner-email quform-inner-3_5\"><div class=\"quform-input quform-input-email quform-input-3_5 quform-cf\"><input type=\"email\" id=\"quform_3_5_8de6b3\" name=\"quform_3_5\" class=\"quform-field quform-field-email quform-field-3_5\" \/><\/div><\/div><\/div><\/div><div class=\"quform-element quform-element-text quform-element-3_13 quform-cf quform-element-required\"><div class=\"quform-spacer\"><div class=\"quform-label quform-label-3_13\"><label class=\"quform-label-text\" for=\"quform_3_13_8de6b3\"> Telefon<span class=\"quform-required\">*<\/span><\/label><\/div><div class=\"quform-inner quform-inner-text quform-inner-3_13\"><div class=\"quform-input quform-input-text quform-input-3_13 quform-cf\"><input type=\"text\" id=\"quform_3_13_8de6b3\" name=\"quform_3_13\" class=\"quform-field quform-field-text quform-field-3_13\" \/><\/div><\/div><\/div><\/div><div class=\"quform-element quform-element-text quform-element-3_6 quform-cf quform-element-optional\"><div class=\"quform-spacer\"><div class=\"quform-label quform-label-3_6\"><label class=\"quform-label-text\" for=\"quform_3_6_8de6b3\">Land<\/label><\/div><div class=\"quform-inner quform-inner-text quform-inner-3_6\"><div class=\"quform-input quform-input-text quform-input-3_6 quform-cf\"><input type=\"text\" id=\"quform_3_6_8de6b3\" name=\"quform_3_6\" class=\"quform-field quform-field-text quform-field-3_6\" \/><\/div><\/div><\/div><\/div><div class=\"quform-element quform-element-select quform-element-3_7 quform-cf quform-element-required\"><div class=\"quform-spacer\"><div class=\"quform-label quform-label-3_7\"><label class=\"quform-label-text\" for=\"quform_3_7_8de6b3\">Betreff<span class=\"quform-required\">*<\/span><\/label><\/div><div class=\"quform-inner quform-inner-select quform-inner-3_7\"><div class=\"quform-input quform-input-select quform-input-3_7 quform-cf\"><select id=\"quform_3_7_8de6b3\" name=\"quform_3_7\" class=\"quform-field quform-field-select quform-field-3_7\"><option value=\"\" selected=\"selected\">Bitte ausw\u00e4hlen<\/option><option value=\"Fragen zum Hip&#039;Guard\">Fragen zum Hip&#039;Guard<\/option><option value=\"Kundenservice\">Kundenservice<\/option><option value=\"Vertrieb\">Vertrieb<\/option><option value=\"Presse\">Presse<\/option><option value=\"Sonstiges\">Sonstiges<\/option><\/select><\/div><\/div><\/div><\/div><div class=\"quform-element quform-element-textarea quform-element-3_8 quform-cf quform-element-optional\"><div class=\"quform-spacer\"><div class=\"quform-label quform-label-3_8\"><label class=\"quform-label-text\" for=\"quform_3_8_8de6b3\">Nachricht<\/label><\/div><div class=\"quform-inner quform-inner-textarea quform-inner-3_8\"><div class=\"quform-input quform-input-textarea quform-input-3_8 quform-cf\"><textarea id=\"quform_3_8_8de6b3\" name=\"quform_3_8\" class=\"quform-field quform-field-textarea quform-field-3_8\"><\/textarea><\/div><\/div><\/div><\/div><div class=\"quform-element quform-element-file quform-element-3_9 quform-cf quform-element-optional\"><div class=\"quform-spacer\"><div class=\"quform-label quform-label-3_9\"><label class=\"quform-label-text\" for=\"quform_3_9_8de6b3\">Datei<\/label><\/div><div class=\"quform-inner quform-inner-file quform-inner-3_9\"><div class=\"quform-input quform-input-file quform-input-3_9 quform-cf quform-button-style-theme\"><input type=\"file\" id=\"quform_3_9_8de6b3\" name=\"quform_3_9[]\" class=\"quform-field quform-field-file quform-field-3_9 quform-field-file-enhanced\" data-config=\"{&quot;id&quot;:9,&quot;identifier&quot;:&quot;3_9&quot;,&quot;name&quot;:&quot;quform_3_9&quot;,&quot;max&quot;:1,&quot;size&quot;:10485760,&quot;allowedExtensions&quot;:[&quot;jpg&quot;,&quot;jpeg&quot;,&quot;png&quot;,&quot;gif&quot;],&quot;notAllowedTypeWithFilename&quot;:&quot;Der Dateityp \\&quot;%filename%\\&quot; ist nicht erlaubt&quot;,&quot;tooBigWithFilename&quot;:&quot;Die Datei &#039;%filename%&#039; \\u00fcberschreitet die maximal zul\\u00e4ssige Dateigr\\u00f6\\u00dfe&quot;,&quot;tooMany&quot;:&quot;Sie k\\u00f6nnen nicht mehr als %max% Datei(en) senden&quot;,&quot;buttonType&quot;:&quot;button&quot;,&quot;buttonText&quot;:&quot;Durchsuchen&quot;,&quot;buttonIcon&quot;:&quot;qicon-file_upload&quot;,&quot;buttonIconPosition&quot;:&quot;right&quot;}\" \/><\/div><\/div><\/div><\/div><div class=\"quform-element quform-element-checkbox quform-element-3_10 quform-cf quform-element-required\"><div class=\"quform-spacer\"><div class=\"quform-label quform-label-3_10\"><label class=\"quform-label-text\" id=\"quform_3_10_8de6b3_label\">Mit dem Absenden dieses Formulars erkl\u00e4re ich mich damit einverstanden, dass die Daten zur Beantwortung meiner Anfrage in Bezug auf die angeforderten Produkte oder Dienstleistungen verwendet werden und best\u00e4tige, dass ich die Helite Datenschutzrichtlinie (Datenverarbeitung und -nutzung) gelesen habe, die am Fu\u00df der Website verf\u00fcgbar ist.<span class=\"quform-required\">*<\/span><\/label><\/div><div class=\"quform-inner quform-inner-checkbox quform-inner-3_10\"><div class=\"quform-input quform-input-checkbox quform-input-3_10 quform-cf\"><div class=\"quform-options quform-cf quform-options-block quform-options-simple\" role=\"group\" aria-labelledby=\"quform_3_10_8de6b3_label\"><div class=\"quform-option\"><input type=\"checkbox\" name=\"quform_3_10[]\" id=\"quform_3_10_8de6b3_1\" class=\"quform-field quform-field-checkbox quform-field-3_10 quform-field-3_10_1\" value=\"Ich bin einverstanden\" \/><label for=\"quform_3_10_8de6b3_1\" class=\"quform-option-label quform-option-label-3_10_1\"><span class=\"quform-option-text\">Ich bin einverstanden<\/span><\/label><\/div><\/div><\/div><\/div><\/div><\/div><div class=\"quform-element quform-element-captcha quform-element-3_11 quform-cf quform-element-required\"><div class=\"quform-spacer\"><div class=\"quform-label quform-label-3_11\"><label class=\"quform-label-text\" for=\"quform_3_11_8de6b3\">Bitte geben Sie die Zeichen ein<span class=\"quform-required\">*<\/span><\/label><\/div><div class=\"quform-inner quform-inner-captcha quform-inner-3_11\"><div class=\"quform-input quform-input-captcha quform-input-3_11 quform-cf\"><input type=\"text\" id=\"quform_3_11_8de6b3\" name=\"quform_3_11\" class=\"quform-field quform-field-captcha quform-field-3_11\" \/><\/div><div class=\"quform-captcha quform-cf\"><div class=\"quform-captcha-image quform-captcha-image-3_11\"><img loading=\"lazy\" src=\"data:image\/png;base64,iVBORw0KGgoAAAANSUhEUgAAAOYAAABQBAMAAAD\/1xTgAAAAG1BMVEX\/\/\/8iIiLj4+N0dHSsrKxZWVk9PT2QkJDHx8e+0hwjAAAACXBIWXMAAA7EAAAOxAGVKw4bAAAC8ElEQVRoge2XS1PbMBSFHWM7XvZAY1jaM+GxrAs0XcYtlC7rMsOwrJlh6JJA2m6d0tfPrh6JfS2pWAPtTBf6NolvLJ\/rq3skxfMcDofD4XA4HA6Hw+H4G+y9fdTwuLa5y\/9GVPwSifXzfUMsH1kMHFbAqG6uAFhL4rkhhmnvwJhJMlF6Wd9zOyUg4xpKi+EFcHoGXDSBhUWiEjYPSNXg7svecTHwngu3CWe43q2S\/pFSVI1oORgIsSGVp6vIAAe82tc2oqVa21lyoKnuqZEFPvCPXH5wIiZ4WYlUeqk21SSAdSXEuvJy8rWTGJ5J6ebWEPjIW2naL+njqRL5DjxRQiGvGpLTVyQx8ewMTcZD0biL9sX\/TICtI2UFifDOUyOSJNU0m1oGYlFYw1a\/JjczNlIayrT6ZEvNtkNy+TUjDl12lTpVBmTZOvUtNPcsUI9vmRvbZGayFkW74vnylQ121xgAkxddj+baylnwqWL90f6wkGnSkNSsLDQz7u1lFy6ptH6fcc0ZyFyFomO2QTSlmmY9A+IVItpteid7RSKeP0rbmyqM5rd0xfXKpFW+H1HIkGoGmj29+MYLqu4a80M2MlkDcj5Bvk0PibxC6o41o8VybnmCn\/OXvCM1mfGchjZeEXkN6CtEncldsqMa6tP5yf48jUhNCv69sFgTYpFXRjcv3Z5iy+tG1+QWXZACLYD5a5tdVE5ex5G6PUVlWXsfttUYCHuxTmolMt3pRr4ci0QbRw5vTPbkDbPZba5ImOQN3UYG4uBQa4MV+MJ3zj7L1VCup9uTVTapeT3X6ciro8+gvRdhb3\/SKymmCVtB3VSEVSw22BPi1BTS\/aYUlaTpxQe9eoKfbOhG3i4wzOI7uj2ZNU\/nv9KM9uTQrpJGxocXPOUreVUajxfValuhJgpumVceJMm5q5plcxumc2Cx0pw+WENnfLZasY6R6KcoX+xjsD\/B2pE2z0+Nv8cnh5XhVPrPGT\/uX5DD4XA4HA7Hf8NvSEBqvOjiqNoAAAAASUVORK5CYII=\" alt=\"CAPTCHA image\" data-element-id=\"11\" width=\"115\" height=\"40\" \/><\/div><\/div><p class=\"quform-description quform-description-below\">Dies hilft uns, Spam zu vermeiden, vielen Dank.<\/p><\/div><\/div><\/div><div class=\"quform-element quform-element-recaptcha quform-element-3_12 quform-cf quform-element-required\"><div class=\"quform-spacer\"><div class=\"quform-label quform-label-3_12\"><label class=\"quform-label-text\">Ich bin kein Roboter<span class=\"quform-required\">*<\/span><\/label><\/div><div class=\"quform-inner quform-inner-recaptcha quform-inner-3_12\"><div class=\"quform-input quform-input-recaptcha quform-input-3_12 quform-cf\"><div class=\"quform-recaptcha\" data-config=\"{&quot;sitekey&quot;:&quot;6Le-C4oaAAAAAFUjCI2MqxPf_u6Vabwa0DHhlkLY&quot;,&quot;_version&quot;:&quot;v2&quot;,&quot;size&quot;:&quot;normal&quot;,&quot;type&quot;:&quot;image&quot;,&quot;theme&quot;:&quot;light&quot;,&quot;badge&quot;:&quot;bottomright&quot;}\"><\/div><noscript><div><div style=\"width: 302px; height: 422px; position: relative;\"><div style=\"width: 302px; height: 422px; position: absolute;\"><iframe src=\"https:\/\/www.google.com\/recaptcha\/api\/fallback?k=6Le-C4oaAAAAAFUjCI2MqxPf_u6Vabwa0DHhlkLY\" frameborder=\"0\" scrolling=\"no\" style=\"width: 302px; height:422px; border-style: none;\"><\/iframe><\/div><\/div><div style=\"width: 300px; height: 60px; border-style: none; bottom: 12px; left: 25px; margin: 0px; padding: 0px; right: 25px; background: #f9f9f9; border: 1px solid #c1c1c1; border-radius: 3px;\"><textarea name=\"g-recaptcha-response\" class=\"g-recaptcha-response\" style=\"width: 250px; height: 40px; border: 1px solid #c1c1c1; margin: 10px 25px; padding: 0px; resize: none;\"><\/textarea><\/div><\/div><\/noscript><\/div><\/div><\/div><\/div><div class=\"quform-element quform-element-submit quform-element-3_2 quform-cf quform-button-style-theme\"><div class=\"quform-button-submit quform-button-submit-default quform-button-submit-3_2\"><button name=\"quform_submit\" type=\"submit\" class=\"quform-submit\" value=\"submit\"><span class=\"quform-button-text quform-button-submit-text\">Absenden<\/span><\/button><\/div><div class=\"quform-loading quform-loading-position-left quform-loading-type-spinner-1\"><div class=\"quform-loading-inner\"><div class=\"quform-loading-spinner\"><div class=\"quform-loading-spinner-inner\"><\/div><\/div><\/div><\/div><\/div><div class=\"quform-element-tree\"><label for=\"quform_3_0_8de6b3\">Dieses Feld sollte nicht ausgef\u00fcllt werden<\/label><input type=\"text\" id=\"quform_3_0_8de6b3\" name=\"quform_3_0\" class=\"quform-field quform-field-tree quform-field-3_0\" tabindex=\"-1\" autocomplete=\"off\" \/><\/div><\/div><\/div><\/div><div class=\"quform-upload-progress-wrap\"><div class=\"quform-upload-progress-bar-wrap\"><div class=\"quform-upload-progress-bar\"><\/div><\/div><div class=\"quform-upload-info quform-cf\"><div class=\"quform-upload-filename\"><\/div><\/div><\/div><\/div><\/form><\/div>\n<p>[\/et_pb_text][\/et_pb_column][\/et_pb_row][\/et_pb_section][et_pb_section fb_built=&#8221;1&#8243; _builder_version=&#8221;4.7.4&#8243; _module_preset=&#8221;default&#8221; background_color=&#8221;#87cdda&#8221;][et_pb_row column_structure=&#8221;1_2,1_2&#8243; make_equal=&#8221;on&#8221; _builder_version=&#8221;4.7.4&#8243; _module_preset=&#8221;default&#8221;][et_pb_column type=&#8221;1_2&#8243; _builder_version=&#8221;4.7.4&#8243; _module_preset=&#8221;default&#8221;][et_pb_code _builder_version=&#8221;4.7.4&#8243; _module_preset=&#8221;default&#8221;]<iframe width=\"100%\" height=\"300px\" frameborder=\"0\" allowfullscreen src=\"\/\/umap.openstreetmap.fr\/fr\/map\/contact-hipguard_539728?scaleControl=false&#038;miniMap=false&#038;scrollWheelZoom=false&#038;zoomControl=true&#038;allowEdit=false&#038;moreControl=true&#038;searchControl=null&#038;tilelayersControl=null&#038;embedControl=null&#038;datalayersControl=true&#038;onLoadPanel=undefined&#038;captionBar=false\"><\/iframe><pee><a href=\"\/\/umap.openstreetmap.fr\/fr\/map\/contact-hipguard_539728\">Voir en plein \u00e9cran<\/a><\/pee>[\/et_pb_code][\/et_pb_column][et_pb_column type=&#8221;1_2&#8243; _builder_version=&#8221;4.7.4&#8243; _module_preset=&#8221;default&#8221; custom_css_main_element=&#8221;margin:auto;&#8221;][et_pb_image src=&#8221;https:\/\/hipguard.eu\/wp-content\/uploads\/2021\/02\/HELITE-LOGO-blanc-simplifie_Plan-de-travail-1.png&#8221; title_text=&#8221;HELITE LOGO blanc &#8221; _builder_version=&#8221;4.7.4&#8243; _module_preset=&#8221;default&#8221; width=&#8221;34%&#8221; width_tablet=&#8221;&#8221; width_phone=&#8221;52%&#8221; width_last_edited=&#8221;on|desktop&#8221; module_alignment=&#8221;center&#8221; min_height_tablet=&#8221;&#8221; min_height_phone=&#8221;&#8221; min_height_last_edited=&#8221;on|phone&#8221;][\/et_pb_image][et_pb_text _builder_version=&#8221;4.7.4&#8243; _module_preset=&#8221;default&#8221; text_text_color=&#8221;#272250&#8243; header_3_text_align=&#8221;center&#8221; header_3_text_color=&#8221;#ffffff&#8221; text_orientation=&#8221;center&#8221;]<\/p>\n<h3><\/h3>\n<h3>ADRESSE:<\/h3>\n<p>1 RUE DE LA PETITE FIN<br \/> 21 121 FONTAINE LES DIJON<br \/> FRANKREICH<\/p>\n<p>&nbsp;<\/p>\n<p>[\/et_pb_text][\/et_pb_column][\/et_pb_row][\/et_pb_section]<\/p>\n","protected":false},"excerpt":{"rendered":"<p>[et_pb_section fb_built=&#8221;1&#8243; fullwidth=&#8221;on&#8221; next_background_color=&#8221;#ffffff&#8221; admin_label=&#8221;Page Header&#8221; _builder_version=&#8221;4.7.4&#8243; background_color=&#8221;#87cdda&#8221; background_image=&#8221;https:\/\/hipguard.eu\/wp-content\/uploads\/2021\/02\/maquette-site-hipguard-27-1.png&#8221; background_blend=&#8221;multiply&#8221; transform_origin=&#8221;22%|-20%&#8221; bottom_divider_style=&#8221;asymmetric2&#8243; animation_direction=&#8221;top&#8221;][et_pb_fullwidth_header title=&#8221;Kontaktieren Sie uns&#8221; text_orientation=&#8221;center&#8221; admin_label=&#8221;Hero Section&#8221; _builder_version=&#8221;4.7.4&#8243; title_font=&#8221;|700|||||||&#8221; title_font_size=&#8221;60px&#8221; title_line_height=&#8221;1.4em&#8221; content_font_size=&#8221;22px&#8221; content_line_height=&#8221;1.8em&#8221; subhead_font=&#8221;||||&#8221; background_color=&#8221;rgba(0,0,0,0)&#8221; use_background_color_gradient=&#8221;on&#8221; background_color_gradient_start=&#8221;rgba(0,0,0,0)&#8221; background_color_gradient_end=&#8221;rgba(0,0,0,0)&#8221; background_blend=&#8221;color&#8221; custom_button_one=&#8221;on&#8221; button_one_text_size=&#8221;16px&#8221; button_one_bg_color=&#8221;#6eba01&#8243; button_one_border_width=&#8221;2px&#8221; button_one_border_color=&#8221;#6eba01&#8243; button_one_border_radius=&#8221;0&#8243; button_one_letter_spacing=&#8221;2&#8243; button_one_font=&#8221;Montserrat|||on|&#8221; button_one_use_icon=&#8221;off&#8221; custom_button_two=&#8221;on&#8221; button_two_text_size=&#8221;16px&#8221; button_two_border_width=&#8221;2px&#8221; button_two_border_color=&#8221;#ffffff&#8221; button_two_border_radius=&#8221;0&#8243; button_two_letter_spacing=&#8221;2&#8243; button_two_font=&#8221;Montserrat|||on|&#8221; button_two_use_icon=&#8221;off&#8221; module_alignment=&#8221;left&#8221; custom_padding=&#8221;||143px|||&#8221; animation_style=&#8221;fade&#8221; title_font_size_tablet=&#8221;&#8221; title_font_size_phone=&#8221;37px&#8221; title_font_size_last_edited=&#8221;on|phone&#8221; button_one_text_color_hover=&#8221;#6eba01&#8243; [&hellip;]<\/p>\n","protected":false},"author":1,"featured_media":0,"parent":0,"menu_order":0,"comment_status":"closed","ping_status":"closed","template":"","meta":{"_et_pb_use_builder":"on","_et_pb_old_content":"","_et_gb_content_width":""},"yoast_head":"<!-- This site is optimized with the Yoast SEO Premium plugin v15.7 - https:\/\/yoast.com\/wordpress\/plugins\/seo\/ -->\n<title>Kontakt - Hip Guard - Haben Sie Fragen zu dem Airbag-Gurt?<\/title>\n<meta name=\"description\" content=\"Kontakt: Sie m\u00f6chten mehr Informationen zu unserem Hip Guard Airbag-Gurt? Schreiben Sie uns und wir setzen uns zeitnah mit Ihnen in Kontakt.\" \/>\n<meta name=\"robots\" content=\"index, follow, max-snippet:-1, max-image-preview:large, max-video-preview:-1\" \/>\n<link rel=\"canonical\" href=\"https:\/\/hipguard.eu\/de\/kontakt-hip-guard\/\" \/>\n<meta property=\"og:locale\" content=\"de_DE\" \/>\n<meta property=\"og:type\" content=\"article\" \/>\n<meta property=\"og:title\" content=\"Kontakt - Hip Guard - Haben Sie Fragen zu dem Airbag-Gurt?\" \/>\n<meta property=\"og:description\" content=\"Kontakt: Sie m\u00f6chten mehr Informationen zu unserem Hip Guard Airbag-Gurt? Schreiben Sie uns und wir setzen uns zeitnah mit Ihnen in Kontakt.\" \/>\n<meta property=\"og:url\" content=\"https:\/\/hipguard.eu\/de\/kontakt-hip-guard\/\" \/>\n<meta property=\"og:site_name\" content=\"Hip Guard\" \/>\n<meta property=\"article:modified_time\" content=\"2021-04-07T09:11:50+00:00\" \/>\n<meta name=\"twitter:card\" content=\"summary_large_image\" \/>\n<meta name=\"twitter:label1\" content=\"Gesch\u00e4tzte Lesezeit\">\n\t<meta name=\"twitter:data1\" content=\"3\u00a0Minuten\">\n<script type=\"application\/ld+json\" class=\"yoast-schema-graph\">{\"@context\":\"https:\/\/schema.org\",\"@graph\":[{\"@type\":\"Organization\",\"@id\":\"https:\/\/hipguard.eu\/#organization\",\"name\":\"HIP GUARD\",\"url\":\"https:\/\/hipguard.eu\/\",\"sameAs\":[],\"logo\":{\"@type\":\"ImageObject\",\"@id\":\"https:\/\/hipguard.eu\/#logo\",\"inLanguage\":\"de\",\"url\":\"https:\/\/hipguard.eu\/wp-content\/uploads\/2021\/02\/maquette-site-hipguard_favicon.png\",\"width\":512,\"height\":512,\"caption\":\"HIP GUARD\"},\"image\":{\"@id\":\"https:\/\/hipguard.eu\/#logo\"}},{\"@type\":\"WebSite\",\"@id\":\"https:\/\/hipguard.eu\/#website\",\"url\":\"https:\/\/hipguard.eu\/\",\"name\":\"Hip Guard\",\"description\":\"Ceinture airbag pour les hanches\",\"publisher\":{\"@id\":\"https:\/\/hipguard.eu\/#organization\"},\"potentialAction\":[{\"@type\":\"SearchAction\",\"target\":\"https:\/\/hipguard.eu\/?s={search_term_string}\",\"query-input\":\"required name=search_term_string\"}],\"inLanguage\":\"de\"},{\"@type\":\"WebPage\",\"@id\":\"https:\/\/hipguard.eu\/de\/kontakt-hip-guard\/#webpage\",\"url\":\"https:\/\/hipguard.eu\/de\/kontakt-hip-guard\/\",\"name\":\"Kontakt - Hip Guard - Haben Sie Fragen zu dem Airbag-Gurt?\",\"isPartOf\":{\"@id\":\"https:\/\/hipguard.eu\/#website\"},\"datePublished\":\"2020-11-26T15:29:24+00:00\",\"dateModified\":\"2021-04-07T09:11:50+00:00\",\"description\":\"Kontakt: Sie m\\u00f6chten mehr Informationen zu unserem Hip Guard Airbag-Gurt? Schreiben Sie uns und wir setzen uns zeitnah mit Ihnen in Kontakt.\",\"inLanguage\":\"de\",\"potentialAction\":[{\"@type\":\"ReadAction\",\"target\":[\"https:\/\/hipguard.eu\/de\/kontakt-hip-guard\/\"]}]}]}<\/script>\n<!-- \/ Yoast SEO Premium plugin. -->","_links":{"self":[{"href":"https:\/\/hipguard.eu\/de\/wp-json\/wp\/v2\/pages\/880"}],"collection":[{"href":"https:\/\/hipguard.eu\/de\/wp-json\/wp\/v2\/pages"}],"about":[{"href":"https:\/\/hipguard.eu\/de\/wp-json\/wp\/v2\/types\/page"}],"author":[{"embeddable":true,"href":"https:\/\/hipguard.eu\/de\/wp-json\/wp\/v2\/users\/1"}],"replies":[{"embeddable":true,"href":"https:\/\/hipguard.eu\/de\/wp-json\/wp\/v2\/comments?post=880"}],"version-history":[{"count":10,"href":"https:\/\/hipguard.eu\/de\/wp-json\/wp\/v2\/pages\/880\/revisions"}],"predecessor-version":[{"id":2099,"href":"https:\/\/hipguard.eu\/de\/wp-json\/wp\/v2\/pages\/880\/revisions\/2099"}],"wp:attachment":[{"href":"https:\/\/hipguard.eu\/de\/wp-json\/wp\/v2\/media?parent=880"}],"curies":[{"name":"wp","href":"https:\/\/api.w.org\/{rel}","templated":true}]}}