{"id":1022,"date":"2020-11-17T16:46:19","date_gmt":"2020-11-17T15:46:19","guid":{"rendered":"https:\/\/hipguard.eu\/mentions-legales-ceinture-airbag-hip-guard\/"},"modified":"2023-11-23T12:10:37","modified_gmt":"2023-11-23T11:10:37","slug":"rechtlicher-hinweis-airbag-gurt-hip-guard","status":"publish","type":"page","link":"https:\/\/hipguard.eu\/de\/rechtlicher-hinweis-airbag-gurt-hip-guard\/","title":{"rendered":"Rechtlicher Hinweis"},"content":{"rendered":"<p>[et_pb_section fb_built=&#8221;1&#8243; _builder_version=&#8221;3.22&#8243;][et_pb_row _builder_version=&#8221;3.25&#8243; background_size=&#8221;initial&#8221; background_position=&#8221;top_left&#8221; background_repeat=&#8221;repeat&#8221;][et_pb_column type=&#8221;4_4&#8243; _builder_version=&#8221;3.25&#8243; custom_padding=&#8221;|||&#8221; custom_padding__hover=&#8221;|||&#8221;][et_pb_text _builder_version=&#8221;4.7.4&#8243; header_2_text_color=&#8221;#000000&#8243; header_2_font_size=&#8221;21px&#8221; header_3_text_color=&#8221;#87cdda&#8221; background_size=&#8221;initial&#8221; background_position=&#8221;top_left&#8221; background_repeat=&#8221;repeat&#8221;]<\/p>\n<p>&nbsp;<\/p>\n<h2 style=\"text-align: center;\"><a href=\"https:\/\/hipguard.eu\/\">Hip&#8217;Guard<\/a> ist eine Airbag-Technologie, die von der Firma HELITE entwickelt wurde.<\/h2>\n<h2 style=\"text-align: center;\"><\/h2>\n<h3 style=\"text-align: center;\">Helite SAS<\/h3>\n<p style=\"text-align: center;\">SARL mit einem Kapital von 1 100 000 \u20ac<br \/>RCS B 883 586 869 Dijon<br \/> Code APE 4649Z<br \/> Identifizierungssystem des Unternehmensregisters: 883 586 869<br \/> Umsatzsteuer-Identifikationsnummer: FR06883586869<br \/> Hauptsitz: 1 rue de la petite fin \u2013 21121 Fontaine les Dijon \u2013 Frankreich<br \/> Verantwortlich f\u00fcr die Ver\u00f6ffentlichung: Thevenot G\u00e9rard<br \/> Gesch\u00e4ftsf\u00fchrer: Thevenot G\u00e9rard<\/p>\n<h3 style=\"text-align: center;\"><\/h3>\n<h3 style=\"text-align: center;\">Nutzungsbedingungen der Website hipguard.eu<\/h3>\n<p style=\"text-align: center;\">Die Website und alle auf ihr enthaltenen Elemente, einschlie\u00dflich und ohne Beschr\u00e4nkung Marken- und Produktnamen, Logos, Icons, Computergrafiken und Fotografien, unterliegen der internationalen Gesetzgebung zu Urheberrecht und geistigem Eigentum. Die Inhalte auf der Website sind Eigentum von Helite oder anderen Unternehmen. Jegliche Nutzung, Vervielf\u00e4ltigung oder Wiedergabe, egal in welcher Form und in jedwedem Medium, eines Teilinhalts oder der kompletten Website und\/oder der enthaltenen Elemente ohne ausdr\u00fcckliche Zustimmung ist ohne die ausdr\u00fcckliche Zustimmung von Helite nicht gestattet.<\/p>\n<h3 style=\"text-align: center;\"><\/h3>\n<h3 style=\"text-align: center;\">Pers\u00f6nliche Daten<\/h3>\n<p style=\"text-align: center;\">Im Allgemeinen k\u00f6nnen Sie unsere Seite im Internet besuchen, ohne Ihre Identit\u00e4t preiszugeben und pers\u00f6nliche Informationen \u00fcber sich selbst anzugeben. Es gibt jedoch F\u00e4lle, in denen wir Informationen von Ihnen anfordern. Zum Beispiel, um einen Auftrag zu bearbeiten oder, um eine Korrespondenz herzustellen. Diese Informationen helfen uns, eine Transaktion abzuschlie\u00dfen oder einen besseren Service zu bieten.<\/p>\n<p>[\/et_pb_text][\/et_pb_column][\/et_pb_row][\/et_pb_section]<\/p>\n","protected":false},"excerpt":{"rendered":"<p>[et_pb_section fb_built=&#8221;1&#8243; _builder_version=&#8221;3.22&#8243;][et_pb_row _builder_version=&#8221;3.25&#8243; background_size=&#8221;initial&#8221; background_position=&#8221;top_left&#8221; background_repeat=&#8221;repeat&#8221;][et_pb_column type=&#8221;4_4&#8243; _builder_version=&#8221;3.25&#8243; custom_padding=&#8221;|||&#8221; custom_padding__hover=&#8221;|||&#8221;][et_pb_text _builder_version=&#8221;4.7.4&#8243; header_2_text_color=&#8221;#000000&#8243; header_2_font_size=&#8221;21px&#8221; header_3_text_color=&#8221;#87cdda&#8221; background_size=&#8221;initial&#8221; background_position=&#8221;top_left&#8221; background_repeat=&#8221;repeat&#8221;] &nbsp; Hip&#8217;Guard ist eine Airbag-Technologie, die von der Firma HELITE entwickelt wurde. Helite SAS SARL mit einem Kapital von 1 100 000 \u20acRCS B 883 586 869 Dijon Code APE 4649Z Identifizierungssystem des Unternehmensregisters: 883 586 869 [&hellip;]<\/p>\n","protected":false},"author":1,"featured_media":0,"parent":0,"menu_order":0,"comment_status":"closed","ping_status":"closed","template":"","meta":{"_et_pb_use_builder":"on","_et_pb_old_content":"<div id=\"content\"><div class=\"ligne-complete\"><div class=\"contenu-ligne\"><div class=\"full\"><div class=\"row\"><div class=\"col-s-center col-s-12 col-l-8 marginTop40 marginBottom80\"><h1>Hip'Guard est une technologie d\u00e9velopp\u00e9e par la soci\u00e9t\u00e9 HELITE<\/h1><h1>Helite SARL<\/h1><div class=\"marginTop20\">SARL au capital de 50 000\u20ac<br \/>RCS de Dijon<br \/>Code APE 4649Z<\/div><div class=\"marginTop20\">Siret :\u00a044173514900029<br \/>N\u00b0 TVA : FR 92 44 17 35 149<br \/>Si\u00e8ge social : 1 rue de la petite fin \u2013 21121 Fontaine les Dijon \u2013 France<\/div><div class=\"marginTop20\"><div>Directeur de la publication : Thevenot G\u00e9rard<\/div><div>Pr\u00e9sident : Thevenot G\u00e9rard<\/div><\/div><\/div><\/div><div class=\"row\"><div class=\"col-l-1 col-l-center col-s-3 col-s-center separationBorder\">\u00a0<\/div><\/div><div class=\"row\"><div class=\"col-s-center col-s-12 col-l-8 marginTop80 marginBottom40\"><h3>Conditions d\u2019utilisation du site Internet hipguard.eu<\/h3><p>Le site et chacun des \u00e9l\u00e9ments, y compris mais sans limitation les marques, les logos, ic\u00f4nes, infographies, photographies, qui le composent sont prot\u00e9g\u00e9s au titre de la l\u00e9gislation internationale de la propri\u00e9t\u00e9 intellectuelle. Les contenus figurant sur le site sont la propri\u00e9t\u00e9 de la soci\u00e9t\u00e9 Helite ou d\u2019autres entreprises. Toute utilisation, reproduction ou repr\u00e9sentation, par quelque proc\u00e9d\u00e9 que ce soit, et sur quelque support que ce soit, de tout ou partie du site et\/ou des \u00e9l\u00e9ments qui le composent n\u2019est pas autoris\u00e9e sans le consentement expresse de Helite.<\/p><\/div><\/div><div class=\"row\"><div class=\"col-s-center col-s-12 col-l-8 marginTop40 marginBottom80\"><p>\u00a0<\/p><\/div><\/div><\/div><div id=\"data-perso\" class=\"full\"><div class=\"row\"><div class=\"col-s-center col-s-12 col-l-8 marginTop80 marginBottom80\"><h3>Donn\u00e9es personnelles<\/h3><p>D\u2019une fa\u00e7on g\u00e9n\u00e9rale, vous pouvez visiter notre site sur Internet sans avoir \u00e0 d\u00e9cliner votre identit\u00e9 et \u00e0 fournir des informations personnelles vous concernant. Cependant, nous pouvons parfois vous demander des informations. Par exemple, pour traiter une commande, \u00e9tablir une correspondance. Nous pouvons compl\u00e9ter ces informations pour conclure une transaction ou offrir un meilleur service.<\/p><\/div><\/div><\/div><\/div><\/div><\/div>","_et_gb_content_width":""},"yoast_head":"<!-- This site is optimized with the Yoast SEO Premium plugin v15.7 - https:\/\/yoast.com\/wordpress\/plugins\/seo\/ -->\n<title>Bedingungen und Konditionen - Rechtlicher Hinweis - Hip Guard .<\/title>\n<meta name=\"description\" content=\"In diesem Bereich finden Sie Kontaktinformationen, pers\u00f6nliche Daten und die Nutzungsbedingungen der Hip Guard Website.\" \/>\n<meta name=\"robots\" content=\"index, follow, max-snippet:-1, max-image-preview:large, max-video-preview:-1\" \/>\n<link rel=\"canonical\" href=\"https:\/\/hipguard.eu\/de\/rechtlicher-hinweis-airbag-gurt-hip-guard\/\" \/>\n<meta property=\"og:locale\" content=\"de_DE\" \/>\n<meta property=\"og:type\" content=\"article\" \/>\n<meta property=\"og:title\" content=\"Bedingungen und Konditionen - Rechtlicher Hinweis - Hip Guard .\" \/>\n<meta property=\"og:description\" content=\"In diesem Bereich finden Sie Kontaktinformationen, pers\u00f6nliche Daten und die Nutzungsbedingungen der Hip Guard Website.\" \/>\n<meta property=\"og:url\" content=\"https:\/\/hipguard.eu\/de\/rechtlicher-hinweis-airbag-gurt-hip-guard\/\" \/>\n<meta property=\"og:site_name\" content=\"Hip Guard\" \/>\n<meta property=\"article:modified_time\" content=\"2023-11-23T11:10:37+00:00\" \/>\n<meta name=\"twitter:card\" content=\"summary_large_image\" \/>\n<meta name=\"twitter:label1\" content=\"Gesch\u00e4tzte Lesezeit\">\n\t<meta name=\"twitter:data1\" content=\"1\u00a0Minute\">\n<script type=\"application\/ld+json\" class=\"yoast-schema-graph\">{\"@context\":\"https:\/\/schema.org\",\"@graph\":[{\"@type\":\"Organization\",\"@id\":\"https:\/\/hipguard.eu\/#organization\",\"name\":\"HIP GUARD\",\"url\":\"https:\/\/hipguard.eu\/\",\"sameAs\":[],\"logo\":{\"@type\":\"ImageObject\",\"@id\":\"https:\/\/hipguard.eu\/#logo\",\"inLanguage\":\"de\",\"url\":\"https:\/\/hipguard.eu\/wp-content\/uploads\/2021\/02\/maquette-site-hipguard_favicon.png\",\"width\":512,\"height\":512,\"caption\":\"HIP GUARD\"},\"image\":{\"@id\":\"https:\/\/hipguard.eu\/#logo\"}},{\"@type\":\"WebSite\",\"@id\":\"https:\/\/hipguard.eu\/#website\",\"url\":\"https:\/\/hipguard.eu\/\",\"name\":\"Hip Guard\",\"description\":\"Ceinture airbag pour les hanches\",\"publisher\":{\"@id\":\"https:\/\/hipguard.eu\/#organization\"},\"potentialAction\":[{\"@type\":\"SearchAction\",\"target\":\"https:\/\/hipguard.eu\/?s={search_term_string}\",\"query-input\":\"required name=search_term_string\"}],\"inLanguage\":\"de\"},{\"@type\":\"WebPage\",\"@id\":\"https:\/\/hipguard.eu\/de\/rechtlicher-hinweis-airbag-gurt-hip-guard\/#webpage\",\"url\":\"https:\/\/hipguard.eu\/de\/rechtlicher-hinweis-airbag-gurt-hip-guard\/\",\"name\":\"Bedingungen und Konditionen - Rechtlicher Hinweis - Hip Guard .\",\"isPartOf\":{\"@id\":\"https:\/\/hipguard.eu\/#website\"},\"datePublished\":\"2020-11-17T15:46:19+00:00\",\"dateModified\":\"2023-11-23T11:10:37+00:00\",\"description\":\"In diesem Bereich finden Sie Kontaktinformationen, pers\\u00f6nliche Daten und die Nutzungsbedingungen der Hip Guard Website.\",\"inLanguage\":\"de\",\"potentialAction\":[{\"@type\":\"ReadAction\",\"target\":[\"https:\/\/hipguard.eu\/de\/rechtlicher-hinweis-airbag-gurt-hip-guard\/\"]}]}]}<\/script>\n<!-- \/ Yoast SEO Premium plugin. -->","_links":{"self":[{"href":"https:\/\/hipguard.eu\/de\/wp-json\/wp\/v2\/pages\/1022"}],"collection":[{"href":"https:\/\/hipguard.eu\/de\/wp-json\/wp\/v2\/pages"}],"about":[{"href":"https:\/\/hipguard.eu\/de\/wp-json\/wp\/v2\/types\/page"}],"author":[{"embeddable":true,"href":"https:\/\/hipguard.eu\/de\/wp-json\/wp\/v2\/users\/1"}],"replies":[{"embeddable":true,"href":"https:\/\/hipguard.eu\/de\/wp-json\/wp\/v2\/comments?post=1022"}],"version-history":[{"count":7,"href":"https:\/\/hipguard.eu\/de\/wp-json\/wp\/v2\/pages\/1022\/revisions"}],"predecessor-version":[{"id":2602,"href":"https:\/\/hipguard.eu\/de\/wp-json\/wp\/v2\/pages\/1022\/revisions\/2602"}],"wp:attachment":[{"href":"https:\/\/hipguard.eu\/de\/wp-json\/wp\/v2\/media?parent=1022"}],"curies":[{"name":"wp","href":"https:\/\/api.w.org\/{rel}","templated":true}]}}