{"id":1018,"date":"2021-01-21T12:08:20","date_gmt":"2021-01-21T11:08:20","guid":{"rendered":"https:\/\/hipguard.eu\/tests-et-certifications\/"},"modified":"2021-07-22T15:23:31","modified_gmt":"2021-07-22T13:23:31","slug":"zertifizierung","status":"publish","type":"page","link":"https:\/\/hipguard.eu\/de\/zertifizierung\/","title":{"rendered":"ZERTIFIZIERUNGEN"},"content":{"rendered":"<p>[et_pb_section fb_built=&#8221;1&#8243; fullwidth=&#8221;on&#8221; next_background_color=&#8221;#ffffff&#8221; _builder_version=&#8221;4.7.4&#8243; _module_preset=&#8221;default&#8221; background_image=&#8221;https:\/\/hipguard.eu\/wp-content\/uploads\/2021\/01\/maquette-site-hipguard-30.png&#8221; min_height=&#8221;479px&#8221; max_height=&#8221;1000px&#8221; max_height_tablet=&#8221;&#8221; max_height_phone=&#8221;&#8221; max_height_last_edited=&#8221;on|phone&#8221; bottom_divider_style=&#8221;asymmetric2&#8243;][et_pb_fullwidth_header title=&#8221;Wirksamkeit und Zertifizierung&#8221; _builder_version=&#8221;4.7.4&#8243; _module_preset=&#8221;default&#8221; title_level=&#8221;h2&#8243; title_font=&#8221;|800||on|||||&#8221; title_text_align=&#8221;center&#8221; title_text_color=&#8221;#ffffff&#8221; title_font_size=&#8221;50px&#8221; title_line_height=&#8221;1.2em&#8221; subhead_font=&#8221;|800|||||||&#8221; subhead_text_color=&#8221;#ffffff&#8221; subhead_font_size=&#8221;30px&#8221; background_enable_color=&#8221;off&#8221; transform_translate=&#8221;44px|198px&#8221; title_font_size_tablet=&#8221;&#8221; title_font_size_phone=&#8221;37px&#8221; title_font_size_last_edited=&#8221;on|phone&#8221; title_text_shadow_style=&#8221;preset1&#8243; subhead_text_shadow_style=&#8221;preset1&#8243;][\/et_pb_fullwidth_header][\/et_pb_section][et_pb_section fb_built=&#8221;1&#8243; _builder_version=&#8221;4.7.4&#8243; _module_preset=&#8221;default&#8221;][et_pb_row _builder_version=&#8221;4.7.4&#8243; _module_preset=&#8221;default&#8221; background_color=&#8221;#272250&#8243; custom_margin=&#8221;19px||19px||true|false&#8221; custom_padding=&#8221;|13px||13px|false|true&#8221;][et_pb_column type=&#8221;4_4&#8243; _builder_version=&#8221;4.7.4&#8243; _module_preset=&#8221;default&#8221;][et_pb_text _builder_version=&#8221;4.7.4&#8243; _module_preset=&#8221;default&#8221;]<\/p>\n<h2 style=\"text-align: center;\">WARUM TESTS DURCHF\u00dcHREN UND EIN PRODUKT ZERTIFIEREN?<\/h2>\n<p>[\/et_pb_text][et_pb_text _builder_version=&#8221;4.7.4&#8243; _module_preset=&#8221;default&#8221; text_text_color=&#8221;#272250&#8243;]<\/p>\n<p style=\"text-align: center;\"><span style=\"color: #ffffff;\">Ein Produkt anzubieten, das unseren Anwendern Qualit\u00e4t und Effizienz garantiert, entspricht den Werten, die uns antreiben!<\/span><\/p>\n<p style=\"text-align: center;\"><span style=\"color: #ffffff;\">Wir wollten die Wirksamkeit unserer Airbag-Technologie beweisen.<\/span><\/p>\n<p style=\"text-align: center;\"><span style=\"color: #ffffff;\">Deshalb haben wir unabh\u00e4ngige Experten hinzugezogen, um die technologische Leistungsf\u00e4higkeit unseres Erkennungsalgorithmus sowie die Leistung unseres Airbag-Schutzes zu bewerten.<\/span><\/p>\n<p>[\/et_pb_text][\/et_pb_column][\/et_pb_row][et_pb_row column_structure=&#8221;1_2,1_2&#8243; make_equal=&#8221;on&#8221; _builder_version=&#8221;4.7.4&#8243; _module_preset=&#8221;default&#8221; background_color=&#8221;#87cdda&#8221; min_height=&#8221;642px&#8221; custom_padding=&#8221;||0px|||&#8221; border_style_all=&#8221;none&#8221;][et_pb_column type=&#8221;1_2&#8243; _builder_version=&#8221;4.7.4&#8243; _module_preset=&#8221;default&#8221;][et_pb_text content_last_edited=&#8221;off|desktop&#8221; _builder_version=&#8221;4.7.4&#8243; _module_preset=&#8221;default&#8221; text_text_color=&#8221;#272250&#8243; header_2_font=&#8221;|||on|||||&#8221; header_2_text_color=&#8221;#ffffff&#8221; header_2_font_size=&#8221;32px&#8221; header_2_line_height=&#8221;1.2em&#8221; custom_padding=&#8221;0px|26px||26px|false|false&#8221;]<\/p>\n<h2 style=\"text-align: left;\"><img loading=\"lazy\" src=\"https:\/\/hipguard.eu\/wp-content\/uploads\/2020\/11\/maquette-site-hipguard-11.png\" alt=\"\" class=\"wp-image-40 alignnone size-full\" width=\"75\" height=\"75\" \/> Sturzerkennung: EIN ZERTIFIZIERTER<br \/> und leistungsstarker ALGORITHMUS<\/h2>\n<p style=\"text-align: left;\"><span style=\"color: #ffffff;\">Hip&#8217;Guard verwendet einen leistungsstarken Algorithmus zur Sturzerkennung. Der Algorithmus wurde dank tausender Simulationen im Labor und unter realen Bedingungen entwickelt.<\/span><\/p>\n<p style=\"text-align: left;\"><span style=\"color: #ffffff;\">Diese Ergebnisse wurden von der Universit\u00e4t Grenoble-Alpes validiert, die insgesamt reale 828 St\u00fcrze und Alltagssituationen getestet hat.<\/span><\/p>\n<p style=\"text-align: left;\"><strong>Ergebnisse:<\/strong><br \/> <strong><\/strong><strong> &#8211; Airbag-Ausl\u00f6sung bei einem Seitensturz: 9 von 10 F\u00e4lle abgedeckt<br \/> &#8211; Fehlausl\u00f6sung: 1 %.<\/strong><\/p>\n<p>[\/et_pb_text][\/et_pb_column][et_pb_column type=&#8221;1_2&#8243; _builder_version=&#8221;4.7.4&#8243; _module_preset=&#8221;default&#8221; custom_css_main_element=&#8221; margin:auto;&#8221;][et_pb_image src=&#8221;https:\/\/hipguard.eu\/wp-content\/uploads\/2021\/02\/logo_UGA_blanc_orange_pied.png&#8221; alt=&#8221;universit\u00e9 qui a donn\u00e9 la certification pour la d\u00e9tection des chutes &#8221; title_text=&#8221;logo_UGA_blanc_orange_pied&#8221; _builder_version=&#8221;4.7.4&#8243; _module_preset=&#8221;default&#8221; width=&#8221;64%&#8221; module_alignment=&#8221;center&#8221;][\/et_pb_image][et_pb_button button_url=&#8221;https:\/\/hipguard.eu\/technologie\/&#8221; button_text=&#8221;Mehr erfahren&#8221; button_alignment=&#8221;center&#8221; _builder_version=&#8221;4.7.4&#8243; _module_preset=&#8221;default&#8221; background_layout=&#8221;dark&#8221;][\/et_pb_button][\/et_pb_column][\/et_pb_row][et_pb_row _builder_version=&#8221;4.7.4&#8243; _module_preset=&#8221;default&#8221; background_color=&#8221;rgba(0,0,0,0)&#8221; min_height=&#8221;478px&#8221; custom_padding=&#8221;||0px|||&#8221; border_style_all=&#8221;none&#8221;][et_pb_column type=&#8221;4_4&#8243; _builder_version=&#8221;4.7.4&#8243; _module_preset=&#8221;default&#8221;][et_pb_video src=&#8221;https:\/\/www.youtube.com\/watch?v=T6qmSAWHYvA&#8221; image_src=&#8221;https:\/\/hipguard.eu\/wp-content\/uploads\/2021\/02\/maquette-site-hipguard-32-2.png&#8221; play_icon_color=&#8221;#87cdda&#8221; thumbnail_overlay_color=&#8221;rgba(0,0,0,0.6)&#8221; _builder_version=&#8221;4.7.4&#8243; _module_preset=&#8221;default&#8221; min_height=&#8221;589px&#8221; min_height_tablet=&#8221;&#8221; min_height_phone=&#8221;217px&#8221; min_height_last_edited=&#8221;on|phone&#8221; custom_margin=&#8221;||0px||false|false&#8221; custom_padding=&#8221;||0px|||&#8221; hover_enabled=&#8221;0&#8243; sticky_enabled=&#8221;0&#8243;][\/et_pb_video][\/et_pb_column][\/et_pb_row][\/et_pb_section][et_pb_section fb_built=&#8221;1&#8243; _builder_version=&#8221;4.7.4&#8243; _module_preset=&#8221;default&#8221; custom_padding=&#8221;2px|||||&#8221;][et_pb_row column_structure=&#8221;3_5,2_5&#8243; _builder_version=&#8221;4.7.4&#8243; _module_preset=&#8221;default&#8221; background_color=&#8221;#87cdda&#8221; min_height=&#8221;294px&#8221; custom_padding=&#8221;||0px|||&#8221;][et_pb_column type=&#8221;3_5&#8243; _builder_version=&#8221;4.7.4&#8243; _module_preset=&#8221;default&#8221;][et_pb_text _builder_version=&#8221;4.7.4&#8243; _module_preset=&#8221;default&#8221; text_text_color=&#8221;#272250&#8243; header_text_align=&#8221;left&#8221; header_text_color=&#8221;#ffffff&#8221; header_2_font=&#8221;|||on|||||&#8221; header_2_text_align=&#8221;left&#8221; header_2_text_color=&#8221;#ffffff&#8221; header_2_font_size=&#8221;32px&#8221; header_2_line_height=&#8221;1.2em&#8221; width=&#8221;100%&#8221; custom_padding=&#8221;|26px||26px|false|false&#8221;]<\/p>\n<h2 style=\"text-align: left;\"><img loading=\"lazy\" src=\"https:\/\/hipguard.eu\/wp-content\/uploads\/2020\/11\/maquette-site-hipguard-11.png\" alt=\"\" class=\"wp-image-40 alignnone size-full\" width=\"75\" height=\"75\" \/>Hip&#8217;Guard: <br \/>Eine zertifizierte PSA<\/h2>\n<p style=\"text-align: left;\"><span style=\"color: #ffffff;\">Die Tests wurden vom unabh\u00e4ngigen franz\u00f6sischen Labor CRITT SL durchgef\u00fchrt, um die Wirksamkeit des Airbag-Gurts Hip&#8217;Guard zu zertifizieren.<\/span><em><\/em><\/p>\n<p style=\"text-align: left;\"><strong>Ergebnisse:<br \/> &#8211; <\/strong><strong>Hip\u2019Guard reduziert bei einem Sturz die Aufprallkraft<br \/> um 90%.<\/strong><br \/> &#8211; <strong>Hip\u2019Guard absorbiert 9 Mal mehr St\u00f6\u00dfe als ein<br \/> klassischer H\u00fcftprotektor.<\/strong><\/p>\n<p>[\/et_pb_text][\/et_pb_column][et_pb_column type=&#8221;2_5&#8243; _builder_version=&#8221;4.7.4&#8243; _module_preset=&#8221;default&#8221;][et_pb_image src=&#8221;https:\/\/hipguard.eu\/wp-content\/uploads\/2021\/02\/maquette-site-hipguard-31.png&#8221; title_text=&#8221;maquette site hipguard-31&#8243; url=&#8221;http:\/\/www.critt-sl.com\/&#8221; _builder_version=&#8221;4.7.4&#8243; _module_preset=&#8221;default&#8221;][\/et_pb_image][\/et_pb_column][\/et_pb_row][et_pb_row _builder_version=&#8221;4.7.4&#8243; _module_preset=&#8221;default&#8221; background_color=&#8221;#272250&#8243; custom_margin=&#8221;19px||19px||true|false&#8221; custom_padding=&#8221;|13px||13px|false|true&#8221;][et_pb_column type=&#8221;4_4&#8243; _builder_version=&#8221;4.7.4&#8243; _module_preset=&#8221;default&#8221;][et_pb_text _builder_version=&#8221;4.7.4&#8243; _module_preset=&#8221;default&#8221; text_text_color=&#8221;#272250&#8243;]<\/p>\n<p style=\"text-align: left;\"><span style=\"color: #ffffff;\">Nach Hunderten von Simulationen intern und mit spezialisierten Organisationen beweist die Zertifizierung unseres Algorithmus und der PSA die Wirksamkeit von Hip&#8217;Guard.<\/span><\/p>\n<p>[\/et_pb_text][\/et_pb_column][\/et_pb_row][\/et_pb_section]<\/p>\n","protected":false},"excerpt":{"rendered":"<p>[et_pb_section fb_built=&#8221;1&#8243; fullwidth=&#8221;on&#8221; next_background_color=&#8221;#ffffff&#8221; _builder_version=&#8221;4.7.4&#8243; _module_preset=&#8221;default&#8221; background_image=&#8221;https:\/\/hipguard.eu\/wp-content\/uploads\/2021\/01\/maquette-site-hipguard-30.png&#8221; min_height=&#8221;479px&#8221; max_height=&#8221;1000px&#8221; max_height_tablet=&#8221;&#8221; max_height_phone=&#8221;&#8221; max_height_last_edited=&#8221;on|phone&#8221; bottom_divider_style=&#8221;asymmetric2&#8243;][et_pb_fullwidth_header title=&#8221;Wirksamkeit und Zertifizierung&#8221; _builder_version=&#8221;4.7.4&#8243; _module_preset=&#8221;default&#8221; title_level=&#8221;h2&#8243; title_font=&#8221;|800||on|||||&#8221; title_text_align=&#8221;center&#8221; title_text_color=&#8221;#ffffff&#8221; title_font_size=&#8221;50px&#8221; title_line_height=&#8221;1.2em&#8221; subhead_font=&#8221;|800|||||||&#8221; subhead_text_color=&#8221;#ffffff&#8221; subhead_font_size=&#8221;30px&#8221; background_enable_color=&#8221;off&#8221; transform_translate=&#8221;44px|198px&#8221; title_font_size_tablet=&#8221;&#8221; title_font_size_phone=&#8221;37px&#8221; title_font_size_last_edited=&#8221;on|phone&#8221; title_text_shadow_style=&#8221;preset1&#8243; subhead_text_shadow_style=&#8221;preset1&#8243;][\/et_pb_fullwidth_header][\/et_pb_section][et_pb_section fb_built=&#8221;1&#8243; _builder_version=&#8221;4.7.4&#8243; _module_preset=&#8221;default&#8221;][et_pb_row _builder_version=&#8221;4.7.4&#8243; _module_preset=&#8221;default&#8221; background_color=&#8221;#272250&#8243; custom_margin=&#8221;19px||19px||true|false&#8221; custom_padding=&#8221;|13px||13px|false|true&#8221;][et_pb_column type=&#8221;4_4&#8243; _builder_version=&#8221;4.7.4&#8243; _module_preset=&#8221;default&#8221;][et_pb_text _builder_version=&#8221;4.7.4&#8243; _module_preset=&#8221;default&#8221;] WARUM TESTS DURCHF\u00dcHREN UND EIN PRODUKT ZERTIFIEREN? [\/et_pb_text][et_pb_text [&hellip;]<\/p>\n","protected":false},"author":1,"featured_media":0,"parent":0,"menu_order":0,"comment_status":"closed","ping_status":"closed","template":"","meta":{"_et_pb_use_builder":"on","_et_pb_old_content":"","_et_gb_content_width":""},"yoast_head":"<!-- This site is optimized with the Yoast SEO Premium plugin v15.7 - https:\/\/yoast.com\/wordpress\/plugins\/seo\/ -->\n<title>Hip Guard - Zertifizierung: Garantie f\u00fcr Qualit\u00e4t und Effizienz<\/title>\n<meta name=\"description\" content=\"Nach vielen Tests und Simulationen hat Helite einen leistungsstarken Algorithmus entwickelt, der zertifiziert wurde: eine Qualit\u00e4tsgarantie.\" \/>\n<meta name=\"robots\" content=\"index, follow, max-snippet:-1, max-image-preview:large, max-video-preview:-1\" \/>\n<link rel=\"canonical\" href=\"https:\/\/hipguard.eu\/de\/zertifizierung\/\" \/>\n<meta property=\"og:locale\" content=\"de_DE\" \/>\n<meta property=\"og:type\" content=\"article\" \/>\n<meta property=\"og:title\" content=\"Hip Guard - Zertifizierung: Garantie f\u00fcr Qualit\u00e4t und Effizienz\" \/>\n<meta property=\"og:description\" content=\"Nach vielen Tests und Simulationen hat Helite einen leistungsstarken Algorithmus entwickelt, der zertifiziert wurde: eine Qualit\u00e4tsgarantie.\" \/>\n<meta property=\"og:url\" content=\"https:\/\/hipguard.eu\/de\/zertifizierung\/\" \/>\n<meta property=\"og:site_name\" content=\"Hip Guard\" \/>\n<meta property=\"article:modified_time\" content=\"2021-07-22T13:23:31+00:00\" \/>\n<meta property=\"og:image\" content=\"https:\/\/hipguard.eu\/wp-content\/uploads\/2020\/11\/maquette-site-hipguard-11.png\" \/>\n<meta name=\"twitter:card\" content=\"summary_large_image\" \/>\n<meta name=\"twitter:label1\" content=\"Gesch\u00e4tzte Lesezeit\">\n\t<meta name=\"twitter:data1\" content=\"4\u00a0Minuten\">\n<script type=\"application\/ld+json\" class=\"yoast-schema-graph\">{\"@context\":\"https:\/\/schema.org\",\"@graph\":[{\"@type\":\"Organization\",\"@id\":\"https:\/\/hipguard.eu\/#organization\",\"name\":\"HIP GUARD\",\"url\":\"https:\/\/hipguard.eu\/\",\"sameAs\":[],\"logo\":{\"@type\":\"ImageObject\",\"@id\":\"https:\/\/hipguard.eu\/#logo\",\"inLanguage\":\"de\",\"url\":\"https:\/\/hipguard.eu\/wp-content\/uploads\/2021\/02\/maquette-site-hipguard_favicon.png\",\"width\":512,\"height\":512,\"caption\":\"HIP GUARD\"},\"image\":{\"@id\":\"https:\/\/hipguard.eu\/#logo\"}},{\"@type\":\"WebSite\",\"@id\":\"https:\/\/hipguard.eu\/#website\",\"url\":\"https:\/\/hipguard.eu\/\",\"name\":\"Hip Guard\",\"description\":\"Ceinture airbag pour les hanches\",\"publisher\":{\"@id\":\"https:\/\/hipguard.eu\/#organization\"},\"potentialAction\":[{\"@type\":\"SearchAction\",\"target\":\"https:\/\/hipguard.eu\/?s={search_term_string}\",\"query-input\":\"required name=search_term_string\"}],\"inLanguage\":\"de\"},{\"@type\":\"ImageObject\",\"@id\":\"https:\/\/hipguard.eu\/de\/zertifizierung\/#primaryimage\",\"inLanguage\":\"de\",\"url\":\"https:\/\/hipguard.eu\/wp-content\/uploads\/2020\/11\/maquette-site-hipguard-11.png\",\"width\":75,\"height\":75},{\"@type\":\"WebPage\",\"@id\":\"https:\/\/hipguard.eu\/de\/zertifizierung\/#webpage\",\"url\":\"https:\/\/hipguard.eu\/de\/zertifizierung\/\",\"name\":\"Hip Guard - Zertifizierung: Garantie f\\u00fcr Qualit\\u00e4t und Effizienz\",\"isPartOf\":{\"@id\":\"https:\/\/hipguard.eu\/#website\"},\"primaryImageOfPage\":{\"@id\":\"https:\/\/hipguard.eu\/de\/zertifizierung\/#primaryimage\"},\"datePublished\":\"2021-01-21T11:08:20+00:00\",\"dateModified\":\"2021-07-22T13:23:31+00:00\",\"description\":\"Nach vielen Tests und Simulationen hat Helite einen leistungsstarken Algorithmus entwickelt, der zertifiziert wurde: eine Qualit\\u00e4tsgarantie.\",\"inLanguage\":\"de\",\"potentialAction\":[{\"@type\":\"ReadAction\",\"target\":[\"https:\/\/hipguard.eu\/de\/zertifizierung\/\"]}]}]}<\/script>\n<!-- \/ Yoast SEO Premium plugin. -->","_links":{"self":[{"href":"https:\/\/hipguard.eu\/de\/wp-json\/wp\/v2\/pages\/1018"}],"collection":[{"href":"https:\/\/hipguard.eu\/de\/wp-json\/wp\/v2\/pages"}],"about":[{"href":"https:\/\/hipguard.eu\/de\/wp-json\/wp\/v2\/types\/page"}],"author":[{"embeddable":true,"href":"https:\/\/hipguard.eu\/de\/wp-json\/wp\/v2\/users\/1"}],"replies":[{"embeddable":true,"href":"https:\/\/hipguard.eu\/de\/wp-json\/wp\/v2\/comments?post=1018"}],"version-history":[{"count":17,"href":"https:\/\/hipguard.eu\/de\/wp-json\/wp\/v2\/pages\/1018\/revisions"}],"predecessor-version":[{"id":2401,"href":"https:\/\/hipguard.eu\/de\/wp-json\/wp\/v2\/pages\/1018\/revisions\/2401"}],"wp:attachment":[{"href":"https:\/\/hipguard.eu\/de\/wp-json\/wp\/v2\/media?parent=1018"}],"curies":[{"name":"wp","href":"https:\/\/api.w.org\/{rel}","templated":true}]}}